{"id":7564,"date":"2021-12-30T00:34:34","date_gmt":"2021-12-30T00:34:34","guid":{"rendered":"https:\/\/dev2.rockofages.com\/warranty\/"},"modified":"2022-02-04T16:36:53","modified_gmt":"2022-02-04T16:36:53","slug":"garantie","status":"publish","type":"page","link":"https:\/\/rockofages.com\/fr\/garantie\/","title":{"rendered":"Garantie"},"content":{"rendered":"\n<div class=\"wp-block-group alignfull group-no-padding has-rust-lt-background-color has-background is-layout-flow wp-block-group-is-layout-flow\"><div class=\"wp-block-group__inner-container\">\n<div style=\"height:60px\" aria-hidden=\"true\" class=\"wp-block-spacer sm-30-high\"><\/div>\n\n\n\n<h2 class=\"alignfull has-text-align-center is-style-if-roa-heading is-style-if-roa-feat-heading-2 has-navy-color has-text-color wp-block-heading\" id=\"une-promesse-gravee-dans-la-pierre\">Une promesse grav\u00e9e dans la pierre.<\/h2>\n\n\n\n<div style=\"height:60px\" aria-hidden=\"true\" class=\"wp-block-spacer sm-30-high\"><\/div>\n<\/div><\/div>\n\n\n\n<figure class=\"wp-block-image alignfull size-full warranty-image\"><img loading=\"lazy\" decoding=\"async\" width=\"2560\" height=\"768\" src=\"https:\/\/rockofages.com\/wp-content\/uploads\/2021\/12\/imagewide4000-scaled.jpg\" alt=\"\" class=\"wp-image-7540\" srcset=\"https:\/\/rockofages.com\/wp-content\/uploads\/2021\/12\/imagewide4000-scaled.jpg 2560w, https:\/\/rockofages.com\/wp-content\/uploads\/2021\/12\/imagewide4000-scaled-300x90.jpg 300w, https:\/\/rockofages.com\/wp-content\/uploads\/2021\/12\/imagewide4000-scaled-1024x307.jpg 1024w, https:\/\/rockofages.com\/wp-content\/uploads\/2021\/12\/imagewide4000-scaled-768x230.jpg 768w, https:\/\/rockofages.com\/wp-content\/uploads\/2021\/12\/imagewide4000-scaled-1536x461.jpg 1536w, https:\/\/rockofages.com\/wp-content\/uploads\/2021\/12\/imagewide4000-scaled-2048x614.jpg 2048w\" sizes=\"auto, (max-width: 2560px) 100vw, 2560px\" \/><\/figure>\n\n\n\n<div class=\"wp-block-group alignfull group-no-padding has-navy-md-background-color has-background is-layout-flow wp-block-group-is-layout-flow\"><div class=\"wp-block-group__inner-container\">\n<div style=\"height:160px\" aria-hidden=\"true\" class=\"wp-block-spacer sm-30-high\"><\/div>\n\n\n\n<h2 class=\"alignfull has-text-align-center is-style-if-roa-feat-heading-1 has-white-color has-text-color wp-block-heading\" id=\"la-plupart-des-choses-ne-sont-pas-eternelles-mais-certaines-le-sont\">La plupart des choses ne sont pas \u00e9ternelles.<br>Mais certaines le sont.<\/h2>\n\n\n\n<div class=\"wp-block-columns warranty-cols is-layout-flex wp-container-core-columns-is-layout-28f84493 wp-block-columns-is-layout-flex\">\n<div class=\"wp-block-column is-layout-flow wp-block-column-is-layout-flow\">\n<p class=\"has-text-align-center strikethrough has-white-color has-text-color\">SANS FISSURE<\/p>\n<\/div>\n\n\n\n<div class=\"wp-block-column is-layout-flow wp-block-column-is-layout-flow\">\n<p class=\"has-text-align-center strikethrough has-white-color has-text-color\">SANS RAYURE<\/p>\n<\/div>\n\n\n\n<div class=\"wp-block-column is-layout-flow wp-block-column-is-layout-flow\">\n<p class=\"has-text-align-center strikethrough has-white-color has-text-color\">SANS D\u00c9FAUT<\/p>\n<\/div>\n<\/div>\n\n\n\n<div style=\"height:160px\" aria-hidden=\"true\" class=\"wp-block-spacer sm-30-high\"><\/div>\n<\/div><\/div>\n\n\n\n<div class=\"wp-block-media-text alignwide is-stacked-on-mobile\"><figure class=\"wp-block-media-text__media\"><img loading=\"lazy\" decoding=\"async\" width=\"470\" height=\"570\" src=\"https:\/\/rockofages.com\/wp-content\/uploads\/2021\/12\/warrantyvertical.jpg\" alt=\"\" class=\"wp-image-7553 size-full\" srcset=\"https:\/\/rockofages.com\/wp-content\/uploads\/2021\/12\/warrantyvertical.jpg 470w, https:\/\/rockofages.com\/wp-content\/uploads\/2021\/12\/warrantyvertical-247x300.jpg 247w\" sizes=\"auto, (max-width: 470px) 100vw, 470px\" \/><\/figure><div class=\"wp-block-media-text__content\">\n<h2 class=\"is-style-ibf-roa-navy-heading wp-block-heading\" id=\"garantie-sans-limites\">Garantie sans limites<\/h2>\n\n\n\n<p class=\"is-style-if-roa-prod-text-1 has-navy-color has-text-color\">Nous nous engageons \u00e0 fabriquer les monuments les plus durables au monde. Rock of Ages promet la conservation de leur beaut\u00e9 gr\u00e2ce \u00e0 la garantie la plus compl\u00e8te de l\u2019industrie. Si un produit portant notre sceau distinctif vient \u00e0 pr\u00e9senter une fissure, une rayure ou un d\u00e9faut au fil du temps, Rock of Ages le remplacera.<\/p>\n\n\n\n<p class=\"is-style-if-roa-prod-text-1 has-navy-color has-text-color\">Nos produits n\u2019ont aucune date d\u2019expiration, peu importe la situation. Nous vous en faisons la promesse solennelle.<\/p>\n<\/div><\/div>\n\n\n\n<div class=\"wp-block-group alignfull has-grey-vlt-background-color has-background is-layout-flow wp-block-group-is-layout-flow\"><div class=\"wp-block-group__inner-container\">\n<h2 class=\"has-text-align-center is-style-if-roa-prod-head-1 wp-block-heading\" id=\"garanties-les-plus-completes-en-amerique-pour-les-meilleurs-granites-au-monde\">Garanties les plus compl\u00e8tes en Am\u00e9rique pour les meilleurs granites au monde<\/h2>\n\n\n\n<div class=\"wp-block-group group-no-padding is-layout-flow wp-block-group-is-layout-flow\"><div class=\"wp-block-group__inner-container\">\n<div style=\"height:15px\" aria-hidden=\"true\" class=\"wp-block-spacer\"><\/div>\n\n\n\n<p class=\"has-text-align-center is-style-default has-navy-color has-text-color\">Les garanties de Rock of Ages prot\u00e8gent \u00e0 perp\u00e9tuit\u00e9 contre les fissures, les rayures et les d\u00e9fauts. La fiducie perp\u00e9tuelle est soutenue par la Wilmington Trust Company du Delaware et toutes les garanties sont transf\u00e9rables aux h\u00e9ritiers d\u00e9sign\u00e9s ou \u00e0 la gestion du cimeti\u00e8re. <\/p>\n<\/div><\/div>\n<\/div><\/div>\n\n\n\n<div class=\"wp-block-group alignfull has-rust-lt-background-color has-background is-layout-flow wp-block-group-is-layout-flow\"><div class=\"wp-block-group__inner-container\">\n<h2 class=\"has-text-align-center is-style-if-roa-prod-head-1 has-navy-color has-text-color wp-block-heading\" id=\"enregistrez-votre-garantie\">Enregistrez votre garantie<\/h2>\n\n\n\n<p class=\"has-text-align-center is-style-if-roa-prod-text-1 has-navy-color has-text-color\">Veuillez remplir le formulaire ci-dessous pour activer votre garantie.<\/p>\n\n\n\n\t\t\t\t\t\t<script>\n\t\t\t\t\t\t\twindow.hsFormsOnReady = window.hsFormsOnReady || [];\n\t\t\t\t\t\t\twindow.hsFormsOnReady.push(()=>{\n\t\t\t\t\t\t\t\thbspt.forms.create({\n\t\t\t\t\t\t\t\t\tportalId: 401758,\n\t\t\t\t\t\t\t\t\tformId: \"90597db8-ec2c-41eb-9514-be3bb4e340ad\",\n\t\t\t\t\t\t\t\t\ttarget: \"#hbspt-form-1776817233000-3055671438\",\n\t\t\t\t\t\t\t\t\tregion: \"na1\",\n\t\t\t\t\t\t\t\t\t\n\t\t\t\t\t\t\t})});\n\t\t\t\t\t\t<\/script>\n\t\t\t\t\t\t<div class=\"hbspt-form\" id=\"hbspt-form-1776817233000-3055671438\"><\/div>\n<\/div><\/div>\n","protected":false},"excerpt":{"rendered":"<p>Une promesse grav\u00e9e dans la pierre. La plupart des choses ne sont pas \u00e9ternelles.Mais certaines le sont. SANS FISSURE SANS RAYURE SANS D\u00c9FAUT Garantie sans limites Nous nous engageons \u00e0 fabriquer les monuments les plus durables au monde. Rock of Ages promet la conservation de leur beaut\u00e9 gr\u00e2ce \u00e0 la garantie la plus compl\u00e8te de [&hellip;]<\/p>\n","protected":false},"author":2,"featured_media":0,"parent":0,"menu_order":0,"comment_status":"closed","ping_status":"closed","template":"","meta":{"_acf_changed":false,"_editorskit_title_hidden":false,"_editorskit_reading_time":1,"_editorskit_is_block_options_detached":false,"_editorskit_block_options_position":"{}","content-type":"","_uag_custom_page_level_css":"","site-sidebar-layout":"default","site-content-layout":"","ast-site-content-layout":"default","site-content-style":"default","site-sidebar-style":"default","ast-global-header-display":"","ast-banner-title-visibility":"","ast-main-header-display":"","ast-hfb-above-header-display":"","ast-hfb-below-header-display":"","ast-hfb-mobile-header-display":"","site-post-title":"","ast-breadcrumbs-content":"","ast-featured-img":"","footer-sml-layout":"","ast-disable-related-posts":"","theme-transparent-header-meta":"","adv-header-id-meta":"","stick-header-meta":"","header-above-stick-meta":"","header-main-stick-meta":"","header-below-stick-meta":"","astra-migrate-meta-layouts":"default","ast-page-background-enabled":"default","ast-page-background-meta":{"desktop":{"background-color":"var(--ast-global-color-4)","background-image":"","background-repeat":"repeat","background-position":"center center","background-size":"auto","background-attachment":"scroll","background-type":"","background-media":"","overlay-type":"","overlay-color":"","overlay-opacity":"","overlay-gradient":""},"tablet":{"background-color":"","background-image":"","background-repeat":"repeat","background-position":"center center","background-size":"auto","background-attachment":"scroll","background-type":"","background-media":"","overlay-type":"","overlay-color":"","overlay-opacity":"","overlay-gradient":""},"mobile":{"background-color":"","background-image":"","background-repeat":"repeat","background-position":"center center","background-size":"auto","background-attachment":"scroll","background-type":"","background-media":"","overlay-type":"","overlay-color":"","overlay-opacity":"","overlay-gradient":""}},"ast-content-background-meta":{"desktop":{"background-color":"var(--ast-global-color-5)","background-image":"","background-repeat":"repeat","background-position":"center center","background-size":"auto","background-attachment":"scroll","background-type":"","background-media":"","overlay-type":"","overlay-color":"","overlay-opacity":"","overlay-gradient":""},"tablet":{"background-color":"var(--ast-global-color-5)","background-image":"","background-repeat":"repeat","background-position":"center center","background-size":"auto","background-attachment":"scroll","background-type":"","background-media":"","overlay-type":"","overlay-color":"","overlay-opacity":"","overlay-gradient":""},"mobile":{"background-color":"var(--ast-global-color-5)","background-image":"","background-repeat":"repeat","background-position":"center center","background-size":"auto","background-attachment":"scroll","background-type":"","background-media":"","overlay-type":"","overlay-color":"","overlay-opacity":"","overlay-gradient":""}},"footnotes":""},"class_list":["post-7564","page","type-page","status-publish","hentry"],"acf":[],"yoast_head":"<!-- This site is optimized with the Yoast SEO plugin v27.2 - https:\/\/yoast.com\/product\/yoast-seo-wordpress\/ -->\n<title>Garantie - Rock of Ages | Handcrafted monuments<\/title>\n<meta name=\"robots\" content=\"index, follow, max-snippet:-1, max-image-preview:large, max-video-preview:-1\" \/>\n<link rel=\"canonical\" href=\"https:\/\/rockofages.com\/fr\/garantie\/\" \/>\n<meta property=\"og:locale\" content=\"fr_FR\" \/>\n<meta property=\"og:type\" content=\"article\" \/>\n<meta property=\"og:title\" content=\"Garantie - Rock of Ages | Handcrafted monuments\" \/>\n<meta property=\"og:description\" content=\"Une promesse grav\u00e9e dans la pierre. La plupart des choses ne sont pas \u00e9ternelles.Mais certaines le sont. SANS FISSURE SANS RAYURE SANS D\u00c9FAUT Garantie sans limites Nous nous engageons \u00e0 fabriquer les monuments les plus durables au monde. Rock of Ages promet la conservation de leur beaut\u00e9 gr\u00e2ce \u00e0 la garantie la plus compl\u00e8te de [&hellip;]\" \/>\n<meta property=\"og:url\" content=\"https:\/\/rockofages.com\/fr\/garantie\/\" \/>\n<meta property=\"og:site_name\" content=\"Rock of Ages | Handcrafted monuments\" \/>\n<meta property=\"article:modified_time\" content=\"2022-02-04T16:36:53+00:00\" \/>\n<meta property=\"og:image\" content=\"https:\/\/rockofages.com\/wp-content\/uploads\/2021\/12\/imagewide4000-scaled.jpg\" \/>\n<meta name=\"twitter:card\" content=\"summary_large_image\" \/>\n<meta name=\"twitter:label1\" content=\"Dur\u00e9e de lecture estim\u00e9e\" \/>\n\t<meta name=\"twitter:data1\" content=\"2 minutes\" \/>\n<script type=\"application\/ld+json\" class=\"yoast-schema-graph\">{\"@context\":\"https:\/\/schema.org\",\"@graph\":[{\"@type\":\"WebPage\",\"@id\":\"https:\/\/rockofages.com\/fr\/garantie\/\",\"url\":\"https:\/\/rockofages.com\/fr\/garantie\/\",\"name\":\"Garantie - Rock of Ages | Handcrafted monuments\",\"isPartOf\":{\"@id\":\"https:\/\/rockofages.com\/fr\/#website\"},\"primaryImageOfPage\":{\"@id\":\"https:\/\/rockofages.com\/fr\/garantie\/#primaryimage\"},\"image\":{\"@id\":\"https:\/\/rockofages.com\/fr\/garantie\/#primaryimage\"},\"thumbnailUrl\":\"https:\/\/rockofages.com\/wp-content\/uploads\/2021\/12\/imagewide4000-scaled.jpg\",\"datePublished\":\"2021-12-30T00:34:34+00:00\",\"dateModified\":\"2022-02-04T16:36:53+00:00\",\"breadcrumb\":{\"@id\":\"https:\/\/rockofages.com\/fr\/garantie\/#breadcrumb\"},\"inLanguage\":\"fr-FR\",\"potentialAction\":[{\"@type\":\"ReadAction\",\"target\":[\"https:\/\/rockofages.com\/fr\/garantie\/\"]}]},{\"@type\":\"ImageObject\",\"inLanguage\":\"fr-FR\",\"@id\":\"https:\/\/rockofages.com\/fr\/garantie\/#primaryimage\",\"url\":\"https:\/\/rockofages.com\/wp-content\/uploads\/2021\/12\/imagewide4000-scaled.jpg\",\"contentUrl\":\"https:\/\/rockofages.com\/wp-content\/uploads\/2021\/12\/imagewide4000-scaled.jpg\"},{\"@type\":\"BreadcrumbList\",\"@id\":\"https:\/\/rockofages.com\/fr\/garantie\/#breadcrumb\",\"itemListElement\":[{\"@type\":\"ListItem\",\"position\":1,\"name\":\"Home\",\"item\":\"https:\/\/rockofages.com\/fr\/\"},{\"@type\":\"ListItem\",\"position\":2,\"name\":\"Garantie\"}]},{\"@type\":\"WebSite\",\"@id\":\"https:\/\/rockofages.com\/fr\/#website\",\"url\":\"https:\/\/rockofages.com\/fr\/\",\"name\":\"Rock of Ages | Handcrafted monuments\",\"description\":\"\",\"publisher\":{\"@id\":\"https:\/\/rockofages.com\/fr\/#organization\"},\"potentialAction\":[{\"@type\":\"SearchAction\",\"target\":{\"@type\":\"EntryPoint\",\"urlTemplate\":\"https:\/\/rockofages.com\/fr\/?s={search_term_string}\"},\"query-input\":{\"@type\":\"PropertyValueSpecification\",\"valueRequired\":true,\"valueName\":\"search_term_string\"}}],\"inLanguage\":\"fr-FR\"},{\"@type\":\"Organization\",\"@id\":\"https:\/\/rockofages.com\/fr\/#organization\",\"name\":\"Rock of Ages | Handcrafted monuments\",\"url\":\"https:\/\/rockofages.com\/fr\/\",\"logo\":{\"@type\":\"ImageObject\",\"inLanguage\":\"fr-FR\",\"@id\":\"https:\/\/rockofages.com\/fr\/#\/schema\/logo\/image\/\",\"url\":\"https:\/\/rockofages.com\/wp-content\/uploads\/2021\/12\/roa-logo.svg\",\"contentUrl\":\"https:\/\/rockofages.com\/wp-content\/uploads\/2021\/12\/roa-logo.svg\",\"caption\":\"Rock of Ages | Handcrafted monuments\"},\"image\":{\"@id\":\"https:\/\/rockofages.com\/fr\/#\/schema\/logo\/image\/\"}}]}<\/script>\n<!-- \/ Yoast SEO plugin. -->","yoast_head_json":{"title":"Garantie - Rock of Ages | Handcrafted monuments","robots":{"index":"index","follow":"follow","max-snippet":"max-snippet:-1","max-image-preview":"max-image-preview:large","max-video-preview":"max-video-preview:-1"},"canonical":"https:\/\/rockofages.com\/fr\/garantie\/","og_locale":"fr_FR","og_type":"article","og_title":"Garantie - Rock of Ages | Handcrafted monuments","og_description":"Une promesse grav\u00e9e dans la pierre. La plupart des choses ne sont pas \u00e9ternelles.Mais certaines le sont. SANS FISSURE SANS RAYURE SANS D\u00c9FAUT Garantie sans limites Nous nous engageons \u00e0 fabriquer les monuments les plus durables au monde. Rock of Ages promet la conservation de leur beaut\u00e9 gr\u00e2ce \u00e0 la garantie la plus compl\u00e8te de [&hellip;]","og_url":"https:\/\/rockofages.com\/fr\/garantie\/","og_site_name":"Rock of Ages | Handcrafted monuments","article_modified_time":"2022-02-04T16:36:53+00:00","og_image":[{"url":"https:\/\/rockofages.com\/wp-content\/uploads\/2021\/12\/imagewide4000-scaled.jpg","type":"","width":"","height":""}],"twitter_card":"summary_large_image","twitter_misc":{"Dur\u00e9e de lecture estim\u00e9e":"2 minutes"},"schema":{"@context":"https:\/\/schema.org","@graph":[{"@type":"WebPage","@id":"https:\/\/rockofages.com\/fr\/garantie\/","url":"https:\/\/rockofages.com\/fr\/garantie\/","name":"Garantie - Rock of Ages | Handcrafted monuments","isPartOf":{"@id":"https:\/\/rockofages.com\/fr\/#website"},"primaryImageOfPage":{"@id":"https:\/\/rockofages.com\/fr\/garantie\/#primaryimage"},"image":{"@id":"https:\/\/rockofages.com\/fr\/garantie\/#primaryimage"},"thumbnailUrl":"https:\/\/rockofages.com\/wp-content\/uploads\/2021\/12\/imagewide4000-scaled.jpg","datePublished":"2021-12-30T00:34:34+00:00","dateModified":"2022-02-04T16:36:53+00:00","breadcrumb":{"@id":"https:\/\/rockofages.com\/fr\/garantie\/#breadcrumb"},"inLanguage":"fr-FR","potentialAction":[{"@type":"ReadAction","target":["https:\/\/rockofages.com\/fr\/garantie\/"]}]},{"@type":"ImageObject","inLanguage":"fr-FR","@id":"https:\/\/rockofages.com\/fr\/garantie\/#primaryimage","url":"https:\/\/rockofages.com\/wp-content\/uploads\/2021\/12\/imagewide4000-scaled.jpg","contentUrl":"https:\/\/rockofages.com\/wp-content\/uploads\/2021\/12\/imagewide4000-scaled.jpg"},{"@type":"BreadcrumbList","@id":"https:\/\/rockofages.com\/fr\/garantie\/#breadcrumb","itemListElement":[{"@type":"ListItem","position":1,"name":"Home","item":"https:\/\/rockofages.com\/fr\/"},{"@type":"ListItem","position":2,"name":"Garantie"}]},{"@type":"WebSite","@id":"https:\/\/rockofages.com\/fr\/#website","url":"https:\/\/rockofages.com\/fr\/","name":"Rock of Ages | Handcrafted monuments","description":"","publisher":{"@id":"https:\/\/rockofages.com\/fr\/#organization"},"potentialAction":[{"@type":"SearchAction","target":{"@type":"EntryPoint","urlTemplate":"https:\/\/rockofages.com\/fr\/?s={search_term_string}"},"query-input":{"@type":"PropertyValueSpecification","valueRequired":true,"valueName":"search_term_string"}}],"inLanguage":"fr-FR"},{"@type":"Organization","@id":"https:\/\/rockofages.com\/fr\/#organization","name":"Rock of Ages | Handcrafted monuments","url":"https:\/\/rockofages.com\/fr\/","logo":{"@type":"ImageObject","inLanguage":"fr-FR","@id":"https:\/\/rockofages.com\/fr\/#\/schema\/logo\/image\/","url":"https:\/\/rockofages.com\/wp-content\/uploads\/2021\/12\/roa-logo.svg","contentUrl":"https:\/\/rockofages.com\/wp-content\/uploads\/2021\/12\/roa-logo.svg","caption":"Rock of Ages | Handcrafted monuments"},"image":{"@id":"https:\/\/rockofages.com\/fr\/#\/schema\/logo\/image\/"}}]}},"uagb_featured_image_src":{"full":false,"thumbnail":false,"medium":false,"medium_large":false,"large":false,"1536x1536":false,"2048x2048":false,"thumbnail-gallery":false},"uagb_author_info":{"display_name":"Nathan Boole (Inbound Found)","author_link":"https:\/\/rockofages.com\/fr\/author\/nboole\/"},"uagb_comment_info":0,"uagb_excerpt":"Une promesse grav\u00e9e dans la pierre. La plupart des choses ne sont pas \u00e9ternelles.Mais certaines le sont. SANS FISSURE SANS RAYURE SANS D\u00c9FAUT Garantie sans limites Nous nous engageons \u00e0 fabriquer les monuments les plus durables au monde. Rock of Ages promet la conservation de leur beaut\u00e9 gr\u00e2ce \u00e0 la garantie la plus compl\u00e8te de\u2026","_links":{"self":[{"href":"https:\/\/rockofages.com\/fr\/wp-json\/wp\/v2\/pages\/7564","targetHints":{"allow":["GET"]}}],"collection":[{"href":"https:\/\/rockofages.com\/fr\/wp-json\/wp\/v2\/pages"}],"about":[{"href":"https:\/\/rockofages.com\/fr\/wp-json\/wp\/v2\/types\/page"}],"author":[{"embeddable":true,"href":"https:\/\/rockofages.com\/fr\/wp-json\/wp\/v2\/users\/2"}],"replies":[{"embeddable":true,"href":"https:\/\/rockofages.com\/fr\/wp-json\/wp\/v2\/comments?post=7564"}],"version-history":[{"count":14,"href":"https:\/\/rockofages.com\/fr\/wp-json\/wp\/v2\/pages\/7564\/revisions"}],"predecessor-version":[{"id":10433,"href":"https:\/\/rockofages.com\/fr\/wp-json\/wp\/v2\/pages\/7564\/revisions\/10433"}],"wp:attachment":[{"href":"https:\/\/rockofages.com\/fr\/wp-json\/wp\/v2\/media?parent=7564"}],"curies":[{"name":"wp","href":"https:\/\/api.w.org\/{rel}","templated":true}]}}