{"id":7535,"date":"2021-12-30T00:09:15","date_gmt":"2021-12-30T00:09:15","guid":{"rendered":"https:\/\/dev2.rockofages.com\/tourism\/"},"modified":"2025-01-22T16:27:39","modified_gmt":"2025-01-22T16:27:39","slug":"tour","status":"publish","type":"page","link":"https:\/\/rockofages.com\/fr\/tour\/","title":{"rendered":"Tourisme"},"content":{"rendered":"\n<div class=\"inherit-container-width wp-block-group alignfull group-no-padding is-layout-constrained wp-block-group-is-layout-constrained\"><div class=\"wp-block-group__inner-container\">\n<div style=\"height:50px\" aria-hidden=\"true\" class=\"wp-block-spacer\"><\/div>\n\n\n\n<h2 class=\"wp-block-heading has-text-align-center\"><strong>Rock of Ages Visitor Center &amp; Gift Shop Update<\/strong><\/h2>\n\n\n\n<hr class=\"wp-block-separator has-alpha-channel-opacity\"\/>\n\n\n\n<p>Apr\u00e8s plus d\u2019un si\u00e8cle comme une destination touristique du Vermont, nous avons pris la difficile d\u00e9cision de fermer le centre d\u2019accueil des visiteurs de Rock of Ages et de mettre fin \u00e0 l\u2019acc\u00e8s public \u00e0 nos carri\u00e8res et aux visites autoguid\u00e9es en janvier&nbsp;2025.<\/p>\n\n\n\n<p>Cette d\u00e9cision n\u2019a pas \u00e9t\u00e9 prise \u00e0 la l\u00e9g\u00e8re et refl\u00e8te notre engagement \u00e0 nous adapter aux r\u00e8glements en \u00e9volution du site et aux besoins op\u00e9rationnels tout en accordant la priorit\u00e9 \u00e0 la s\u00e9curit\u00e9 des visiteurs et \u00e0 l\u2019int\u00e9grit\u00e9 de nos installations. Ce changement marque la fin d\u2019un chapitre historique, mais il nous permet \u00e9galement de nous concentrer sur les aspects fondamentaux de notre entreprise et d\u2019assurer l\u2019excellence continue de notre m\u00e9tier.<\/p>\n\n\n\n<p>Nous voulons prendre un moment pour reconna\u00eetre l\u2019impact du centre des visiteurs au fil des ans. Il a \u00e9t\u00e9 un lieu de connexion, d\u2019\u00e9ducation et d\u2019inspiration pour les innombrables visiteurs qui ont explor\u00e9 le patrimoine granitique du Vermont \u00e0 travers notre site.<\/p>\n\n\n\n<p>Nous encourageons les personnes int\u00e9ress\u00e9es par l\u2019histoire du Vermont et de l\u2019industrie du granit \u00e0 visiter la Soci\u00e9t\u00e9 historique du Vermont et le Mus\u00e9e du granit du Vermont, qui offrent tous deux des ressources exceptionnelles. Millstone Grand Lookout offre \u00e9galement une occasion unique de d\u00e9couvrir les paysages et l\u2019histoire des carri\u00e8res du Vermont.<\/p>\n\n\n\n<p class=\"has-text-align-left\">Notre engagement envers nos employ\u00e9s, nos clients et notre collectivit\u00e9 demeure ferme. Merci de votre d\u00e9vouement et de votre soutien continus.<\/p>\n\n\n\n<div style=\"height:50px\" aria-hidden=\"true\" class=\"wp-block-spacer\"><\/div>\n<\/div><\/div>\n\n\n\n<div class=\"wp-block-cover alignfull is-light has-parallax\" style=\"min-height:480px;aspect-ratio:unset;\"><span aria-hidden=\"true\" class=\"wp-block-cover__background has-background-dim-0 has-background-dim\"><\/span><div class=\"wp-block-cover__image-background wp-image-8955 has-parallax\" style=\"background-position:50% 50%;background-image:url(https:\/\/rockofages.com\/wp-content\/uploads\/2022\/01\/ourworld.visitorscenterday@1x.jpg)\"><\/div><div class=\"wp-block-cover__inner-container is-layout-flow wp-block-cover-is-layout-flow\">\n<p class=\"has-text-align-center has-large-font-size\"><\/p>\n<\/div><\/div>\n\n\n\n<p><\/p>\n","protected":false},"excerpt":{"rendered":"<p>Rock of Ages Visitor Center &amp; Gift Shop Update Apr\u00e8s plus d\u2019un si\u00e8cle comme une destination touristique du Vermont, nous avons pris la difficile d\u00e9cision de fermer le centre d\u2019accueil des visiteurs de Rock of Ages et de mettre fin \u00e0 l\u2019acc\u00e8s public \u00e0 nos carri\u00e8res et aux visites autoguid\u00e9es en janvier&nbsp;2025. Cette d\u00e9cision n\u2019a [&hellip;]<\/p>\n","protected":false},"author":2,"featured_media":0,"parent":0,"menu_order":0,"comment_status":"closed","ping_status":"closed","template":"","meta":{"_acf_changed":false,"_editorskit_title_hidden":false,"_editorskit_reading_time":3,"_editorskit_is_block_options_detached":false,"_editorskit_block_options_position":"{}","content-type":"","_uag_custom_page_level_css":"","site-sidebar-layout":"default","site-content-layout":"","ast-site-content-layout":"default","site-content-style":"default","site-sidebar-style":"default","ast-global-header-display":"","ast-banner-title-visibility":"","ast-main-header-display":"","ast-hfb-above-header-display":"","ast-hfb-below-header-display":"","ast-hfb-mobile-header-display":"","site-post-title":"","ast-breadcrumbs-content":"","ast-featured-img":"","footer-sml-layout":"","ast-disable-related-posts":"","theme-transparent-header-meta":"","adv-header-id-meta":"","stick-header-meta":"","header-above-stick-meta":"","header-main-stick-meta":"","header-below-stick-meta":"","astra-migrate-meta-layouts":"set","ast-page-background-enabled":"default","ast-page-background-meta":{"desktop":{"background-color":"var(--ast-global-color-4)","background-image":"","background-repeat":"repeat","background-position":"center center","background-size":"auto","background-attachment":"scroll","background-type":"","background-media":"","overlay-type":"","overlay-color":"","overlay-opacity":"","overlay-gradient":""},"tablet":{"background-color":"","background-image":"","background-repeat":"repeat","background-position":"center center","background-size":"auto","background-attachment":"scroll","background-type":"","background-media":"","overlay-type":"","overlay-color":"","overlay-opacity":"","overlay-gradient":""},"mobile":{"background-color":"","background-image":"","background-repeat":"repeat","background-position":"center center","background-size":"auto","background-attachment":"scroll","background-type":"","background-media":"","overlay-type":"","overlay-color":"","overlay-opacity":"","overlay-gradient":""}},"ast-content-background-meta":{"desktop":{"background-color":"var(--ast-global-color-5)","background-image":"","background-repeat":"repeat","background-position":"center center","background-size":"auto","background-attachment":"scroll","background-type":"","background-media":"","overlay-type":"","overlay-color":"","overlay-opacity":"","overlay-gradient":""},"tablet":{"background-color":"var(--ast-global-color-5)","background-image":"","background-repeat":"repeat","background-position":"center center","background-size":"auto","background-attachment":"scroll","background-type":"","background-media":"","overlay-type":"","overlay-color":"","overlay-opacity":"","overlay-gradient":""},"mobile":{"background-color":"var(--ast-global-color-5)","background-image":"","background-repeat":"repeat","background-position":"center center","background-size":"auto","background-attachment":"scroll","background-type":"","background-media":"","overlay-type":"","overlay-color":"","overlay-opacity":"","overlay-gradient":""}},"footnotes":""},"class_list":["post-7535","page","type-page","status-publish","hentry"],"acf":[],"yoast_head":"<!-- This site is optimized with the Yoast SEO plugin v27.2 - https:\/\/yoast.com\/product\/yoast-seo-wordpress\/ -->\n<title>Tourisme - Rock of Ages | Handcrafted monuments<\/title>\n<meta name=\"robots\" content=\"index, follow, max-snippet:-1, max-image-preview:large, max-video-preview:-1\" \/>\n<link rel=\"canonical\" href=\"https:\/\/rockofages.com\/fr\/tour\/\" \/>\n<meta property=\"og:locale\" content=\"fr_FR\" \/>\n<meta property=\"og:type\" content=\"article\" \/>\n<meta property=\"og:title\" content=\"Tourisme - Rock of Ages | Handcrafted monuments\" \/>\n<meta property=\"og:description\" content=\"Rock of Ages Visitor Center &amp; Gift Shop Update Apr\u00e8s plus d\u2019un si\u00e8cle comme une destination touristique du Vermont, nous avons pris la difficile d\u00e9cision de fermer le centre d\u2019accueil des visiteurs de Rock of Ages et de mettre fin \u00e0 l\u2019acc\u00e8s public \u00e0 nos carri\u00e8res et aux visites autoguid\u00e9es en janvier&nbsp;2025. Cette d\u00e9cision n\u2019a [&hellip;]\" \/>\n<meta property=\"og:url\" content=\"https:\/\/rockofages.com\/fr\/tour\/\" \/>\n<meta property=\"og:site_name\" content=\"Rock of Ages | Handcrafted monuments\" \/>\n<meta property=\"article:modified_time\" content=\"2025-01-22T16:27:39+00:00\" \/>\n<meta name=\"twitter:card\" content=\"summary_large_image\" \/>\n<meta name=\"twitter:label1\" content=\"Dur\u00e9e de lecture estim\u00e9e\" \/>\n\t<meta name=\"twitter:data1\" content=\"2 minutes\" \/>\n<script type=\"application\/ld+json\" class=\"yoast-schema-graph\">{\"@context\":\"https:\/\/schema.org\",\"@graph\":[{\"@type\":\"WebPage\",\"@id\":\"https:\/\/rockofages.com\/fr\/tour\/\",\"url\":\"https:\/\/rockofages.com\/fr\/tour\/\",\"name\":\"Tourisme - Rock of Ages | Handcrafted monuments\",\"isPartOf\":{\"@id\":\"https:\/\/rockofages.com\/fr\/#website\"},\"datePublished\":\"2021-12-30T00:09:15+00:00\",\"dateModified\":\"2025-01-22T16:27:39+00:00\",\"breadcrumb\":{\"@id\":\"https:\/\/rockofages.com\/fr\/tour\/#breadcrumb\"},\"inLanguage\":\"fr-FR\",\"potentialAction\":[{\"@type\":\"ReadAction\",\"target\":[\"https:\/\/rockofages.com\/fr\/tour\/\"]}]},{\"@type\":\"BreadcrumbList\",\"@id\":\"https:\/\/rockofages.com\/fr\/tour\/#breadcrumb\",\"itemListElement\":[{\"@type\":\"ListItem\",\"position\":1,\"name\":\"Home\",\"item\":\"https:\/\/rockofages.com\/fr\/\"},{\"@type\":\"ListItem\",\"position\":2,\"name\":\"Tourisme\"}]},{\"@type\":\"WebSite\",\"@id\":\"https:\/\/rockofages.com\/fr\/#website\",\"url\":\"https:\/\/rockofages.com\/fr\/\",\"name\":\"Rock of Ages | Handcrafted monuments\",\"description\":\"\",\"publisher\":{\"@id\":\"https:\/\/rockofages.com\/fr\/#organization\"},\"potentialAction\":[{\"@type\":\"SearchAction\",\"target\":{\"@type\":\"EntryPoint\",\"urlTemplate\":\"https:\/\/rockofages.com\/fr\/?s={search_term_string}\"},\"query-input\":{\"@type\":\"PropertyValueSpecification\",\"valueRequired\":true,\"valueName\":\"search_term_string\"}}],\"inLanguage\":\"fr-FR\"},{\"@type\":\"Organization\",\"@id\":\"https:\/\/rockofages.com\/fr\/#organization\",\"name\":\"Rock of Ages | Handcrafted monuments\",\"url\":\"https:\/\/rockofages.com\/fr\/\",\"logo\":{\"@type\":\"ImageObject\",\"inLanguage\":\"fr-FR\",\"@id\":\"https:\/\/rockofages.com\/fr\/#\/schema\/logo\/image\/\",\"url\":\"https:\/\/rockofages.com\/wp-content\/uploads\/2021\/12\/roa-logo.svg\",\"contentUrl\":\"https:\/\/rockofages.com\/wp-content\/uploads\/2021\/12\/roa-logo.svg\",\"caption\":\"Rock of Ages | Handcrafted monuments\"},\"image\":{\"@id\":\"https:\/\/rockofages.com\/fr\/#\/schema\/logo\/image\/\"}}]}<\/script>\n<!-- \/ Yoast SEO plugin. -->","yoast_head_json":{"title":"Tourisme - Rock of Ages | Handcrafted monuments","robots":{"index":"index","follow":"follow","max-snippet":"max-snippet:-1","max-image-preview":"max-image-preview:large","max-video-preview":"max-video-preview:-1"},"canonical":"https:\/\/rockofages.com\/fr\/tour\/","og_locale":"fr_FR","og_type":"article","og_title":"Tourisme - Rock of Ages | Handcrafted monuments","og_description":"Rock of Ages Visitor Center &amp; Gift Shop Update Apr\u00e8s plus d\u2019un si\u00e8cle comme une destination touristique du Vermont, nous avons pris la difficile d\u00e9cision de fermer le centre d\u2019accueil des visiteurs de Rock of Ages et de mettre fin \u00e0 l\u2019acc\u00e8s public \u00e0 nos carri\u00e8res et aux visites autoguid\u00e9es en janvier&nbsp;2025. Cette d\u00e9cision n\u2019a [&hellip;]","og_url":"https:\/\/rockofages.com\/fr\/tour\/","og_site_name":"Rock of Ages | Handcrafted monuments","article_modified_time":"2025-01-22T16:27:39+00:00","twitter_card":"summary_large_image","twitter_misc":{"Dur\u00e9e de lecture estim\u00e9e":"2 minutes"},"schema":{"@context":"https:\/\/schema.org","@graph":[{"@type":"WebPage","@id":"https:\/\/rockofages.com\/fr\/tour\/","url":"https:\/\/rockofages.com\/fr\/tour\/","name":"Tourisme - Rock of Ages | Handcrafted monuments","isPartOf":{"@id":"https:\/\/rockofages.com\/fr\/#website"},"datePublished":"2021-12-30T00:09:15+00:00","dateModified":"2025-01-22T16:27:39+00:00","breadcrumb":{"@id":"https:\/\/rockofages.com\/fr\/tour\/#breadcrumb"},"inLanguage":"fr-FR","potentialAction":[{"@type":"ReadAction","target":["https:\/\/rockofages.com\/fr\/tour\/"]}]},{"@type":"BreadcrumbList","@id":"https:\/\/rockofages.com\/fr\/tour\/#breadcrumb","itemListElement":[{"@type":"ListItem","position":1,"name":"Home","item":"https:\/\/rockofages.com\/fr\/"},{"@type":"ListItem","position":2,"name":"Tourisme"}]},{"@type":"WebSite","@id":"https:\/\/rockofages.com\/fr\/#website","url":"https:\/\/rockofages.com\/fr\/","name":"Rock of Ages | Handcrafted monuments","description":"","publisher":{"@id":"https:\/\/rockofages.com\/fr\/#organization"},"potentialAction":[{"@type":"SearchAction","target":{"@type":"EntryPoint","urlTemplate":"https:\/\/rockofages.com\/fr\/?s={search_term_string}"},"query-input":{"@type":"PropertyValueSpecification","valueRequired":true,"valueName":"search_term_string"}}],"inLanguage":"fr-FR"},{"@type":"Organization","@id":"https:\/\/rockofages.com\/fr\/#organization","name":"Rock of Ages | Handcrafted monuments","url":"https:\/\/rockofages.com\/fr\/","logo":{"@type":"ImageObject","inLanguage":"fr-FR","@id":"https:\/\/rockofages.com\/fr\/#\/schema\/logo\/image\/","url":"https:\/\/rockofages.com\/wp-content\/uploads\/2021\/12\/roa-logo.svg","contentUrl":"https:\/\/rockofages.com\/wp-content\/uploads\/2021\/12\/roa-logo.svg","caption":"Rock of Ages | Handcrafted monuments"},"image":{"@id":"https:\/\/rockofages.com\/fr\/#\/schema\/logo\/image\/"}}]}},"uagb_featured_image_src":{"full":false,"thumbnail":false,"medium":false,"medium_large":false,"large":false,"1536x1536":false,"2048x2048":false,"thumbnail-gallery":false},"uagb_author_info":{"display_name":"Nathan Boole (Inbound Found)","author_link":"https:\/\/rockofages.com\/fr\/author\/nboole\/"},"uagb_comment_info":0,"uagb_excerpt":"Rock of Ages Visitor Center &amp; Gift Shop Update Apr\u00e8s plus d\u2019un si\u00e8cle comme une destination touristique du Vermont, nous avons pris la difficile d\u00e9cision de fermer le centre d\u2019accueil des visiteurs de Rock of Ages et de mettre fin \u00e0 l\u2019acc\u00e8s public \u00e0 nos carri\u00e8res et aux visites autoguid\u00e9es en janvier&nbsp;2025. Cette d\u00e9cision n\u2019a\u2026","_links":{"self":[{"href":"https:\/\/rockofages.com\/fr\/wp-json\/wp\/v2\/pages\/7535","targetHints":{"allow":["GET"]}}],"collection":[{"href":"https:\/\/rockofages.com\/fr\/wp-json\/wp\/v2\/pages"}],"about":[{"href":"https:\/\/rockofages.com\/fr\/wp-json\/wp\/v2\/types\/page"}],"author":[{"embeddable":true,"href":"https:\/\/rockofages.com\/fr\/wp-json\/wp\/v2\/users\/2"}],"replies":[{"embeddable":true,"href":"https:\/\/rockofages.com\/fr\/wp-json\/wp\/v2\/comments?post=7535"}],"version-history":[{"count":44,"href":"https:\/\/rockofages.com\/fr\/wp-json\/wp\/v2\/pages\/7535\/revisions"}],"predecessor-version":[{"id":65437,"href":"https:\/\/rockofages.com\/fr\/wp-json\/wp\/v2\/pages\/7535\/revisions\/65437"}],"wp:attachment":[{"href":"https:\/\/rockofages.com\/fr\/wp-json\/wp\/v2\/media?parent=7535"}],"curies":[{"name":"wp","href":"https:\/\/api.w.org\/{rel}","templated":true}]}}