{"id":7467,"date":"2021-12-30T00:00:32","date_gmt":"2021-12-30T00:00:32","guid":{"rendered":"https:\/\/dev2.rockofages.com\/creative-process-monument\/"},"modified":"2022-02-16T23:47:15","modified_gmt":"2022-02-16T23:47:15","slug":"processus-creation-monuments","status":"publish","type":"page","link":"https:\/\/rockofages.com\/fr\/processus-creation-monuments\/","title":{"rendered":"Processus de cr\u00e9ation des monuments"},"content":{"rendered":"\n<div class=\"wp-block-group alignfull group-no-padding has-rust-lt-background-color has-background is-layout-flow wp-block-group-is-layout-flow\"><div class=\"wp-block-group__inner-container\">\n<div style=\"height:60px\" aria-hidden=\"true\" class=\"wp-block-spacer sm-30-high\"><\/div>\n\n\n\n<h2 class=\"alignfull has-text-align-center is-style-if-roa-heading is-style-if-roa-feat-heading-2 has-navy-color has-text-color wp-block-heading\" id=\"processus-de-creationdes-monuments\">Processus de cr\u00e9ation<br>des monuments<\/h2>\n\n\n\n<div style=\"height:60px\" aria-hidden=\"true\" class=\"wp-block-spacer sm-30-high\"><\/div>\n<\/div><\/div>\n\n\n\n<div class=\"wp-block-group alignfull group-no-padding is-layout-flow wp-block-group-is-layout-flow\"><div class=\"wp-block-group__inner-container\">\n<div style=\"height:100px\" aria-hidden=\"true\" class=\"wp-block-spacer sm-30-high\"><\/div>\n\n\n\n<div class=\"wp-block-media-text alignwide is-stacked-on-mobile creative-process-media-left\"><figure class=\"wp-block-media-text__media\"><img loading=\"lazy\" decoding=\"async\" width=\"470\" height=\"570\" src=\"https:\/\/rockofages.com\/wp-content\/uploads\/2021\/12\/process.monument1.kendall.jpg\" alt=\"\" class=\"wp-image-7184 size-full\" srcset=\"https:\/\/rockofages.com\/wp-content\/uploads\/2021\/12\/process.monument1.kendall.jpg 470w, https:\/\/rockofages.com\/wp-content\/uploads\/2021\/12\/process.monument1.kendall-247x300.jpg 247w\" sizes=\"auto, (max-width: 470px) 100vw, 470px\" \/><\/figure><div class=\"wp-block-media-text__content\">\n<div style=\"height:100px\" aria-hidden=\"true\" class=\"wp-block-spacer md-spacer-5vh\"><\/div>\n\n\n\n<h2 class=\"is-style-if-roa-prod-head-1 wp-block-heading\" id=\"choix-du-monument\">Choix du monument<\/h2>\n\n\n\n<p class=\"is-style-if-roa-prod-text-1 has-navy-color has-text-color\">La cr\u00e9ation d\u2019un monument personnalis\u00e9 et porteur de sens est pour vous un investissement consid\u00e9rable en temps et en argent. Voil\u00e0 pourquoi nous souhaitons vous simplifier la t\u00e2che au maximum et garantir votre enti\u00e8re satisfaction. Chaque cimeti\u00e8re a sa propre r\u00e9glementation en ce qui concerne les types de monuments permis. Le mod\u00e8le, la forme, la taille et m\u00eame la gravure doivent \u00eatre approuv\u00e9s.   <\/p>\n\n\n\n<p class=\"is-style-if-roa-prod-text-1 has-navy-color has-text-color\">Tous les d\u00e9taillants autoris\u00e9s de Rock of Ages ont acc\u00e8s aux informations d\u00e9taill\u00e9es des cimeti\u00e8res \u00e0 ce sujet. Nous prenons ainsi tout en charge afin de r\u00e9duire le stress que vous pourriez \u00e9prouver et vous permettre de vous concentrer sur l\u2019essentiel. <\/p>\n\n\n\n<div style=\"height:100px\" aria-hidden=\"true\" class=\"wp-block-spacer md-spacer-7vh\"><\/div>\n<\/div><\/div>\n\n\n\n<div style=\"height:100px\" aria-hidden=\"true\" class=\"wp-block-spacer md-spacer-5vh\"><\/div>\n<\/div><\/div>\n\n\n\n<div class=\"wp-block-group alignfull group-no-padding has-grey-vlt-background-color has-background is-layout-flow wp-block-group-is-layout-flow\"><div class=\"wp-block-group__inner-container\">\n<div class=\"wp-block-group is-layout-flow wp-block-group-is-layout-flow\"><div class=\"wp-block-group__inner-container\">\n<h2 class=\"has-text-align-center is-style-if-roa-prod-head-1 wp-block-heading\" id=\"types-de-monument\">Types de monument<\/h2>\n\n\n\n<p class=\"has-text-align-center is-style-if-roa-prod-text-1 has-navy-color has-text-color\">Rock of Ages est en mesure de concevoir n\u2019importe quel type de monument ou de m\u00e9morial. Que vous soyez \u00e0 la recherche d\u2019un monument classique ou d\u2019un monument personnalis\u00e9, nous avons ce qu\u2019il vous faut. <\/p>\n\n\n\n<div style=\"height:45px\" aria-hidden=\"true\" class=\"wp-block-spacer\"><\/div>\n\n\n\n<div class=\"wp-block-columns is-layout-flex wp-container-core-columns-is-layout-28f84493 wp-block-columns-is-layout-flex\">\n<div class=\"wp-block-column is-layout-flow wp-block-column-is-layout-flow\">\n<div class=\"wp-block-image\"><figure class=\"aligncenter size-full\"><img loading=\"lazy\" decoding=\"async\" width=\"148\" height=\"88\" src=\"https:\/\/rockofages.com\/wp-content\/uploads\/2021\/12\/traditional@1x.png\" alt=\"\" class=\"wp-image-7202\"\/><\/figure><\/div>\n\n\n\n<p class=\"has-text-align-center is-style-if-roa-prod-text-1 has-grey-md-lt-color has-text-color\">TRADITIONANEL<\/p>\n\n\n\n<div class=\"wp-block-image\"><figure class=\"aligncenter size-full\"><img loading=\"lazy\" decoding=\"async\" width=\"139\" height=\"94\" src=\"https:\/\/rockofages.com\/wp-content\/uploads\/2021\/12\/slant-with-base@1x.png\" alt=\"\" class=\"wp-image-7224\"\/><\/figure><\/div>\n\n\n\n<p class=\"has-text-align-center is-style-if-roa-prod-text-1 has-grey-md-lt-color has-text-color\">INCLIN\u00c9 AVEC BASE<\/p>\n<\/div>\n\n\n\n<div class=\"wp-block-column is-layout-flow wp-block-column-is-layout-flow\">\n<div class=\"wp-block-image\"><figure class=\"aligncenter size-full\"><img loading=\"lazy\" decoding=\"async\" width=\"114\" height=\"100\" src=\"https:\/\/rockofages.com\/wp-content\/uploads\/2021\/12\/cremation@1x.png\" alt=\"\" class=\"wp-image-7205\"\/><\/figure><\/div>\n\n\n\n<p class=\"has-text-align-center is-style-if-roa-prod-text-1 has-grey-md-lt-color has-text-color\">CR\u00c9MATION<\/p>\n\n\n\n<div style=\"height:45px\" aria-hidden=\"true\" class=\"wp-block-spacer\"><\/div>\n\n\n\n<div class=\"wp-block-image\"><figure class=\"aligncenter size-full\"><img loading=\"lazy\" decoding=\"async\" width=\"139\" height=\"41\" src=\"https:\/\/rockofages.com\/wp-content\/uploads\/2021\/12\/flat-marker@1x.png\" alt=\"\" class=\"wp-image-7228\"\/><\/figure><\/div>\n\n\n\n<p class=\"has-text-align-center is-style-if-roa-prod-text-1 has-grey-md-lt-color has-text-color\">PLAQUE<\/p>\n<\/div>\n\n\n\n<div class=\"wp-block-column is-layout-flow wp-block-column-is-layout-flow\">\n<div class=\"wp-block-image\"><figure class=\"aligncenter size-full\"><img loading=\"lazy\" decoding=\"async\" width=\"126\" height=\"87\" src=\"https:\/\/rockofages.com\/wp-content\/uploads\/2021\/12\/slant@1x.png\" alt=\"\" class=\"wp-image-7210\"\/><\/figure><\/div>\n\n\n\n<p class=\"has-text-align-center is-style-if-roa-prod-text-1 has-grey-md-lt-color has-text-color\">INCLIN\u00c9<\/p>\n\n\n\n<div style=\"height:45px\" aria-hidden=\"true\" class=\"wp-block-spacer\"><\/div>\n\n\n\n<div class=\"wp-block-image\"><figure class=\"aligncenter size-full\"><img loading=\"lazy\" decoding=\"async\" width=\"139\" height=\"55\" src=\"https:\/\/rockofages.com\/wp-content\/uploads\/2021\/12\/bevel@1x.png\" alt=\"\" class=\"wp-image-7231\"\/><\/figure><\/div>\n\n\n\n<p class=\"has-text-align-center is-style-if-roa-prod-text-1 has-grey-md-lt-color has-text-color\">PLAQUE INCLIN\u00c9E<\/p>\n<\/div>\n<\/div>\n<\/div><\/div>\n<\/div><\/div>\n\n\n\n<div class=\"wp-block-group alignfull group-no-padding is-layout-constrained wp-container-core-group-is-layout-15c356c4 wp-block-group-is-layout-constrained\"><div class=\"wp-block-group__inner-container\">\n<div style=\"height:100px\" aria-hidden=\"true\" class=\"wp-block-spacer md-spacer-5vh\"><\/div>\n\n\n\n<div class=\"wp-block-media-text alignwide has-media-on-the-right is-stacked-on-mobile is-style-default margin-right-0 creative-process-media-right\" style=\"grid-template-columns:auto 65%\"><figure class=\"wp-block-media-text__media\"><img loading=\"lazy\" decoding=\"async\" width=\"844\" height=\"570\" src=\"https:\/\/rockofages.com\/wp-content\/uploads\/2021\/12\/process.monumentrry2@1x.jpg\" alt=\"\" class=\"wp-image-7188 size-full\" srcset=\"https:\/\/rockofages.com\/wp-content\/uploads\/2021\/12\/process.monumentrry2@1x.jpg 844w, https:\/\/rockofages.com\/wp-content\/uploads\/2021\/12\/process.monumentrry2@1x-300x203.jpg 300w, https:\/\/rockofages.com\/wp-content\/uploads\/2021\/12\/process.monumentrry2@1x-768x519.jpg 768w\" sizes=\"auto, (max-width: 844px) 100vw, 844px\" \/><\/figure><div class=\"wp-block-media-text__content\">\n<div style=\"height:50px\" aria-hidden=\"true\" class=\"wp-block-spacer md-spacer-7vh\"><\/div>\n\n\n\n<h2 class=\"is-style-if-roa-prod-head-1 wp-block-heading\" id=\"conception-de-votre-monument\">Conception de votre monument<\/h2>\n\n\n\n<p class=\"is-style-if-roa-prod-text-1 has-navy-color has-text-color\">Nous souhaitons entendre vos id\u00e9es. Il est important pour nous de conna\u00eetre l\u2019histoire de vos \u00eatres chers et la fa\u00e7on dont ils voudraient \u00eatre rem\u00e9mor\u00e9s. Nous sommes l\u00e0 pour vous accompagner dans la conception du monument parfait. Partagez-nous vos id\u00e9es et nous ferons en sorte de les concr\u00e9tiser.  <\/p>\n\n\n\n<div style=\"height:50px\" aria-hidden=\"true\" class=\"wp-block-spacer md-spacer-5vh editorskit-no-mobile\"><\/div>\n<\/div><\/div>\n\n\n\n<div style=\"height:100px\" aria-hidden=\"true\" class=\"wp-block-spacer md-spacer-5vh\"><\/div>\n<\/div><\/div>\n\n\n\n<div class=\"wp-block-group alignfull group-no-padding is-layout-flow wp-block-group-is-layout-flow\"><div class=\"wp-block-group__inner-container\">\n<div class=\"wp-block-media-text alignwide is-stacked-on-mobile creative-process-media-left\"><figure class=\"wp-block-media-text__media\"><img loading=\"lazy\" decoding=\"async\" width=\"470\" height=\"570\" src=\"https:\/\/rockofages.com\/wp-content\/uploads\/2021\/12\/monument_stan_process@1x.jpg\" alt=\"\" class=\"wp-image-7193 size-full\" srcset=\"https:\/\/rockofages.com\/wp-content\/uploads\/2021\/12\/monument_stan_process@1x.jpg 470w, https:\/\/rockofages.com\/wp-content\/uploads\/2021\/12\/monument_stan_process@1x-247x300.jpg 247w\" sizes=\"auto, (max-width: 470px) 100vw, 470px\" \/><\/figure><div class=\"wp-block-media-text__content\">\n<div style=\"height:34px\" aria-hidden=\"true\" class=\"wp-block-spacer md-spacer-5vh\"><\/div>\n\n\n\n<h2 class=\"is-style-if-roa-prod-head-1 wp-block-heading\" id=\"processus-de-fabrication\">Processus de fabrication<\/h2>\n\n\n\n<p class=\"is-style-if-roa-prod-text-1 has-navy-color has-text-color\">Rock of Ages s\u2019implique dans le processus de fabrication de ses monuments du d\u00e9but jusqu\u2019\u00e0 la fin. Notre \u00e9quipe s\u2019occupe de tout : s\u00e9lection de la pierre, personnalisation artistique, taille de la pierre, gravure et m\u00eame, sculpture. Nous prenons en consid\u00e9ration toutes vos sp\u00e9cifications et vous garantissons la meilleure qualit\u00e9 sur le march\u00e9.  <\/p>\n\n\n\n<div style=\"height:34px\" aria-hidden=\"true\" class=\"wp-block-spacer md-spacer-5vh editorskit-no-mobile\"><\/div>\n<\/div><\/div>\n\n\n\n<div style=\"height:50px\" aria-hidden=\"true\" class=\"wp-block-spacer\"><\/div>\n<\/div><\/div>\n","protected":false},"excerpt":{"rendered":"<p>Processus de cr\u00e9ationdes monuments Choix du monument La cr\u00e9ation d\u2019un monument personnalis\u00e9 et porteur de sens est pour vous un investissement consid\u00e9rable en temps et en argent. Voil\u00e0 pourquoi nous souhaitons vous simplifier la t\u00e2che au maximum et garantir votre enti\u00e8re satisfaction. Chaque cimeti\u00e8re a sa propre r\u00e9glementation en ce qui concerne les types de [&hellip;]<\/p>\n","protected":false},"author":2,"featured_media":0,"parent":0,"menu_order":0,"comment_status":"closed","ping_status":"closed","template":"","meta":{"_acf_changed":false,"_editorskit_title_hidden":false,"_editorskit_reading_time":1,"_editorskit_is_block_options_detached":false,"_editorskit_block_options_position":"{}","content-type":"","_uag_custom_page_level_css":"","site-sidebar-layout":"default","site-content-layout":"","ast-site-content-layout":"default","site-content-style":"default","site-sidebar-style":"default","ast-global-header-display":"","ast-banner-title-visibility":"","ast-main-header-display":"","ast-hfb-above-header-display":"","ast-hfb-below-header-display":"","ast-hfb-mobile-header-display":"","site-post-title":"","ast-breadcrumbs-content":"","ast-featured-img":"","footer-sml-layout":"","ast-disable-related-posts":"","theme-transparent-header-meta":"","adv-header-id-meta":"","stick-header-meta":"","header-above-stick-meta":"","header-main-stick-meta":"","header-below-stick-meta":"","astra-migrate-meta-layouts":"default","ast-page-background-enabled":"default","ast-page-background-meta":{"desktop":{"background-color":"var(--ast-global-color-4)","background-image":"","background-repeat":"repeat","background-position":"center center","background-size":"auto","background-attachment":"scroll","background-type":"","background-media":"","overlay-type":"","overlay-color":"","overlay-opacity":"","overlay-gradient":""},"tablet":{"background-color":"","background-image":"","background-repeat":"repeat","background-position":"center center","background-size":"auto","background-attachment":"scroll","background-type":"","background-media":"","overlay-type":"","overlay-color":"","overlay-opacity":"","overlay-gradient":""},"mobile":{"background-color":"","background-image":"","background-repeat":"repeat","background-position":"center center","background-size":"auto","background-attachment":"scroll","background-type":"","background-media":"","overlay-type":"","overlay-color":"","overlay-opacity":"","overlay-gradient":""}},"ast-content-background-meta":{"desktop":{"background-color":"var(--ast-global-color-5)","background-image":"","background-repeat":"repeat","background-position":"center center","background-size":"auto","background-attachment":"scroll","background-type":"","background-media":"","overlay-type":"","overlay-color":"","overlay-opacity":"","overlay-gradient":""},"tablet":{"background-color":"var(--ast-global-color-5)","background-image":"","background-repeat":"repeat","background-position":"center center","background-size":"auto","background-attachment":"scroll","background-type":"","background-media":"","overlay-type":"","overlay-color":"","overlay-opacity":"","overlay-gradient":""},"mobile":{"background-color":"var(--ast-global-color-5)","background-image":"","background-repeat":"repeat","background-position":"center center","background-size":"auto","background-attachment":"scroll","background-type":"","background-media":"","overlay-type":"","overlay-color":"","overlay-opacity":"","overlay-gradient":""}},"footnotes":""},"class_list":["post-7467","page","type-page","status-publish","hentry"],"acf":[],"yoast_head":"<!-- This site is optimized with the Yoast SEO plugin v27.2 - https:\/\/yoast.com\/product\/yoast-seo-wordpress\/ -->\n<title>Processus de cr\u00e9ation des monuments - Rock of Ages | Handcrafted monuments<\/title>\n<meta name=\"robots\" content=\"index, follow, max-snippet:-1, max-image-preview:large, max-video-preview:-1\" \/>\n<link rel=\"canonical\" href=\"https:\/\/rockofages.com\/fr\/processus-creation-monuments\/\" \/>\n<meta property=\"og:locale\" content=\"fr_FR\" \/>\n<meta property=\"og:type\" content=\"article\" \/>\n<meta property=\"og:title\" content=\"Processus de cr\u00e9ation des monuments - Rock of Ages | Handcrafted monuments\" \/>\n<meta property=\"og:description\" content=\"Processus de cr\u00e9ationdes monuments Choix du monument La cr\u00e9ation d\u2019un monument personnalis\u00e9 et porteur de sens est pour vous un investissement consid\u00e9rable en temps et en argent. Voil\u00e0 pourquoi nous souhaitons vous simplifier la t\u00e2che au maximum et garantir votre enti\u00e8re satisfaction. Chaque cimeti\u00e8re a sa propre r\u00e9glementation en ce qui concerne les types de [&hellip;]\" \/>\n<meta property=\"og:url\" content=\"https:\/\/rockofages.com\/fr\/processus-creation-monuments\/\" \/>\n<meta property=\"og:site_name\" content=\"Rock of Ages | Handcrafted monuments\" \/>\n<meta property=\"article:modified_time\" content=\"2022-02-16T23:47:15+00:00\" \/>\n<meta property=\"og:image\" content=\"https:\/\/rockofages.com\/wp-content\/uploads\/2021\/12\/process.monument1.kendall.jpg\" \/>\n<meta name=\"twitter:card\" content=\"summary_large_image\" \/>\n<meta name=\"twitter:label1\" content=\"Dur\u00e9e de lecture estim\u00e9e\" \/>\n\t<meta name=\"twitter:data1\" content=\"3 minutes\" \/>\n<script type=\"application\/ld+json\" class=\"yoast-schema-graph\">{\"@context\":\"https:\/\/schema.org\",\"@graph\":[{\"@type\":\"WebPage\",\"@id\":\"https:\/\/rockofages.com\/fr\/processus-creation-monuments\/\",\"url\":\"https:\/\/rockofages.com\/fr\/processus-creation-monuments\/\",\"name\":\"Processus de cr\u00e9ation des monuments - Rock of Ages | Handcrafted monuments\",\"isPartOf\":{\"@id\":\"https:\/\/rockofages.com\/fr\/#website\"},\"primaryImageOfPage\":{\"@id\":\"https:\/\/rockofages.com\/fr\/processus-creation-monuments\/#primaryimage\"},\"image\":{\"@id\":\"https:\/\/rockofages.com\/fr\/processus-creation-monuments\/#primaryimage\"},\"thumbnailUrl\":\"https:\/\/rockofages.com\/wp-content\/uploads\/2021\/12\/process.monument1.kendall.jpg\",\"datePublished\":\"2021-12-30T00:00:32+00:00\",\"dateModified\":\"2022-02-16T23:47:15+00:00\",\"breadcrumb\":{\"@id\":\"https:\/\/rockofages.com\/fr\/processus-creation-monuments\/#breadcrumb\"},\"inLanguage\":\"fr-FR\",\"potentialAction\":[{\"@type\":\"ReadAction\",\"target\":[\"https:\/\/rockofages.com\/fr\/processus-creation-monuments\/\"]}]},{\"@type\":\"ImageObject\",\"inLanguage\":\"fr-FR\",\"@id\":\"https:\/\/rockofages.com\/fr\/processus-creation-monuments\/#primaryimage\",\"url\":\"https:\/\/rockofages.com\/wp-content\/uploads\/2021\/12\/process.monument1.kendall.jpg\",\"contentUrl\":\"https:\/\/rockofages.com\/wp-content\/uploads\/2021\/12\/process.monument1.kendall.jpg\"},{\"@type\":\"BreadcrumbList\",\"@id\":\"https:\/\/rockofages.com\/fr\/processus-creation-monuments\/#breadcrumb\",\"itemListElement\":[{\"@type\":\"ListItem\",\"position\":1,\"name\":\"Home\",\"item\":\"https:\/\/rockofages.com\/fr\/\"},{\"@type\":\"ListItem\",\"position\":2,\"name\":\"Processus de cr\u00e9ation des monuments\"}]},{\"@type\":\"WebSite\",\"@id\":\"https:\/\/rockofages.com\/fr\/#website\",\"url\":\"https:\/\/rockofages.com\/fr\/\",\"name\":\"Rock of Ages | Handcrafted monuments\",\"description\":\"\",\"publisher\":{\"@id\":\"https:\/\/rockofages.com\/fr\/#organization\"},\"potentialAction\":[{\"@type\":\"SearchAction\",\"target\":{\"@type\":\"EntryPoint\",\"urlTemplate\":\"https:\/\/rockofages.com\/fr\/?s={search_term_string}\"},\"query-input\":{\"@type\":\"PropertyValueSpecification\",\"valueRequired\":true,\"valueName\":\"search_term_string\"}}],\"inLanguage\":\"fr-FR\"},{\"@type\":\"Organization\",\"@id\":\"https:\/\/rockofages.com\/fr\/#organization\",\"name\":\"Rock of Ages | Handcrafted monuments\",\"url\":\"https:\/\/rockofages.com\/fr\/\",\"logo\":{\"@type\":\"ImageObject\",\"inLanguage\":\"fr-FR\",\"@id\":\"https:\/\/rockofages.com\/fr\/#\/schema\/logo\/image\/\",\"url\":\"https:\/\/rockofages.com\/wp-content\/uploads\/2021\/12\/roa-logo.svg\",\"contentUrl\":\"https:\/\/rockofages.com\/wp-content\/uploads\/2021\/12\/roa-logo.svg\",\"caption\":\"Rock of Ages | Handcrafted monuments\"},\"image\":{\"@id\":\"https:\/\/rockofages.com\/fr\/#\/schema\/logo\/image\/\"}}]}<\/script>\n<!-- \/ Yoast SEO plugin. -->","yoast_head_json":{"title":"Processus de cr\u00e9ation des monuments - Rock of Ages | Handcrafted monuments","robots":{"index":"index","follow":"follow","max-snippet":"max-snippet:-1","max-image-preview":"max-image-preview:large","max-video-preview":"max-video-preview:-1"},"canonical":"https:\/\/rockofages.com\/fr\/processus-creation-monuments\/","og_locale":"fr_FR","og_type":"article","og_title":"Processus de cr\u00e9ation des monuments - Rock of Ages | Handcrafted monuments","og_description":"Processus de cr\u00e9ationdes monuments Choix du monument La cr\u00e9ation d\u2019un monument personnalis\u00e9 et porteur de sens est pour vous un investissement consid\u00e9rable en temps et en argent. Voil\u00e0 pourquoi nous souhaitons vous simplifier la t\u00e2che au maximum et garantir votre enti\u00e8re satisfaction. Chaque cimeti\u00e8re a sa propre r\u00e9glementation en ce qui concerne les types de [&hellip;]","og_url":"https:\/\/rockofages.com\/fr\/processus-creation-monuments\/","og_site_name":"Rock of Ages | Handcrafted monuments","article_modified_time":"2022-02-16T23:47:15+00:00","og_image":[{"url":"https:\/\/rockofages.com\/wp-content\/uploads\/2021\/12\/process.monument1.kendall.jpg","type":"","width":"","height":""}],"twitter_card":"summary_large_image","twitter_misc":{"Dur\u00e9e de lecture estim\u00e9e":"3 minutes"},"schema":{"@context":"https:\/\/schema.org","@graph":[{"@type":"WebPage","@id":"https:\/\/rockofages.com\/fr\/processus-creation-monuments\/","url":"https:\/\/rockofages.com\/fr\/processus-creation-monuments\/","name":"Processus de cr\u00e9ation des monuments - Rock of Ages | Handcrafted monuments","isPartOf":{"@id":"https:\/\/rockofages.com\/fr\/#website"},"primaryImageOfPage":{"@id":"https:\/\/rockofages.com\/fr\/processus-creation-monuments\/#primaryimage"},"image":{"@id":"https:\/\/rockofages.com\/fr\/processus-creation-monuments\/#primaryimage"},"thumbnailUrl":"https:\/\/rockofages.com\/wp-content\/uploads\/2021\/12\/process.monument1.kendall.jpg","datePublished":"2021-12-30T00:00:32+00:00","dateModified":"2022-02-16T23:47:15+00:00","breadcrumb":{"@id":"https:\/\/rockofages.com\/fr\/processus-creation-monuments\/#breadcrumb"},"inLanguage":"fr-FR","potentialAction":[{"@type":"ReadAction","target":["https:\/\/rockofages.com\/fr\/processus-creation-monuments\/"]}]},{"@type":"ImageObject","inLanguage":"fr-FR","@id":"https:\/\/rockofages.com\/fr\/processus-creation-monuments\/#primaryimage","url":"https:\/\/rockofages.com\/wp-content\/uploads\/2021\/12\/process.monument1.kendall.jpg","contentUrl":"https:\/\/rockofages.com\/wp-content\/uploads\/2021\/12\/process.monument1.kendall.jpg"},{"@type":"BreadcrumbList","@id":"https:\/\/rockofages.com\/fr\/processus-creation-monuments\/#breadcrumb","itemListElement":[{"@type":"ListItem","position":1,"name":"Home","item":"https:\/\/rockofages.com\/fr\/"},{"@type":"ListItem","position":2,"name":"Processus de cr\u00e9ation des monuments"}]},{"@type":"WebSite","@id":"https:\/\/rockofages.com\/fr\/#website","url":"https:\/\/rockofages.com\/fr\/","name":"Rock of Ages | Handcrafted monuments","description":"","publisher":{"@id":"https:\/\/rockofages.com\/fr\/#organization"},"potentialAction":[{"@type":"SearchAction","target":{"@type":"EntryPoint","urlTemplate":"https:\/\/rockofages.com\/fr\/?s={search_term_string}"},"query-input":{"@type":"PropertyValueSpecification","valueRequired":true,"valueName":"search_term_string"}}],"inLanguage":"fr-FR"},{"@type":"Organization","@id":"https:\/\/rockofages.com\/fr\/#organization","name":"Rock of Ages | Handcrafted monuments","url":"https:\/\/rockofages.com\/fr\/","logo":{"@type":"ImageObject","inLanguage":"fr-FR","@id":"https:\/\/rockofages.com\/fr\/#\/schema\/logo\/image\/","url":"https:\/\/rockofages.com\/wp-content\/uploads\/2021\/12\/roa-logo.svg","contentUrl":"https:\/\/rockofages.com\/wp-content\/uploads\/2021\/12\/roa-logo.svg","caption":"Rock of Ages | Handcrafted monuments"},"image":{"@id":"https:\/\/rockofages.com\/fr\/#\/schema\/logo\/image\/"}}]}},"uagb_featured_image_src":{"full":false,"thumbnail":false,"medium":false,"medium_large":false,"large":false,"1536x1536":false,"2048x2048":false,"thumbnail-gallery":false},"uagb_author_info":{"display_name":"Nathan Boole (Inbound Found)","author_link":"https:\/\/rockofages.com\/fr\/author\/nboole\/"},"uagb_comment_info":0,"uagb_excerpt":"Processus de cr\u00e9ationdes monuments Choix du monument La cr\u00e9ation d\u2019un monument personnalis\u00e9 et porteur de sens est pour vous un investissement consid\u00e9rable en temps et en argent. Voil\u00e0 pourquoi nous souhaitons vous simplifier la t\u00e2che au maximum et garantir votre enti\u00e8re satisfaction. Chaque cimeti\u00e8re a sa propre r\u00e9glementation en ce qui concerne les types de\u2026","_links":{"self":[{"href":"https:\/\/rockofages.com\/fr\/wp-json\/wp\/v2\/pages\/7467","targetHints":{"allow":["GET"]}}],"collection":[{"href":"https:\/\/rockofages.com\/fr\/wp-json\/wp\/v2\/pages"}],"about":[{"href":"https:\/\/rockofages.com\/fr\/wp-json\/wp\/v2\/types\/page"}],"author":[{"embeddable":true,"href":"https:\/\/rockofages.com\/fr\/wp-json\/wp\/v2\/users\/2"}],"replies":[{"embeddable":true,"href":"https:\/\/rockofages.com\/fr\/wp-json\/wp\/v2\/comments?post=7467"}],"version-history":[{"count":20,"href":"https:\/\/rockofages.com\/fr\/wp-json\/wp\/v2\/pages\/7467\/revisions"}],"predecessor-version":[{"id":10589,"href":"https:\/\/rockofages.com\/fr\/wp-json\/wp\/v2\/pages\/7467\/revisions\/10589"}],"wp:attachment":[{"href":"https:\/\/rockofages.com\/fr\/wp-json\/wp\/v2\/media?parent=7467"}],"curies":[{"name":"wp","href":"https:\/\/api.w.org\/{rel}","templated":true}]}}