{"id":7463,"date":"2021-12-29T23:59:33","date_gmt":"2021-12-29T23:59:33","guid":{"rendered":"https:\/\/dev2.rockofages.com\/creative-process-mausoleum\/"},"modified":"2022-02-16T23:44:27","modified_gmt":"2022-02-16T23:44:27","slug":"processus-creation-mausolees","status":"publish","type":"page","link":"https:\/\/rockofages.com\/fr\/processus-creation-mausolees\/","title":{"rendered":"Processus de cr\u00e9ation des mausol\u00e9es"},"content":{"rendered":"\n<div class=\"wp-block-group alignfull group-no-padding has-rust-lt-background-color has-background is-layout-flow wp-block-group-is-layout-flow\"><div class=\"wp-block-group__inner-container\">\n<div style=\"height:60px\" aria-hidden=\"true\" class=\"wp-block-spacer sm-30-high\"><\/div>\n\n\n\n<h2 class=\"alignfull has-text-align-center is-style-if-roa-heading is-style-if-roa-feat-heading-2 has-navy-color has-text-color wp-block-heading\" id=\"processus-de-creationdes-mausolees\">Processus de cr\u00e9ation<br>des mausol\u00e9es<\/h2>\n\n\n\n<div style=\"height:60px\" aria-hidden=\"true\" class=\"wp-block-spacer sm-30-high\"><\/div>\n<\/div><\/div>\n\n\n\n<div class=\"wp-block-group alignfull group-no-padding is-layout-flow wp-block-group-is-layout-flow\"><div class=\"wp-block-group__inner-container\">\n<div style=\"height:100px\" aria-hidden=\"true\" class=\"wp-block-spacer sm-30-high\"><\/div>\n\n\n\n<div class=\"wp-block-media-text alignwide is-stacked-on-mobile creative-process-media-left\"><figure class=\"wp-block-media-text__media\"><img loading=\"lazy\" decoding=\"async\" width=\"470\" height=\"570\" src=\"https:\/\/rockofages.com\/wp-content\/uploads\/2021\/12\/3ddesign@1x.jpg\" alt=\"\" class=\"wp-image-7243 size-full\" srcset=\"https:\/\/rockofages.com\/wp-content\/uploads\/2021\/12\/3ddesign@1x.jpg 470w, https:\/\/rockofages.com\/wp-content\/uploads\/2021\/12\/3ddesign@1x-247x300.jpg 247w\" sizes=\"auto, (max-width: 470px) 100vw, 470px\" \/><\/figure><div class=\"wp-block-media-text__content\">\n<div style=\"height:30px\" aria-hidden=\"true\" class=\"wp-block-spacer\"><\/div>\n\n\n\n<h2 class=\"is-style-if-roa-prod-head-1 wp-block-heading\" id=\"consultationet-conception\">Consultation<br>et conception<\/h2>\n\n\n\n<p class=\"is-style-if-roa-prod-text-1 has-navy-color has-text-color\">Tout mausol\u00e9e na\u00eet d\u2019une simple id\u00e9e. Notre mission est de concevoir une esquisse de votre id\u00e9e dans les moindres d\u00e9tails et de la concr\u00e9tiser avec doigt\u00e9. Jusqu\u2019\u00e0 la toute fin du projet, nous travaillons de concert avec vous afin d\u2019\u00e9laborer une vision, de construire le mausol\u00e9e de main de ma\u00eetre et finalement, de proc\u00e9der \u00e0 l\u2019installation \u00e0 l\u2019emplacement de votre choix.<\/p>\n\n\n\n<div style=\"height:30px\" aria-hidden=\"true\" class=\"wp-block-spacer\"><\/div>\n<\/div><\/div>\n\n\n\n<div style=\"height:100px\" aria-hidden=\"true\" class=\"wp-block-spacer md-60-high sm-15-high\"><\/div>\n<\/div><\/div>\n\n\n\n<div class=\"wp-block-group alignfull group-no-padding has-grey-vlt-background-color has-background is-layout-flow wp-block-group-is-layout-flow\"><div class=\"wp-block-group__inner-container\">\n<div class=\"wp-block-group is-layout-flow wp-block-group-is-layout-flow\"><div class=\"wp-block-group__inner-container\">\n<h2 class=\"has-text-align-center is-style-if-roa-prod-head-1 wp-block-heading\" id=\"types-de-mausolees\">Types de mausol\u00e9es<\/h2>\n\n\n\n<p class=\"has-text-align-center is-style-if-roa-prod-text-1 has-navy-color has-text-color\">Il existe de nombreux types de mausol\u00e9es, de la simple crypte individuelle \u00e0 l\u2019unit\u00e9 familiale personnalis\u00e9e. <\/p>\n\n\n\n<div style=\"height:45px\" aria-hidden=\"true\" class=\"wp-block-spacer\"><\/div>\n\n\n\n<div class=\"wp-block-columns is-layout-flex wp-container-core-columns-is-layout-28f84493 wp-block-columns-is-layout-flex\">\n<div class=\"wp-block-column is-vertically-aligned-bottom is-layout-flow wp-block-column-is-layout-flow\">\n<div class=\"wp-block-image\"><figure class=\"aligncenter size-full\"><img loading=\"lazy\" decoding=\"async\" width=\"117\" height=\"64\" src=\"https:\/\/rockofages.com\/wp-content\/uploads\/2021\/12\/small@1x.png\" alt=\"\" class=\"wp-image-7250\"\/><\/figure><\/div>\n\n\n\n<p class=\"has-text-align-center is-style-if-roa-prod-text-1 has-grey-md-lt-color has-text-color\">SARCOPHAGE<\/p>\n<\/div>\n\n\n\n<div class=\"wp-block-column is-vertically-aligned-bottom is-layout-flow wp-block-column-is-layout-flow\">\n<div class=\"wp-block-image\"><figure class=\"aligncenter size-full\"><img loading=\"lazy\" decoding=\"async\" width=\"84\" height=\"97\" src=\"https:\/\/rockofages.com\/wp-content\/uploads\/2021\/12\/medium@1x.png\" alt=\"\" class=\"wp-image-7253\"\/><\/figure><\/div>\n\n\n\n<p class=\"has-text-align-center is-style-if-roa-prod-text-1 has-grey-md-lt-color has-text-color\">PRIV\u00c9<\/p>\n<\/div>\n\n\n\n<div class=\"wp-block-column is-vertically-aligned-bottom is-layout-flow wp-block-column-is-layout-flow\">\n<div class=\"wp-block-image\"><figure class=\"aligncenter size-full\"><img loading=\"lazy\" decoding=\"async\" width=\"135\" height=\"131\" src=\"https:\/\/rockofages.com\/wp-content\/uploads\/2021\/12\/standard@1x.png\" alt=\"\" class=\"wp-image-7256\"\/><\/figure><\/div>\n\n\n\n<p class=\"has-text-align-center is-style-if-roa-prod-text-1 has-grey-md-lt-color has-text-color\">PRIV\u00c9 DE GRANDE TAILLE<\/p>\n<\/div>\n\n\n\n<div class=\"wp-block-column is-vertically-aligned-bottom is-layout-flow wp-block-column-is-layout-flow\">\n<figure class=\"wp-block-image size-full\"><img loading=\"lazy\" decoding=\"async\" width=\"209\" height=\"103\" src=\"https:\/\/rockofages.com\/wp-content\/uploads\/2021\/12\/super@1x.png\" alt=\"\" class=\"wp-image-7259\"\/><\/figure>\n\n\n\n<p class=\"has-text-align-center is-style-if-roa-prod-text-1 has-grey-md-lt-color has-text-color\">FAMILIAL PERSONNALIS\u00c9<\/p>\n<\/div>\n<\/div>\n<\/div><\/div>\n<\/div><\/div>\n\n\n\n<div class=\"wp-block-group alignfull group-no-padding is-layout-constrained wp-container-core-group-is-layout-15c356c4 wp-block-group-is-layout-constrained\"><div class=\"wp-block-group__inner-container\">\n<div style=\"height:100px\" aria-hidden=\"true\" class=\"wp-block-spacer md-spacer-5vh\"><\/div>\n\n\n\n<div class=\"wp-block-media-text alignwide has-media-on-the-right is-stacked-on-mobile is-style-default margin-right-0 creative-process-media-right\" style=\"grid-template-columns:auto 65%\"><figure class=\"wp-block-media-text__media\"><img loading=\"lazy\" decoding=\"async\" width=\"845\" height=\"570\" src=\"https:\/\/rockofages.com\/wp-content\/uploads\/2021\/12\/stonecarving@1x.jpg\" alt=\"\" class=\"wp-image-7271 size-full\" srcset=\"https:\/\/rockofages.com\/wp-content\/uploads\/2021\/12\/stonecarving@1x.jpg 845w, https:\/\/rockofages.com\/wp-content\/uploads\/2021\/12\/stonecarving@1x-300x202.jpg 300w, https:\/\/rockofages.com\/wp-content\/uploads\/2021\/12\/stonecarving@1x-768x518.jpg 768w\" sizes=\"auto, (max-width: 845px) 100vw, 845px\" \/><\/figure><div class=\"wp-block-media-text__content\">\n<div style=\"height:100px\" aria-hidden=\"true\" class=\"wp-block-spacer md-spacer-7vh editorskit-no-mobile\"><\/div>\n\n\n\n<h2 class=\"is-style-if-roa-prod-head-1 wp-block-heading\" id=\"sculpture-sur-pierre\">Sculpture sur pierre<\/h2>\n\n\n\n<p class=\"is-style-if-roa-prod-text-1 has-navy-color has-text-color\">Vous pouvez choisir parmi diff\u00e9rentes options de conception. Nos artisans peuvent mettre \u00e0 profit leur expertise afin de cr\u00e9er des sculptures et des d\u00e9tails artistiques sur mesure. Ils ont le pouvoir de transformer de simples blocs de granite en de somptueuses colonnes couronn\u00e9es de chapiteaux soigneusement sculpt\u00e9s afin de d\u00e9finir le style unique du mausol\u00e9e.<\/p>\n\n\n\n<div style=\"height:100px\" aria-hidden=\"true\" class=\"wp-block-spacer md-spacer-5vh editorskit-no-mobile\"><\/div>\n<\/div><\/div>\n\n\n\n<div style=\"height:100px\" aria-hidden=\"true\" class=\"wp-block-spacer md-spacer-5vh\"><\/div>\n<\/div><\/div>\n\n\n\n<div class=\"wp-block-group alignfull group-no-padding is-layout-flow wp-block-group-is-layout-flow\"><div class=\"wp-block-group__inner-container\">\n<div class=\"wp-block-media-text alignwide is-stacked-on-mobile creative-process-media-left\" style=\"grid-template-columns:49% auto\"><figure class=\"wp-block-media-text__media\"><img loading=\"lazy\" decoding=\"async\" width=\"470\" height=\"570\" src=\"https:\/\/rockofages.com\/wp-content\/uploads\/2021\/12\/Process.mausoleum3@1x.jpg\" alt=\"\" class=\"wp-image-7274 size-full\" srcset=\"https:\/\/rockofages.com\/wp-content\/uploads\/2021\/12\/Process.mausoleum3@1x.jpg 470w, https:\/\/rockofages.com\/wp-content\/uploads\/2021\/12\/Process.mausoleum3@1x-247x300.jpg 247w\" sizes=\"auto, (max-width: 470px) 100vw, 470px\" \/><\/figure><div class=\"wp-block-media-text__content\">\n<div style=\"height:50px\" aria-hidden=\"true\" class=\"wp-block-spacer sm-30-high\"><\/div>\n\n\n\n<h2 class=\"is-style-if-roa-prod-head-1 wp-block-heading\" id=\"fabricationet-installation\">Fabrication<br>et installation<\/h2>\n\n\n\n<p class=\"is-style-if-roa-prod-text-1 has-navy-color has-text-color\">Rock of Ages veille \u00e0 ce que tous les joints structuraux soient ancr\u00e9s, rev\u00eatus d\u2019\u00e9poxy et scell\u00e9s \u00e0 l\u2019aide d\u2019un adh\u00e9sif \u00e0 base de silicone afin d\u2019assurer une adh\u00e9rence et une imperm\u00e9abilit\u00e9 de longue dur\u00e9e. Les mausol\u00e9es assembl\u00e9s dans notre centre de fabrication sont constitu\u00e9s d\u2019une base unique en granite solide afin d\u2019\u00e9viter le risque de bris caus\u00e9s par le soul\u00e8vement ou l\u2019affaissement du sol en raison du gel. <\/p>\n\n\n\n<p class=\"is-style-if-roa-prod-text-1 has-navy-color has-text-color\">De plus, nous b\u00e9n\u00e9ficions d\u2019espaces uniques \u00e0 la fine pointe de la technologie o\u00f9 il est possible de fabriquer des pi\u00e8ces surdimensionn\u00e9es dot\u00e9es d\u2019un plus petit nombre de joints, de mettre en \u0153uvre un nombre illimit\u00e9 d\u2019options de conception et de faire de l\u2019assemblage de pr\u00e9cision.<\/p>\n\n\n\n<div style=\"height:50px\" aria-hidden=\"true\" class=\"wp-block-spacer editorskit-no-mobile\"><\/div>\n<\/div><\/div>\n\n\n\n<div style=\"height:50px\" aria-hidden=\"true\" class=\"wp-block-spacer\"><\/div>\n<\/div><\/div>\n","protected":false},"excerpt":{"rendered":"<p>Processus de cr\u00e9ationdes mausol\u00e9es Consultationet conception Tout mausol\u00e9e na\u00eet d\u2019une simple id\u00e9e. Notre mission est de concevoir une esquisse de votre id\u00e9e dans les moindres d\u00e9tails et de la concr\u00e9tiser avec doigt\u00e9. Jusqu\u2019\u00e0 la toute fin du projet, nous travaillons de concert avec vous afin d\u2019\u00e9laborer une vision, de construire le mausol\u00e9e de main de [&hellip;]<\/p>\n","protected":false},"author":2,"featured_media":0,"parent":0,"menu_order":0,"comment_status":"closed","ping_status":"closed","template":"","meta":{"_acf_changed":false,"_editorskit_title_hidden":false,"_editorskit_reading_time":1,"_editorskit_is_block_options_detached":false,"_editorskit_block_options_position":"{}","content-type":"","_uag_custom_page_level_css":"","site-sidebar-layout":"default","site-content-layout":"","ast-site-content-layout":"default","site-content-style":"default","site-sidebar-style":"default","ast-global-header-display":"","ast-banner-title-visibility":"","ast-main-header-display":"","ast-hfb-above-header-display":"","ast-hfb-below-header-display":"","ast-hfb-mobile-header-display":"","site-post-title":"","ast-breadcrumbs-content":"","ast-featured-img":"","footer-sml-layout":"","ast-disable-related-posts":"","theme-transparent-header-meta":"","adv-header-id-meta":"","stick-header-meta":"","header-above-stick-meta":"","header-main-stick-meta":"","header-below-stick-meta":"","astra-migrate-meta-layouts":"default","ast-page-background-enabled":"default","ast-page-background-meta":{"desktop":{"background-color":"var(--ast-global-color-4)","background-image":"","background-repeat":"repeat","background-position":"center center","background-size":"auto","background-attachment":"scroll","background-type":"","background-media":"","overlay-type":"","overlay-color":"","overlay-opacity":"","overlay-gradient":""},"tablet":{"background-color":"","background-image":"","background-repeat":"repeat","background-position":"center center","background-size":"auto","background-attachment":"scroll","background-type":"","background-media":"","overlay-type":"","overlay-color":"","overlay-opacity":"","overlay-gradient":""},"mobile":{"background-color":"","background-image":"","background-repeat":"repeat","background-position":"center center","background-size":"auto","background-attachment":"scroll","background-type":"","background-media":"","overlay-type":"","overlay-color":"","overlay-opacity":"","overlay-gradient":""}},"ast-content-background-meta":{"desktop":{"background-color":"var(--ast-global-color-5)","background-image":"","background-repeat":"repeat","background-position":"center center","background-size":"auto","background-attachment":"scroll","background-type":"","background-media":"","overlay-type":"","overlay-color":"","overlay-opacity":"","overlay-gradient":""},"tablet":{"background-color":"var(--ast-global-color-5)","background-image":"","background-repeat":"repeat","background-position":"center center","background-size":"auto","background-attachment":"scroll","background-type":"","background-media":"","overlay-type":"","overlay-color":"","overlay-opacity":"","overlay-gradient":""},"mobile":{"background-color":"var(--ast-global-color-5)","background-image":"","background-repeat":"repeat","background-position":"center center","background-size":"auto","background-attachment":"scroll","background-type":"","background-media":"","overlay-type":"","overlay-color":"","overlay-opacity":"","overlay-gradient":""}},"footnotes":""},"class_list":["post-7463","page","type-page","status-publish","hentry"],"acf":[],"yoast_head":"<!-- This site is optimized with the Yoast SEO plugin v27.2 - https:\/\/yoast.com\/product\/yoast-seo-wordpress\/ -->\n<title>Processus de cr\u00e9ation des mausol\u00e9es - Rock of Ages | Handcrafted monuments<\/title>\n<meta name=\"robots\" content=\"index, follow, max-snippet:-1, max-image-preview:large, max-video-preview:-1\" \/>\n<link rel=\"canonical\" href=\"https:\/\/rockofages.com\/fr\/processus-creation-mausolees\/\" \/>\n<meta property=\"og:locale\" content=\"fr_FR\" \/>\n<meta property=\"og:type\" content=\"article\" \/>\n<meta property=\"og:title\" content=\"Processus de cr\u00e9ation des mausol\u00e9es - Rock of Ages | Handcrafted monuments\" \/>\n<meta property=\"og:description\" content=\"Processus de cr\u00e9ationdes mausol\u00e9es Consultationet conception Tout mausol\u00e9e na\u00eet d\u2019une simple id\u00e9e. Notre mission est de concevoir une esquisse de votre id\u00e9e dans les moindres d\u00e9tails et de la concr\u00e9tiser avec doigt\u00e9. Jusqu\u2019\u00e0 la toute fin du projet, nous travaillons de concert avec vous afin d\u2019\u00e9laborer une vision, de construire le mausol\u00e9e de main de [&hellip;]\" \/>\n<meta property=\"og:url\" content=\"https:\/\/rockofages.com\/fr\/processus-creation-mausolees\/\" \/>\n<meta property=\"og:site_name\" content=\"Rock of Ages | Handcrafted monuments\" \/>\n<meta property=\"article:modified_time\" content=\"2022-02-16T23:44:27+00:00\" \/>\n<meta property=\"og:image\" content=\"https:\/\/rockofages.com\/wp-content\/uploads\/2021\/12\/3ddesign@1x.jpg\" \/>\n<meta name=\"twitter:card\" content=\"summary_large_image\" \/>\n<meta name=\"twitter:label1\" content=\"Dur\u00e9e de lecture estim\u00e9e\" \/>\n\t<meta name=\"twitter:data1\" content=\"3 minutes\" \/>\n<script type=\"application\/ld+json\" class=\"yoast-schema-graph\">{\"@context\":\"https:\/\/schema.org\",\"@graph\":[{\"@type\":\"WebPage\",\"@id\":\"https:\/\/rockofages.com\/fr\/processus-creation-mausolees\/\",\"url\":\"https:\/\/rockofages.com\/fr\/processus-creation-mausolees\/\",\"name\":\"Processus de cr\u00e9ation des mausol\u00e9es - Rock of Ages | Handcrafted monuments\",\"isPartOf\":{\"@id\":\"https:\/\/rockofages.com\/fr\/#website\"},\"primaryImageOfPage\":{\"@id\":\"https:\/\/rockofages.com\/fr\/processus-creation-mausolees\/#primaryimage\"},\"image\":{\"@id\":\"https:\/\/rockofages.com\/fr\/processus-creation-mausolees\/#primaryimage\"},\"thumbnailUrl\":\"https:\/\/rockofages.com\/wp-content\/uploads\/2021\/12\/3ddesign@1x.jpg\",\"datePublished\":\"2021-12-29T23:59:33+00:00\",\"dateModified\":\"2022-02-16T23:44:27+00:00\",\"breadcrumb\":{\"@id\":\"https:\/\/rockofages.com\/fr\/processus-creation-mausolees\/#breadcrumb\"},\"inLanguage\":\"fr-FR\",\"potentialAction\":[{\"@type\":\"ReadAction\",\"target\":[\"https:\/\/rockofages.com\/fr\/processus-creation-mausolees\/\"]}]},{\"@type\":\"ImageObject\",\"inLanguage\":\"fr-FR\",\"@id\":\"https:\/\/rockofages.com\/fr\/processus-creation-mausolees\/#primaryimage\",\"url\":\"https:\/\/rockofages.com\/wp-content\/uploads\/2021\/12\/3ddesign@1x.jpg\",\"contentUrl\":\"https:\/\/rockofages.com\/wp-content\/uploads\/2021\/12\/3ddesign@1x.jpg\"},{\"@type\":\"BreadcrumbList\",\"@id\":\"https:\/\/rockofages.com\/fr\/processus-creation-mausolees\/#breadcrumb\",\"itemListElement\":[{\"@type\":\"ListItem\",\"position\":1,\"name\":\"Home\",\"item\":\"https:\/\/rockofages.com\/fr\/\"},{\"@type\":\"ListItem\",\"position\":2,\"name\":\"Processus de cr\u00e9ation des mausol\u00e9es\"}]},{\"@type\":\"WebSite\",\"@id\":\"https:\/\/rockofages.com\/fr\/#website\",\"url\":\"https:\/\/rockofages.com\/fr\/\",\"name\":\"Rock of Ages | Handcrafted monuments\",\"description\":\"\",\"publisher\":{\"@id\":\"https:\/\/rockofages.com\/fr\/#organization\"},\"potentialAction\":[{\"@type\":\"SearchAction\",\"target\":{\"@type\":\"EntryPoint\",\"urlTemplate\":\"https:\/\/rockofages.com\/fr\/?s={search_term_string}\"},\"query-input\":{\"@type\":\"PropertyValueSpecification\",\"valueRequired\":true,\"valueName\":\"search_term_string\"}}],\"inLanguage\":\"fr-FR\"},{\"@type\":\"Organization\",\"@id\":\"https:\/\/rockofages.com\/fr\/#organization\",\"name\":\"Rock of Ages | Handcrafted monuments\",\"url\":\"https:\/\/rockofages.com\/fr\/\",\"logo\":{\"@type\":\"ImageObject\",\"inLanguage\":\"fr-FR\",\"@id\":\"https:\/\/rockofages.com\/fr\/#\/schema\/logo\/image\/\",\"url\":\"https:\/\/rockofages.com\/wp-content\/uploads\/2021\/12\/roa-logo.svg\",\"contentUrl\":\"https:\/\/rockofages.com\/wp-content\/uploads\/2021\/12\/roa-logo.svg\",\"caption\":\"Rock of Ages | Handcrafted monuments\"},\"image\":{\"@id\":\"https:\/\/rockofages.com\/fr\/#\/schema\/logo\/image\/\"}}]}<\/script>\n<!-- \/ Yoast SEO plugin. -->","yoast_head_json":{"title":"Processus de cr\u00e9ation des mausol\u00e9es - Rock of Ages | Handcrafted monuments","robots":{"index":"index","follow":"follow","max-snippet":"max-snippet:-1","max-image-preview":"max-image-preview:large","max-video-preview":"max-video-preview:-1"},"canonical":"https:\/\/rockofages.com\/fr\/processus-creation-mausolees\/","og_locale":"fr_FR","og_type":"article","og_title":"Processus de cr\u00e9ation des mausol\u00e9es - Rock of Ages | Handcrafted monuments","og_description":"Processus de cr\u00e9ationdes mausol\u00e9es Consultationet conception Tout mausol\u00e9e na\u00eet d\u2019une simple id\u00e9e. Notre mission est de concevoir une esquisse de votre id\u00e9e dans les moindres d\u00e9tails et de la concr\u00e9tiser avec doigt\u00e9. Jusqu\u2019\u00e0 la toute fin du projet, nous travaillons de concert avec vous afin d\u2019\u00e9laborer une vision, de construire le mausol\u00e9e de main de [&hellip;]","og_url":"https:\/\/rockofages.com\/fr\/processus-creation-mausolees\/","og_site_name":"Rock of Ages | Handcrafted monuments","article_modified_time":"2022-02-16T23:44:27+00:00","og_image":[{"url":"https:\/\/rockofages.com\/wp-content\/uploads\/2021\/12\/3ddesign@1x.jpg","type":"","width":"","height":""}],"twitter_card":"summary_large_image","twitter_misc":{"Dur\u00e9e de lecture estim\u00e9e":"3 minutes"},"schema":{"@context":"https:\/\/schema.org","@graph":[{"@type":"WebPage","@id":"https:\/\/rockofages.com\/fr\/processus-creation-mausolees\/","url":"https:\/\/rockofages.com\/fr\/processus-creation-mausolees\/","name":"Processus de cr\u00e9ation des mausol\u00e9es - Rock of Ages | Handcrafted monuments","isPartOf":{"@id":"https:\/\/rockofages.com\/fr\/#website"},"primaryImageOfPage":{"@id":"https:\/\/rockofages.com\/fr\/processus-creation-mausolees\/#primaryimage"},"image":{"@id":"https:\/\/rockofages.com\/fr\/processus-creation-mausolees\/#primaryimage"},"thumbnailUrl":"https:\/\/rockofages.com\/wp-content\/uploads\/2021\/12\/3ddesign@1x.jpg","datePublished":"2021-12-29T23:59:33+00:00","dateModified":"2022-02-16T23:44:27+00:00","breadcrumb":{"@id":"https:\/\/rockofages.com\/fr\/processus-creation-mausolees\/#breadcrumb"},"inLanguage":"fr-FR","potentialAction":[{"@type":"ReadAction","target":["https:\/\/rockofages.com\/fr\/processus-creation-mausolees\/"]}]},{"@type":"ImageObject","inLanguage":"fr-FR","@id":"https:\/\/rockofages.com\/fr\/processus-creation-mausolees\/#primaryimage","url":"https:\/\/rockofages.com\/wp-content\/uploads\/2021\/12\/3ddesign@1x.jpg","contentUrl":"https:\/\/rockofages.com\/wp-content\/uploads\/2021\/12\/3ddesign@1x.jpg"},{"@type":"BreadcrumbList","@id":"https:\/\/rockofages.com\/fr\/processus-creation-mausolees\/#breadcrumb","itemListElement":[{"@type":"ListItem","position":1,"name":"Home","item":"https:\/\/rockofages.com\/fr\/"},{"@type":"ListItem","position":2,"name":"Processus de cr\u00e9ation des mausol\u00e9es"}]},{"@type":"WebSite","@id":"https:\/\/rockofages.com\/fr\/#website","url":"https:\/\/rockofages.com\/fr\/","name":"Rock of Ages | Handcrafted monuments","description":"","publisher":{"@id":"https:\/\/rockofages.com\/fr\/#organization"},"potentialAction":[{"@type":"SearchAction","target":{"@type":"EntryPoint","urlTemplate":"https:\/\/rockofages.com\/fr\/?s={search_term_string}"},"query-input":{"@type":"PropertyValueSpecification","valueRequired":true,"valueName":"search_term_string"}}],"inLanguage":"fr-FR"},{"@type":"Organization","@id":"https:\/\/rockofages.com\/fr\/#organization","name":"Rock of Ages | Handcrafted monuments","url":"https:\/\/rockofages.com\/fr\/","logo":{"@type":"ImageObject","inLanguage":"fr-FR","@id":"https:\/\/rockofages.com\/fr\/#\/schema\/logo\/image\/","url":"https:\/\/rockofages.com\/wp-content\/uploads\/2021\/12\/roa-logo.svg","contentUrl":"https:\/\/rockofages.com\/wp-content\/uploads\/2021\/12\/roa-logo.svg","caption":"Rock of Ages | Handcrafted monuments"},"image":{"@id":"https:\/\/rockofages.com\/fr\/#\/schema\/logo\/image\/"}}]}},"uagb_featured_image_src":{"full":false,"thumbnail":false,"medium":false,"medium_large":false,"large":false,"1536x1536":false,"2048x2048":false,"thumbnail-gallery":false},"uagb_author_info":{"display_name":"Nathan Boole (Inbound Found)","author_link":"https:\/\/rockofages.com\/fr\/author\/nboole\/"},"uagb_comment_info":0,"uagb_excerpt":"Processus de cr\u00e9ationdes mausol\u00e9es Consultationet conception Tout mausol\u00e9e na\u00eet d\u2019une simple id\u00e9e. Notre mission est de concevoir une esquisse de votre id\u00e9e dans les moindres d\u00e9tails et de la concr\u00e9tiser avec doigt\u00e9. Jusqu\u2019\u00e0 la toute fin du projet, nous travaillons de concert avec vous afin d\u2019\u00e9laborer une vision, de construire le mausol\u00e9e de main de\u2026","_links":{"self":[{"href":"https:\/\/rockofages.com\/fr\/wp-json\/wp\/v2\/pages\/7463","targetHints":{"allow":["GET"]}}],"collection":[{"href":"https:\/\/rockofages.com\/fr\/wp-json\/wp\/v2\/pages"}],"about":[{"href":"https:\/\/rockofages.com\/fr\/wp-json\/wp\/v2\/types\/page"}],"author":[{"embeddable":true,"href":"https:\/\/rockofages.com\/fr\/wp-json\/wp\/v2\/users\/2"}],"replies":[{"embeddable":true,"href":"https:\/\/rockofages.com\/fr\/wp-json\/wp\/v2\/comments?post=7463"}],"version-history":[{"count":13,"href":"https:\/\/rockofages.com\/fr\/wp-json\/wp\/v2\/pages\/7463\/revisions"}],"predecessor-version":[{"id":10587,"href":"https:\/\/rockofages.com\/fr\/wp-json\/wp\/v2\/pages\/7463\/revisions\/10587"}],"wp:attachment":[{"href":"https:\/\/rockofages.com\/fr\/wp-json\/wp\/v2\/media?parent=7463"}],"curies":[{"name":"wp","href":"https:\/\/api.w.org\/{rel}","templated":true}]}}