{"id":7455,"date":"2021-12-29T23:57:51","date_gmt":"2021-12-29T23:57:51","guid":{"rendered":"https:\/\/dev2.rockofages.com\/creative-process-columbaria\/"},"modified":"2022-01-14T02:49:52","modified_gmt":"2022-01-14T02:49:52","slug":"creative-process-columbaria","status":"publish","type":"page","link":"https:\/\/rockofages.com\/fr\/creative-process-columbaria\/","title":{"rendered":"Processus de cr\u00e9ation des columbariums"},"content":{"rendered":"\n<div class=\"wp-block-group alignfull group-no-padding has-rust-lt-background-color has-background is-layout-flow wp-block-group-is-layout-flow\"><div class=\"wp-block-group__inner-container\">\n<div style=\"height:60px\" aria-hidden=\"true\" class=\"wp-block-spacer sm-30-high\"><\/div>\n\n\n\n<h2 class=\"alignfull has-text-align-center is-style-if-roa-heading is-style-if-roa-feat-heading-2 has-navy-color has-text-color wp-block-heading\">Processus de cr\u00e9ation<br\/>des columbariums<\/h2>\n\n\n\n<div style=\"height:60px\" aria-hidden=\"true\" class=\"wp-block-spacer sm-30-high\"><\/div>\n<\/div><\/div>\n\n<div class=\"wp-block-group alignfull group-no-padding is-layout-flow wp-block-group-is-layout-flow\"><div class=\"wp-block-group__inner-container\">\n<div style=\"height:100px\" aria-hidden=\"true\" class=\"wp-block-spacer sm-15-high\"><\/div>\n\n\n\n<div class=\"wp-block-media-text alignwide is-stacked-on-mobile creative-process-media-left is-style-default\"><figure class=\"wp-block-media-text__media\"><img loading=\"lazy\" decoding=\"async\" width=\"470\" height=\"570\" src=\"https:\/\/rockofages.com\/wp-content\/uploads\/2021\/12\/Columbarium_process1@1x.jpg\" alt=\"\" class=\"wp-image-7280 size-full\" srcset=\"https:\/\/rockofages.com\/wp-content\/uploads\/2021\/12\/Columbarium_process1@1x.jpg 470w, https:\/\/rockofages.com\/wp-content\/uploads\/2021\/12\/Columbarium_process1@1x-247x300.jpg 247w\" sizes=\"auto, (max-width: 470px) 100vw, 470px\" \/><\/figure><div class=\"wp-block-media-text__content\">\n<div style=\"height:100px\" aria-hidden=\"true\" class=\"wp-block-spacer md-spacer-5vh\"><\/div>\n\n\n\n<h2 class=\"is-style-if-roa-prod-head-1 wp-block-heading\">Consultation<\/h2>\n\n\n\n<p class=\"is-style-if-roa-prod-text-1 has-navy-color has-text-color\">Notre r\u00f4le est de vous guider \u00e0 travers le processus complet de conception du columbarium et de r\u00e9pondre \u00e0 l\u2019ensemble de vos attentes. Nous commen\u00e7ons par recueillir vos id\u00e9es tout en prenant note de vos besoins et de vos souhaits. Nous vous fournissons par la suite un plan d\u2019action et entamons la phase de fabrication.  <\/p>\n\n\n\n<div style=\"height:100px\" aria-hidden=\"true\" class=\"wp-block-spacer md-spacer-7vh\"><\/div>\n<\/div><\/div>\n\n\n\n<div style=\"height:100px\" aria-hidden=\"true\" class=\"wp-block-spacer md-spacer-5vh\"><\/div>\n<\/div><\/div>\n\n<div class=\"wp-block-group alignfull group-no-padding has-grey-vlt-background-color has-background is-layout-flow wp-block-group-is-layout-flow\"><div class=\"wp-block-group__inner-container\">\n<div class=\"wp-block-group is-layout-flow wp-block-group-is-layout-flow\"><div class=\"wp-block-group__inner-container\">\n<h2 class=\"has-text-align-center is-style-if-roa-prod-head-1 wp-block-heading\">Types de columbariums<\/h2>\n\n\n\n<p class=\"has-text-align-center is-style-if-roa-prod-text-1 has-navy-color has-text-color\">Nos columbariums peuvent prendre diverses formes et dimensions. Vous avez le choix entre des formes rectilignes, arrondies ou polygonales. Vous y trouverez \u00e0 coup s\u00fbr ce que vous recherchez. <\/p>\n\n\n\n<div style=\"height:45px\" aria-hidden=\"true\" class=\"wp-block-spacer\"><\/div>\n\n\n\n<div class=\"wp-block-columns is-layout-flex wp-container-core-columns-is-layout-28f84493 wp-block-columns-is-layout-flex\">\n<div class=\"wp-block-column is-vertically-aligned-bottom is-layout-flow wp-block-column-is-layout-flow\">\n<div class=\"wp-block-image\"><figure class=\"aligncenter size-full\"><img loading=\"lazy\" decoding=\"async\" width=\"141\" height=\"103\" src=\"https:\/\/rockofages.com\/wp-content\/uploads\/2021\/12\/straight@1x.png\" alt=\"\" class=\"wp-image-7283\"\/><\/figure><\/div>\n\n\n\n<p class=\"has-text-align-center is-style-if-roa-prod-text-1 has-grey-md-lt-color has-text-color\">RECTILIGNE<\/p>\n<\/div>\n\n\n\n<div class=\"wp-block-column is-vertically-aligned-bottom is-layout-flow wp-block-column-is-layout-flow\">\n<div class=\"wp-block-image\"><figure class=\"aligncenter size-full\"><img loading=\"lazy\" decoding=\"async\" width=\"136\" height=\"80\" src=\"https:\/\/rockofages.com\/wp-content\/uploads\/2021\/12\/curved@1x.png\" alt=\"\" class=\"wp-image-7286\"\/><\/figure><\/div>\n\n\n\n<p class=\"has-text-align-center is-style-if-roa-prod-text-1 has-grey-md-lt-color has-text-color\">ARRONDI<\/p>\n<\/div>\n\n\n\n<div class=\"wp-block-column is-vertically-aligned-bottom is-layout-flow wp-block-column-is-layout-flow\">\n<div class=\"wp-block-image\"><figure class=\"aligncenter size-full\"><img loading=\"lazy\" decoding=\"async\" width=\"89\" height=\"107\" src=\"https:\/\/rockofages.com\/wp-content\/uploads\/2021\/12\/polygon@1x.png\" alt=\"\" class=\"wp-image-7289\"\/><\/figure><\/div>\n\n\n\n<p class=\"has-text-align-center is-style-if-roa-prod-text-1 has-grey-md-lt-color has-text-color\">POLYGONAL<\/p>\n<\/div>\n\n\n\n<div class=\"wp-block-column is-vertically-aligned-bottom is-layout-flow wp-block-column-is-layout-flow\">\n<div class=\"wp-block-image\"><figure class=\"aligncenter size-full\"><img loading=\"lazy\" decoding=\"async\" width=\"168\" height=\"98\" src=\"https:\/\/rockofages.com\/wp-content\/uploads\/2021\/12\/customcolumbarium@1x.png\" alt=\"\" class=\"wp-image-7292\"\/><\/figure><\/div>\n\n\n\n<p class=\"has-text-align-center is-style-if-roa-prod-text-1 has-grey-md-lt-color has-text-color\">PERSONNALIS\u00c9<\/p>\n<\/div>\n<\/div>\n<\/div><\/div>\n<\/div><\/div>\n\n<div class=\"wp-block-group alignfull group-no-padding is-layout-constrained wp-container-core-group-is-layout-15c356c4 wp-block-group-is-layout-constrained\"><div class=\"wp-block-group__inner-container\">\n<div style=\"height:100px\" aria-hidden=\"true\" class=\"wp-block-spacer md-spacer-7vh\"><\/div>\n\n\n\n<div class=\"wp-block-media-text alignwide has-media-on-the-right is-stacked-on-mobile is-style-default margin-right-0 creative-process-media-right\" style=\"grid-template-columns:auto 65%\"><figure class=\"wp-block-media-text__media\"><img loading=\"lazy\" decoding=\"async\" width=\"845\" height=\"570\" src=\"https:\/\/rockofages.com\/wp-content\/uploads\/2021\/12\/process.columbaria.us@1x.jpg\" alt=\"\" class=\"wp-image-7297 size-full\" srcset=\"https:\/\/rockofages.com\/wp-content\/uploads\/2021\/12\/process.columbaria.us@1x.jpg 845w, https:\/\/rockofages.com\/wp-content\/uploads\/2021\/12\/process.columbaria.us@1x-300x202.jpg 300w, https:\/\/rockofages.com\/wp-content\/uploads\/2021\/12\/process.columbaria.us@1x-768x518.jpg 768w\" sizes=\"auto, (max-width: 845px) 100vw, 845px\" \/><\/figure><div class=\"wp-block-media-text__content\">\n<div style=\"height:50px\" aria-hidden=\"true\" class=\"wp-block-spacer md-spacer-7vh\"><\/div>\n\n\n\n<h2 class=\"is-style-if-roa-prod-head-1 wp-block-heading\">Conception<\/h2>\n\n\n\n<p class=\"is-style-if-roa-prod-text-1 has-navy-color has-text-color\">Nos columbariums peuvent prendre diverses formes et dimensions : ils peuvent \u00eatre simples ou \u00e9labor\u00e9s et ils arborent tous des lignes architecturales soign\u00e9es. L\u2019\u00e9quipe de cr\u00e9ation de Rock of Ages est en mesure de concevoir n\u2019importe quel type de mod\u00e8le.<\/p>\n\n\n\n<div style=\"height:50px\" aria-hidden=\"true\" class=\"wp-block-spacer md-spacer-5vh editorskit-no-mobile\"><\/div>\n<\/div><\/div>\n\n\n\n<div style=\"height:100px\" aria-hidden=\"true\" class=\"wp-block-spacer md-spacer-5vh\"><\/div>\n<\/div><\/div>\n\n<div class=\"wp-block-group alignfull group-no-padding is-layout-flow wp-block-group-is-layout-flow\"><div class=\"wp-block-group__inner-container\">\n<div class=\"wp-block-media-text alignwide is-stacked-on-mobile creative-process-media-left\"><figure class=\"wp-block-media-text__media\"><img loading=\"lazy\" decoding=\"async\" width=\"470\" height=\"570\" src=\"https:\/\/rockofages.com\/wp-content\/uploads\/2021\/12\/process.columbaria3@1x.jpg\" alt=\"\" class=\"wp-image-7300 size-full\" srcset=\"https:\/\/rockofages.com\/wp-content\/uploads\/2021\/12\/process.columbaria3@1x.jpg 470w, https:\/\/rockofages.com\/wp-content\/uploads\/2021\/12\/process.columbaria3@1x-247x300.jpg 247w\" sizes=\"auto, (max-width: 470px) 100vw, 470px\" \/><\/figure><div class=\"wp-block-media-text__content\">\n<div style=\"height:34px\" aria-hidden=\"true\" class=\"wp-block-spacer md-spacer-5vh\"><\/div>\n\n\n\n<h2 class=\"is-style-if-roa-prod-head-1 wp-block-heading\">Fabrication<\/h2>\n\n\n\n<p class=\"is-style-if-roa-prod-text-1 has-navy-color has-text-color\">Notre syst\u00e8me de niches individuelles, savamment pens\u00e9 par nos ing\u00e9nieurs et parfaitement fa\u00e7onn\u00e9 dans notre granite de premi\u00e8re qualit\u00e9, est un gage d\u2019intimit\u00e9 et de respect pour les ann\u00e9es \u00e0 venir. Nos columbariums, constitu\u00e9s d\u2019une structure en aluminium de qualit\u00e9 sup\u00e9rieure, d\u2019un rev\u00eatement en granite tr\u00e8s robuste et de portes en aluminium et en granite, sont parmi les plus s\u00fbrs sur le march\u00e9. Tous les joints structuraux sont ancr\u00e9s, recouverts d\u2019\u00e9poxy et scell\u00e9s avec de l\u2019adh\u00e9sif \u00e0 base de silicone pour assurer une adh\u00e9rence et une imperm\u00e9abilit\u00e9 de longue dur\u00e9e.  <\/p>\n\n\n\n<p class=\"is-style-if-roa-prod-text-1 has-navy-color has-text-color\">Nous savons combien cet hommage perp\u00e9tuel est important pour vous. C\u2019est pourquoi nous avons \u00e0 c\u0153ur de traiter chaque d\u00e9tail avec soin et diligence. De la conception \u00e0 la s\u00e9lection des mat\u00e9riaux et de la fabrication \u00e0 l\u2019installation, nous serons pr\u00e9sents \u00e0 toutes les \u00e9tapes du processus. <\/p>\n\n\n\n<div style=\"height:34px\" aria-hidden=\"true\" class=\"wp-block-spacer md-spacer-5vh editorskit-no-mobile\"><\/div>\n<\/div><\/div>\n\n\n\n<div style=\"height:50px\" aria-hidden=\"true\" class=\"wp-block-spacer\"><\/div>\n<\/div><\/div>\n","protected":false},"excerpt":{"rendered":"<p>Processus de cr\u00e9ationdes columbariums Consultation Notre r\u00f4le est de vous guider \u00e0 travers le processus complet de conception du columbarium et de r\u00e9pondre \u00e0 l\u2019ensemble de vos attentes. Nous commen\u00e7ons par recueillir vos id\u00e9es tout en prenant note de vos besoins et de vos souhaits. Nous vous fournissons par la suite un plan d\u2019action et [&hellip;]<\/p>\n","protected":false},"author":2,"featured_media":0,"parent":0,"menu_order":0,"comment_status":"closed","ping_status":"closed","template":"","meta":{"_acf_changed":false,"_editorskit_title_hidden":false,"_editorskit_reading_time":0,"_editorskit_is_block_options_detached":false,"_editorskit_block_options_position":"{}","content-type":"","_uag_custom_page_level_css":"","site-sidebar-layout":"default","site-content-layout":"","ast-site-content-layout":"default","site-content-style":"default","site-sidebar-style":"default","ast-global-header-display":"","ast-banner-title-visibility":"","ast-main-header-display":"","ast-hfb-above-header-display":"","ast-hfb-below-header-display":"","ast-hfb-mobile-header-display":"","site-post-title":"","ast-breadcrumbs-content":"","ast-featured-img":"","footer-sml-layout":"","ast-disable-related-posts":"","theme-transparent-header-meta":"","adv-header-id-meta":"","stick-header-meta":"","header-above-stick-meta":"","header-main-stick-meta":"","header-below-stick-meta":"","astra-migrate-meta-layouts":"default","ast-page-background-enabled":"default","ast-page-background-meta":{"desktop":{"background-color":"var(--ast-global-color-4)","background-image":"","background-repeat":"repeat","background-position":"center center","background-size":"auto","background-attachment":"scroll","background-type":"","background-media":"","overlay-type":"","overlay-color":"","overlay-opacity":"","overlay-gradient":""},"tablet":{"background-color":"","background-image":"","background-repeat":"repeat","background-position":"center center","background-size":"auto","background-attachment":"scroll","background-type":"","background-media":"","overlay-type":"","overlay-color":"","overlay-opacity":"","overlay-gradient":""},"mobile":{"background-color":"","background-image":"","background-repeat":"repeat","background-position":"center center","background-size":"auto","background-attachment":"scroll","background-type":"","background-media":"","overlay-type":"","overlay-color":"","overlay-opacity":"","overlay-gradient":""}},"ast-content-background-meta":{"desktop":{"background-color":"var(--ast-global-color-5)","background-image":"","background-repeat":"repeat","background-position":"center center","background-size":"auto","background-attachment":"scroll","background-type":"","background-media":"","overlay-type":"","overlay-color":"","overlay-opacity":"","overlay-gradient":""},"tablet":{"background-color":"var(--ast-global-color-5)","background-image":"","background-repeat":"repeat","background-position":"center center","background-size":"auto","background-attachment":"scroll","background-type":"","background-media":"","overlay-type":"","overlay-color":"","overlay-opacity":"","overlay-gradient":""},"mobile":{"background-color":"var(--ast-global-color-5)","background-image":"","background-repeat":"repeat","background-position":"center center","background-size":"auto","background-attachment":"scroll","background-type":"","background-media":"","overlay-type":"","overlay-color":"","overlay-opacity":"","overlay-gradient":""}},"footnotes":""},"class_list":["post-7455","page","type-page","status-publish","hentry"],"acf":[],"yoast_head":"<!-- This site is optimized with the Yoast SEO plugin v27.2 - https:\/\/yoast.com\/product\/yoast-seo-wordpress\/ -->\n<title>Processus de cr\u00e9ation des columbariums - Rock of Ages | Handcrafted monuments<\/title>\n<meta name=\"robots\" content=\"index, follow, max-snippet:-1, max-image-preview:large, max-video-preview:-1\" \/>\n<link rel=\"canonical\" href=\"https:\/\/rockofages.com\/fr\/creative-process-columbaria\/\" \/>\n<meta property=\"og:locale\" content=\"fr_FR\" \/>\n<meta property=\"og:type\" content=\"article\" \/>\n<meta property=\"og:title\" content=\"Processus de cr\u00e9ation des columbariums - Rock of Ages | Handcrafted monuments\" \/>\n<meta property=\"og:description\" content=\"Processus de cr\u00e9ationdes columbariums Consultation Notre r\u00f4le est de vous guider \u00e0 travers le processus complet de conception du columbarium et de r\u00e9pondre \u00e0 l\u2019ensemble de vos attentes. Nous commen\u00e7ons par recueillir vos id\u00e9es tout en prenant note de vos besoins et de vos souhaits. Nous vous fournissons par la suite un plan d\u2019action et [&hellip;]\" \/>\n<meta property=\"og:url\" content=\"https:\/\/rockofages.com\/fr\/creative-process-columbaria\/\" \/>\n<meta property=\"og:site_name\" content=\"Rock of Ages | Handcrafted monuments\" \/>\n<meta property=\"article:modified_time\" content=\"2022-01-14T02:49:52+00:00\" \/>\n<meta property=\"og:image\" content=\"https:\/\/rockofages.com\/wp-content\/uploads\/2021\/12\/Columbarium_process1@1x.jpg\" \/>\n<meta name=\"twitter:card\" content=\"summary_large_image\" \/>\n<meta name=\"twitter:label1\" content=\"Dur\u00e9e de lecture estim\u00e9e\" \/>\n\t<meta name=\"twitter:data1\" content=\"2 minutes\" \/>\n<script type=\"application\/ld+json\" class=\"yoast-schema-graph\">{\"@context\":\"https:\/\/schema.org\",\"@graph\":[{\"@type\":\"WebPage\",\"@id\":\"https:\/\/rockofages.com\/fr\/creative-process-columbaria\/\",\"url\":\"https:\/\/rockofages.com\/fr\/creative-process-columbaria\/\",\"name\":\"Processus de cr\u00e9ation des columbariums - Rock of Ages | Handcrafted monuments\",\"isPartOf\":{\"@id\":\"https:\/\/rockofages.com\/fr\/#website\"},\"primaryImageOfPage\":{\"@id\":\"https:\/\/rockofages.com\/fr\/creative-process-columbaria\/#primaryimage\"},\"image\":{\"@id\":\"https:\/\/rockofages.com\/fr\/creative-process-columbaria\/#primaryimage\"},\"thumbnailUrl\":\"https:\/\/rockofages.com\/wp-content\/uploads\/2021\/12\/Columbarium_process1@1x.jpg\",\"datePublished\":\"2021-12-29T23:57:51+00:00\",\"dateModified\":\"2022-01-14T02:49:52+00:00\",\"breadcrumb\":{\"@id\":\"https:\/\/rockofages.com\/fr\/creative-process-columbaria\/#breadcrumb\"},\"inLanguage\":\"fr-FR\",\"potentialAction\":[{\"@type\":\"ReadAction\",\"target\":[\"https:\/\/rockofages.com\/fr\/creative-process-columbaria\/\"]}]},{\"@type\":\"ImageObject\",\"inLanguage\":\"fr-FR\",\"@id\":\"https:\/\/rockofages.com\/fr\/creative-process-columbaria\/#primaryimage\",\"url\":\"https:\/\/rockofages.com\/wp-content\/uploads\/2021\/12\/Columbarium_process1@1x.jpg\",\"contentUrl\":\"https:\/\/rockofages.com\/wp-content\/uploads\/2021\/12\/Columbarium_process1@1x.jpg\"},{\"@type\":\"BreadcrumbList\",\"@id\":\"https:\/\/rockofages.com\/fr\/creative-process-columbaria\/#breadcrumb\",\"itemListElement\":[{\"@type\":\"ListItem\",\"position\":1,\"name\":\"Home\",\"item\":\"https:\/\/rockofages.com\/fr\/\"},{\"@type\":\"ListItem\",\"position\":2,\"name\":\"Processus de cr\u00e9ation des columbariums\"}]},{\"@type\":\"WebSite\",\"@id\":\"https:\/\/rockofages.com\/fr\/#website\",\"url\":\"https:\/\/rockofages.com\/fr\/\",\"name\":\"Rock of Ages | Handcrafted monuments\",\"description\":\"\",\"publisher\":{\"@id\":\"https:\/\/rockofages.com\/fr\/#organization\"},\"potentialAction\":[{\"@type\":\"SearchAction\",\"target\":{\"@type\":\"EntryPoint\",\"urlTemplate\":\"https:\/\/rockofages.com\/fr\/?s={search_term_string}\"},\"query-input\":{\"@type\":\"PropertyValueSpecification\",\"valueRequired\":true,\"valueName\":\"search_term_string\"}}],\"inLanguage\":\"fr-FR\"},{\"@type\":\"Organization\",\"@id\":\"https:\/\/rockofages.com\/fr\/#organization\",\"name\":\"Rock of Ages | Handcrafted monuments\",\"url\":\"https:\/\/rockofages.com\/fr\/\",\"logo\":{\"@type\":\"ImageObject\",\"inLanguage\":\"fr-FR\",\"@id\":\"https:\/\/rockofages.com\/fr\/#\/schema\/logo\/image\/\",\"url\":\"https:\/\/rockofages.com\/wp-content\/uploads\/2021\/12\/roa-logo.svg\",\"contentUrl\":\"https:\/\/rockofages.com\/wp-content\/uploads\/2021\/12\/roa-logo.svg\",\"caption\":\"Rock of Ages | Handcrafted monuments\"},\"image\":{\"@id\":\"https:\/\/rockofages.com\/fr\/#\/schema\/logo\/image\/\"}}]}<\/script>\n<!-- \/ Yoast SEO plugin. -->","yoast_head_json":{"title":"Processus de cr\u00e9ation des columbariums - Rock of Ages | Handcrafted monuments","robots":{"index":"index","follow":"follow","max-snippet":"max-snippet:-1","max-image-preview":"max-image-preview:large","max-video-preview":"max-video-preview:-1"},"canonical":"https:\/\/rockofages.com\/fr\/creative-process-columbaria\/","og_locale":"fr_FR","og_type":"article","og_title":"Processus de cr\u00e9ation des columbariums - Rock of Ages | Handcrafted monuments","og_description":"Processus de cr\u00e9ationdes columbariums Consultation Notre r\u00f4le est de vous guider \u00e0 travers le processus complet de conception du columbarium et de r\u00e9pondre \u00e0 l\u2019ensemble de vos attentes. Nous commen\u00e7ons par recueillir vos id\u00e9es tout en prenant note de vos besoins et de vos souhaits. Nous vous fournissons par la suite un plan d\u2019action et [&hellip;]","og_url":"https:\/\/rockofages.com\/fr\/creative-process-columbaria\/","og_site_name":"Rock of Ages | Handcrafted monuments","article_modified_time":"2022-01-14T02:49:52+00:00","og_image":[{"url":"https:\/\/rockofages.com\/wp-content\/uploads\/2021\/12\/Columbarium_process1@1x.jpg","type":"","width":"","height":""}],"twitter_card":"summary_large_image","twitter_misc":{"Dur\u00e9e de lecture estim\u00e9e":"2 minutes"},"schema":{"@context":"https:\/\/schema.org","@graph":[{"@type":"WebPage","@id":"https:\/\/rockofages.com\/fr\/creative-process-columbaria\/","url":"https:\/\/rockofages.com\/fr\/creative-process-columbaria\/","name":"Processus de cr\u00e9ation des columbariums - Rock of Ages | Handcrafted monuments","isPartOf":{"@id":"https:\/\/rockofages.com\/fr\/#website"},"primaryImageOfPage":{"@id":"https:\/\/rockofages.com\/fr\/creative-process-columbaria\/#primaryimage"},"image":{"@id":"https:\/\/rockofages.com\/fr\/creative-process-columbaria\/#primaryimage"},"thumbnailUrl":"https:\/\/rockofages.com\/wp-content\/uploads\/2021\/12\/Columbarium_process1@1x.jpg","datePublished":"2021-12-29T23:57:51+00:00","dateModified":"2022-01-14T02:49:52+00:00","breadcrumb":{"@id":"https:\/\/rockofages.com\/fr\/creative-process-columbaria\/#breadcrumb"},"inLanguage":"fr-FR","potentialAction":[{"@type":"ReadAction","target":["https:\/\/rockofages.com\/fr\/creative-process-columbaria\/"]}]},{"@type":"ImageObject","inLanguage":"fr-FR","@id":"https:\/\/rockofages.com\/fr\/creative-process-columbaria\/#primaryimage","url":"https:\/\/rockofages.com\/wp-content\/uploads\/2021\/12\/Columbarium_process1@1x.jpg","contentUrl":"https:\/\/rockofages.com\/wp-content\/uploads\/2021\/12\/Columbarium_process1@1x.jpg"},{"@type":"BreadcrumbList","@id":"https:\/\/rockofages.com\/fr\/creative-process-columbaria\/#breadcrumb","itemListElement":[{"@type":"ListItem","position":1,"name":"Home","item":"https:\/\/rockofages.com\/fr\/"},{"@type":"ListItem","position":2,"name":"Processus de cr\u00e9ation des columbariums"}]},{"@type":"WebSite","@id":"https:\/\/rockofages.com\/fr\/#website","url":"https:\/\/rockofages.com\/fr\/","name":"Rock of Ages | Handcrafted monuments","description":"","publisher":{"@id":"https:\/\/rockofages.com\/fr\/#organization"},"potentialAction":[{"@type":"SearchAction","target":{"@type":"EntryPoint","urlTemplate":"https:\/\/rockofages.com\/fr\/?s={search_term_string}"},"query-input":{"@type":"PropertyValueSpecification","valueRequired":true,"valueName":"search_term_string"}}],"inLanguage":"fr-FR"},{"@type":"Organization","@id":"https:\/\/rockofages.com\/fr\/#organization","name":"Rock of Ages | Handcrafted monuments","url":"https:\/\/rockofages.com\/fr\/","logo":{"@type":"ImageObject","inLanguage":"fr-FR","@id":"https:\/\/rockofages.com\/fr\/#\/schema\/logo\/image\/","url":"https:\/\/rockofages.com\/wp-content\/uploads\/2021\/12\/roa-logo.svg","contentUrl":"https:\/\/rockofages.com\/wp-content\/uploads\/2021\/12\/roa-logo.svg","caption":"Rock of Ages | Handcrafted monuments"},"image":{"@id":"https:\/\/rockofages.com\/fr\/#\/schema\/logo\/image\/"}}]}},"uagb_featured_image_src":{"full":false,"thumbnail":false,"medium":false,"medium_large":false,"large":false,"1536x1536":false,"2048x2048":false,"thumbnail-gallery":false},"uagb_author_info":{"display_name":"Nathan Boole (Inbound Found)","author_link":"https:\/\/rockofages.com\/fr\/author\/nboole\/"},"uagb_comment_info":0,"uagb_excerpt":"Processus de cr\u00e9ationdes columbariums Consultation Notre r\u00f4le est de vous guider \u00e0 travers le processus complet de conception du columbarium et de r\u00e9pondre \u00e0 l\u2019ensemble de vos attentes. Nous commen\u00e7ons par recueillir vos id\u00e9es tout en prenant note de vos besoins et de vos souhaits. Nous vous fournissons par la suite un plan d\u2019action et\u2026","_links":{"self":[{"href":"https:\/\/rockofages.com\/fr\/wp-json\/wp\/v2\/pages\/7455","targetHints":{"allow":["GET"]}}],"collection":[{"href":"https:\/\/rockofages.com\/fr\/wp-json\/wp\/v2\/pages"}],"about":[{"href":"https:\/\/rockofages.com\/fr\/wp-json\/wp\/v2\/types\/page"}],"author":[{"embeddable":true,"href":"https:\/\/rockofages.com\/fr\/wp-json\/wp\/v2\/users\/2"}],"replies":[{"embeddable":true,"href":"https:\/\/rockofages.com\/fr\/wp-json\/wp\/v2\/comments?post=7455"}],"version-history":[{"count":21,"href":"https:\/\/rockofages.com\/fr\/wp-json\/wp\/v2\/pages\/7455\/revisions"}],"predecessor-version":[{"id":9323,"href":"https:\/\/rockofages.com\/fr\/wp-json\/wp\/v2\/pages\/7455\/revisions\/9323"}],"wp:attachment":[{"href":"https:\/\/rockofages.com\/fr\/wp-json\/wp\/v2\/media?parent=7455"}],"curies":[{"name":"wp","href":"https:\/\/api.w.org\/{rel}","templated":true}]}}