{"id":7447,"date":"2021-12-29T23:57:11","date_gmt":"2021-12-29T23:57:11","guid":{"rendered":"https:\/\/dev2.rockofages.com\/creative-process-civic-memorials\/"},"modified":"2022-02-04T20:24:49","modified_gmt":"2022-02-04T20:24:49","slug":"processus-creation-monuments-historiques","status":"publish","type":"page","link":"https:\/\/rockofages.com\/fr\/processus-creation-monuments-historiques\/","title":{"rendered":"Processus de cr\u00e9ation des monuments historiques"},"content":{"rendered":"\n<div class=\"wp-block-group alignfull group-no-padding has-rust-lt-background-color has-background is-layout-flow wp-block-group-is-layout-flow\"><div class=\"wp-block-group__inner-container\">\n<div style=\"height:60px\" aria-hidden=\"true\" class=\"wp-block-spacer sm-30-high\"><\/div>\n\n\n\n<h2 class=\"alignfull has-text-align-center is-style-if-roa-heading is-style-if-roa-feat-heading-2 has-navy-color has-text-color wp-block-heading\" id=\"processus-de-creation-des-monuments-historiques\">Processus de cr\u00e9ation des monuments historiques<\/h2>\n\n\n\n<div style=\"height:60px\" aria-hidden=\"true\" class=\"wp-block-spacer sm-30-high\"><\/div>\n<\/div><\/div>\n\n\n\n<div class=\"wp-block-group alignfull group-no-padding is-layout-flow wp-block-group-is-layout-flow\"><div class=\"wp-block-group__inner-container\">\n<div style=\"height:100px\" aria-hidden=\"true\" class=\"wp-block-spacer sm-15-high\"><\/div>\n\n\n\n<div class=\"wp-block-media-text alignwide is-stacked-on-mobile creative-process-media-left\"><figure class=\"wp-block-media-text__media\"><img loading=\"lazy\" decoding=\"async\" width=\"470\" height=\"570\" src=\"https:\/\/rockofages.com\/wp-content\/uploads\/2021\/12\/process.civic1@1x.jpg\" alt=\"\" class=\"wp-image-7151 size-full\" srcset=\"https:\/\/rockofages.com\/wp-content\/uploads\/2021\/12\/process.civic1@1x.jpg 470w, https:\/\/rockofages.com\/wp-content\/uploads\/2021\/12\/process.civic1@1x-247x300.jpg 247w\" sizes=\"auto, (max-width: 470px) 100vw, 470px\" \/><\/figure><div class=\"wp-block-media-text__content\">\n<div style=\"height:50px\" aria-hidden=\"true\" class=\"wp-block-spacer md-spacer-5vh\"><\/div>\n\n\n\n<h2 class=\"is-style-if-roa-prod-head-1 wp-block-heading\" id=\"planification\">Planification<\/h2>\n\n\n\n<p class=\"is-style-if-roa-prod-text-1 has-navy-color has-text-color\">Entreprendre la cr\u00e9ation d\u2019un m\u00e9morial peut s\u2019av\u00e9rer intimidant. L\u2019\u00e9quipe de professionnels chevronn\u00e9s de Rock of Ages se met \u00e0 votre disposition pendant l\u2019ensemble du processus. Nous vous appuierons dans toutes les d\u00e9marches de conception, d\u2019ing\u00e9nierie, de fabrication et d\u2019installation.  <\/p>\n\n\n\n<div style=\"height:50px\" aria-hidden=\"true\" class=\"wp-block-spacer md-spacer-7vh editorskit-no-tablet editorskit-no-mobile\"><\/div>\n<\/div><\/div>\n\n\n\n<div style=\"height:100px\" aria-hidden=\"true\" class=\"wp-block-spacer md-spacer-7vh\"><\/div>\n<\/div><\/div>\n\n\n\n<div class=\"wp-block-group alignfull group-no-padding is-layout-constrained wp-container-core-group-is-layout-15c356c4 wp-block-group-is-layout-constrained\"><div class=\"wp-block-group__inner-container\">\n<div class=\"wp-block-media-text alignwide has-media-on-the-right is-stacked-on-mobile is-style-default margin-right-0 creative-process-media-right\" style=\"grid-template-columns:auto 65%\"><figure class=\"wp-block-media-text__media\"><img loading=\"lazy\" decoding=\"async\" width=\"1024\" height=\"693\" src=\"https:\/\/rockofages.com\/wp-content\/uploads\/2021\/12\/process.civic2@2x-1024x693.jpg\" alt=\"\" class=\"wp-image-7156 size-full\" srcset=\"https:\/\/rockofages.com\/wp-content\/uploads\/2021\/12\/process.civic2@2x-1024x693.jpg 1024w, https:\/\/rockofages.com\/wp-content\/uploads\/2021\/12\/process.civic2@2x-300x203.jpg 300w, https:\/\/rockofages.com\/wp-content\/uploads\/2021\/12\/process.civic2@2x-768x520.jpg 768w, https:\/\/rockofages.com\/wp-content\/uploads\/2021\/12\/process.civic2@2x-1536x1040.jpg 1536w, https:\/\/rockofages.com\/wp-content\/uploads\/2021\/12\/process.civic2@2x.jpg 1684w\" sizes=\"auto, (max-width: 1024px) 100vw, 1024px\" \/><\/figure><div class=\"wp-block-media-text__content\">\n<h2 class=\"is-style-if-roa-prod-head-1 wp-block-heading\" id=\"conception\">Conception<\/h2>\n\n\n\n<p class=\"is-style-if-roa-prod-text-1 has-navy-color has-text-color\">Les types de m\u00e9moriaux individuels et institutionnels sont aussi diversifi\u00e9s que les types de personnalit\u00e9s et d\u2019actes \u00e0 honorer. Ils peuvent prendre la forme de petites plaques comm\u00e9moratives, de vastes murs en granite ou de grands ob\u00e9lisques. Ils peuvent \u00e9galement inclure des statues, des drapeaux, des jardins naturels, des portiques, des bancs en pierre, des fontaines ou m\u00eame des flammes \u00e9ternelles.  <\/p>\n\n\n\n<p class=\"is-style-if-roa-prod-text-1 has-navy-color has-text-color\">L\u2019\u00e9quipe d\u2019experts de Rock of Ages est \u00e0 votre disposition pour explorer la vaste gamme d\u2019options et choisir le mod\u00e8le qui saura r\u00e9pondre \u00e0 vos d\u00e9sirs et \u00e0 vos besoins.<\/p>\n<\/div><\/div>\n<\/div><\/div>\n\n\n\n<div class=\"wp-block-group alignfull group-no-padding is-layout-flow wp-block-group-is-layout-flow\"><div class=\"wp-block-group__inner-container\">\n<div style=\"height:100px\" aria-hidden=\"true\" class=\"wp-block-spacer md-spacer-5vh\"><\/div>\n\n\n\n<div class=\"wp-block-media-text alignwide is-stacked-on-mobile creative-process-media-left\"><figure class=\"wp-block-media-text__media\"><img loading=\"lazy\" decoding=\"async\" width=\"470\" height=\"570\" src=\"https:\/\/rockofages.com\/wp-content\/uploads\/2021\/12\/process.civic-3@1x.jpg\" alt=\"\" class=\"wp-image-7172 size-full\" srcset=\"https:\/\/rockofages.com\/wp-content\/uploads\/2021\/12\/process.civic-3@1x.jpg 470w, https:\/\/rockofages.com\/wp-content\/uploads\/2021\/12\/process.civic-3@1x-247x300.jpg 247w\" sizes=\"auto, (max-width: 470px) 100vw, 470px\" \/><\/figure><div class=\"wp-block-media-text__content\">\n<div style=\"height:50px\" aria-hidden=\"true\" class=\"wp-block-spacer md-spacer-5vh\"><\/div>\n\n\n\n<h2 class=\"is-style-if-roa-prod-head-1 wp-block-heading\" id=\"fabricationet-installation\">Fabrication<br>et installation<\/h2>\n\n\n\n<p class=\"is-style-if-roa-prod-text-1 has-navy-color has-text-color\">Nos capacit\u00e9s sont in\u00e9gal\u00e9es pour tout ce qui a trait \u00e0 l\u2019extraction et \u00e0 la fabrication. Nous comptons \u00e9galement une \u00e9quipe de concepteurs et d\u2019ing\u00e9nieurs de renomm\u00e9e internationale capable d\u2019entreprendre absolument tous les types de projets, des plus petits aux plus grands. <\/p>\n\n\n\n<p class=\"is-style-if-roa-prod-text-1 has-navy-color has-text-color\">Rock of Ages d\u00e9tient toutes les ressources n\u00e9cessaires \u00e0 la r\u00e9alisation de votre projet, de la conception \u00e0 la fabrication et \u00e0 l\u2019installation. Cette combinaison unique de talents permet \u00e0 Rock of Ages d\u2019offrir \u00e0 ses clients la seule garantie compl\u00e8te et illimit\u00e9e de l\u2019industrie. <\/p>\n\n\n\n<div style=\"height:50px\" aria-hidden=\"true\" class=\"wp-block-spacer editorskit-no-mobile\"><\/div>\n<\/div><\/div>\n\n\n\n<div style=\"height:100px\" aria-hidden=\"true\" class=\"wp-block-spacer md-spacer-5vh\"><\/div>\n<\/div><\/div>\n","protected":false},"excerpt":{"rendered":"<p>Processus de cr\u00e9ation des monuments historiques Planification Entreprendre la cr\u00e9ation d\u2019un m\u00e9morial peut s\u2019av\u00e9rer intimidant. L\u2019\u00e9quipe de professionnels chevronn\u00e9s de Rock of Ages se met \u00e0 votre disposition pendant l\u2019ensemble du processus. Nous vous appuierons dans toutes les d\u00e9marches de conception, d\u2019ing\u00e9nierie, de fabrication et d\u2019installation. Conception Les types de m\u00e9moriaux individuels et institutionnels sont [&hellip;]<\/p>\n","protected":false},"author":2,"featured_media":0,"parent":0,"menu_order":0,"comment_status":"closed","ping_status":"closed","template":"","meta":{"_acf_changed":false,"_editorskit_title_hidden":false,"_editorskit_reading_time":0,"_editorskit_is_block_options_detached":false,"_editorskit_block_options_position":"{}","content-type":"","_uag_custom_page_level_css":"","site-sidebar-layout":"default","site-content-layout":"","ast-site-content-layout":"default","site-content-style":"default","site-sidebar-style":"default","ast-global-header-display":"","ast-banner-title-visibility":"","ast-main-header-display":"","ast-hfb-above-header-display":"","ast-hfb-below-header-display":"","ast-hfb-mobile-header-display":"","site-post-title":"","ast-breadcrumbs-content":"","ast-featured-img":"","footer-sml-layout":"","ast-disable-related-posts":"","theme-transparent-header-meta":"","adv-header-id-meta":"","stick-header-meta":"","header-above-stick-meta":"","header-main-stick-meta":"","header-below-stick-meta":"","astra-migrate-meta-layouts":"default","ast-page-background-enabled":"default","ast-page-background-meta":{"desktop":{"background-color":"var(--ast-global-color-4)","background-image":"","background-repeat":"repeat","background-position":"center center","background-size":"auto","background-attachment":"scroll","background-type":"","background-media":"","overlay-type":"","overlay-color":"","overlay-opacity":"","overlay-gradient":""},"tablet":{"background-color":"","background-image":"","background-repeat":"repeat","background-position":"center center","background-size":"auto","background-attachment":"scroll","background-type":"","background-media":"","overlay-type":"","overlay-color":"","overlay-opacity":"","overlay-gradient":""},"mobile":{"background-color":"","background-image":"","background-repeat":"repeat","background-position":"center center","background-size":"auto","background-attachment":"scroll","background-type":"","background-media":"","overlay-type":"","overlay-color":"","overlay-opacity":"","overlay-gradient":""}},"ast-content-background-meta":{"desktop":{"background-color":"var(--ast-global-color-5)","background-image":"","background-repeat":"repeat","background-position":"center center","background-size":"auto","background-attachment":"scroll","background-type":"","background-media":"","overlay-type":"","overlay-color":"","overlay-opacity":"","overlay-gradient":""},"tablet":{"background-color":"var(--ast-global-color-5)","background-image":"","background-repeat":"repeat","background-position":"center center","background-size":"auto","background-attachment":"scroll","background-type":"","background-media":"","overlay-type":"","overlay-color":"","overlay-opacity":"","overlay-gradient":""},"mobile":{"background-color":"var(--ast-global-color-5)","background-image":"","background-repeat":"repeat","background-position":"center center","background-size":"auto","background-attachment":"scroll","background-type":"","background-media":"","overlay-type":"","overlay-color":"","overlay-opacity":"","overlay-gradient":""}},"footnotes":""},"class_list":["post-7447","page","type-page","status-publish","hentry"],"acf":[],"yoast_head":"<!-- This site is optimized with the Yoast SEO plugin v27.2 - https:\/\/yoast.com\/product\/yoast-seo-wordpress\/ -->\n<title>Processus de cr\u00e9ation des monuments historiques - Rock of Ages | Handcrafted monuments<\/title>\n<meta name=\"robots\" content=\"index, follow, max-snippet:-1, max-image-preview:large, max-video-preview:-1\" \/>\n<link rel=\"canonical\" href=\"https:\/\/rockofages.com\/fr\/processus-creation-monuments-historiques\/\" \/>\n<meta property=\"og:locale\" content=\"fr_FR\" \/>\n<meta property=\"og:type\" content=\"article\" \/>\n<meta property=\"og:title\" content=\"Processus de cr\u00e9ation des monuments historiques - Rock of Ages | Handcrafted monuments\" \/>\n<meta property=\"og:description\" content=\"Processus de cr\u00e9ation des monuments historiques Planification Entreprendre la cr\u00e9ation d\u2019un m\u00e9morial peut s\u2019av\u00e9rer intimidant. L\u2019\u00e9quipe de professionnels chevronn\u00e9s de Rock of Ages se met \u00e0 votre disposition pendant l\u2019ensemble du processus. Nous vous appuierons dans toutes les d\u00e9marches de conception, d\u2019ing\u00e9nierie, de fabrication et d\u2019installation. Conception Les types de m\u00e9moriaux individuels et institutionnels sont [&hellip;]\" \/>\n<meta property=\"og:url\" content=\"https:\/\/rockofages.com\/fr\/processus-creation-monuments-historiques\/\" \/>\n<meta property=\"og:site_name\" content=\"Rock of Ages | Handcrafted monuments\" \/>\n<meta property=\"article:modified_time\" content=\"2022-02-04T20:24:49+00:00\" \/>\n<meta property=\"og:image\" content=\"https:\/\/rockofages.com\/wp-content\/uploads\/2021\/12\/process.civic1@1x.jpg\" \/>\n<meta name=\"twitter:card\" content=\"summary_large_image\" \/>\n<meta name=\"twitter:label1\" content=\"Dur\u00e9e de lecture estim\u00e9e\" \/>\n\t<meta name=\"twitter:data1\" content=\"2 minutes\" \/>\n<script type=\"application\/ld+json\" class=\"yoast-schema-graph\">{\"@context\":\"https:\/\/schema.org\",\"@graph\":[{\"@type\":\"WebPage\",\"@id\":\"https:\/\/rockofages.com\/fr\/processus-creation-monuments-historiques\/\",\"url\":\"https:\/\/rockofages.com\/fr\/processus-creation-monuments-historiques\/\",\"name\":\"Processus de cr\u00e9ation des monuments historiques - Rock of Ages | Handcrafted monuments\",\"isPartOf\":{\"@id\":\"https:\/\/rockofages.com\/fr\/#website\"},\"primaryImageOfPage\":{\"@id\":\"https:\/\/rockofages.com\/fr\/processus-creation-monuments-historiques\/#primaryimage\"},\"image\":{\"@id\":\"https:\/\/rockofages.com\/fr\/processus-creation-monuments-historiques\/#primaryimage\"},\"thumbnailUrl\":\"https:\/\/rockofages.com\/wp-content\/uploads\/2021\/12\/process.civic1@1x.jpg\",\"datePublished\":\"2021-12-29T23:57:11+00:00\",\"dateModified\":\"2022-02-04T20:24:49+00:00\",\"breadcrumb\":{\"@id\":\"https:\/\/rockofages.com\/fr\/processus-creation-monuments-historiques\/#breadcrumb\"},\"inLanguage\":\"fr-FR\",\"potentialAction\":[{\"@type\":\"ReadAction\",\"target\":[\"https:\/\/rockofages.com\/fr\/processus-creation-monuments-historiques\/\"]}]},{\"@type\":\"ImageObject\",\"inLanguage\":\"fr-FR\",\"@id\":\"https:\/\/rockofages.com\/fr\/processus-creation-monuments-historiques\/#primaryimage\",\"url\":\"https:\/\/rockofages.com\/wp-content\/uploads\/2021\/12\/process.civic1@1x.jpg\",\"contentUrl\":\"https:\/\/rockofages.com\/wp-content\/uploads\/2021\/12\/process.civic1@1x.jpg\"},{\"@type\":\"BreadcrumbList\",\"@id\":\"https:\/\/rockofages.com\/fr\/processus-creation-monuments-historiques\/#breadcrumb\",\"itemListElement\":[{\"@type\":\"ListItem\",\"position\":1,\"name\":\"Home\",\"item\":\"https:\/\/rockofages.com\/fr\/\"},{\"@type\":\"ListItem\",\"position\":2,\"name\":\"Processus de cr\u00e9ation des monuments historiques\"}]},{\"@type\":\"WebSite\",\"@id\":\"https:\/\/rockofages.com\/fr\/#website\",\"url\":\"https:\/\/rockofages.com\/fr\/\",\"name\":\"Rock of Ages | Handcrafted monuments\",\"description\":\"\",\"publisher\":{\"@id\":\"https:\/\/rockofages.com\/fr\/#organization\"},\"potentialAction\":[{\"@type\":\"SearchAction\",\"target\":{\"@type\":\"EntryPoint\",\"urlTemplate\":\"https:\/\/rockofages.com\/fr\/?s={search_term_string}\"},\"query-input\":{\"@type\":\"PropertyValueSpecification\",\"valueRequired\":true,\"valueName\":\"search_term_string\"}}],\"inLanguage\":\"fr-FR\"},{\"@type\":\"Organization\",\"@id\":\"https:\/\/rockofages.com\/fr\/#organization\",\"name\":\"Rock of Ages | Handcrafted monuments\",\"url\":\"https:\/\/rockofages.com\/fr\/\",\"logo\":{\"@type\":\"ImageObject\",\"inLanguage\":\"fr-FR\",\"@id\":\"https:\/\/rockofages.com\/fr\/#\/schema\/logo\/image\/\",\"url\":\"https:\/\/rockofages.com\/wp-content\/uploads\/2021\/12\/roa-logo.svg\",\"contentUrl\":\"https:\/\/rockofages.com\/wp-content\/uploads\/2021\/12\/roa-logo.svg\",\"caption\":\"Rock of Ages | Handcrafted monuments\"},\"image\":{\"@id\":\"https:\/\/rockofages.com\/fr\/#\/schema\/logo\/image\/\"}}]}<\/script>\n<!-- \/ Yoast SEO plugin. -->","yoast_head_json":{"title":"Processus de cr\u00e9ation des monuments historiques - Rock of Ages | Handcrafted monuments","robots":{"index":"index","follow":"follow","max-snippet":"max-snippet:-1","max-image-preview":"max-image-preview:large","max-video-preview":"max-video-preview:-1"},"canonical":"https:\/\/rockofages.com\/fr\/processus-creation-monuments-historiques\/","og_locale":"fr_FR","og_type":"article","og_title":"Processus de cr\u00e9ation des monuments historiques - Rock of Ages | Handcrafted monuments","og_description":"Processus de cr\u00e9ation des monuments historiques Planification Entreprendre la cr\u00e9ation d\u2019un m\u00e9morial peut s\u2019av\u00e9rer intimidant. L\u2019\u00e9quipe de professionnels chevronn\u00e9s de Rock of Ages se met \u00e0 votre disposition pendant l\u2019ensemble du processus. Nous vous appuierons dans toutes les d\u00e9marches de conception, d\u2019ing\u00e9nierie, de fabrication et d\u2019installation. Conception Les types de m\u00e9moriaux individuels et institutionnels sont [&hellip;]","og_url":"https:\/\/rockofages.com\/fr\/processus-creation-monuments-historiques\/","og_site_name":"Rock of Ages | Handcrafted monuments","article_modified_time":"2022-02-04T20:24:49+00:00","og_image":[{"url":"https:\/\/rockofages.com\/wp-content\/uploads\/2021\/12\/process.civic1@1x.jpg","type":"","width":"","height":""}],"twitter_card":"summary_large_image","twitter_misc":{"Dur\u00e9e de lecture estim\u00e9e":"2 minutes"},"schema":{"@context":"https:\/\/schema.org","@graph":[{"@type":"WebPage","@id":"https:\/\/rockofages.com\/fr\/processus-creation-monuments-historiques\/","url":"https:\/\/rockofages.com\/fr\/processus-creation-monuments-historiques\/","name":"Processus de cr\u00e9ation des monuments historiques - Rock of Ages | Handcrafted monuments","isPartOf":{"@id":"https:\/\/rockofages.com\/fr\/#website"},"primaryImageOfPage":{"@id":"https:\/\/rockofages.com\/fr\/processus-creation-monuments-historiques\/#primaryimage"},"image":{"@id":"https:\/\/rockofages.com\/fr\/processus-creation-monuments-historiques\/#primaryimage"},"thumbnailUrl":"https:\/\/rockofages.com\/wp-content\/uploads\/2021\/12\/process.civic1@1x.jpg","datePublished":"2021-12-29T23:57:11+00:00","dateModified":"2022-02-04T20:24:49+00:00","breadcrumb":{"@id":"https:\/\/rockofages.com\/fr\/processus-creation-monuments-historiques\/#breadcrumb"},"inLanguage":"fr-FR","potentialAction":[{"@type":"ReadAction","target":["https:\/\/rockofages.com\/fr\/processus-creation-monuments-historiques\/"]}]},{"@type":"ImageObject","inLanguage":"fr-FR","@id":"https:\/\/rockofages.com\/fr\/processus-creation-monuments-historiques\/#primaryimage","url":"https:\/\/rockofages.com\/wp-content\/uploads\/2021\/12\/process.civic1@1x.jpg","contentUrl":"https:\/\/rockofages.com\/wp-content\/uploads\/2021\/12\/process.civic1@1x.jpg"},{"@type":"BreadcrumbList","@id":"https:\/\/rockofages.com\/fr\/processus-creation-monuments-historiques\/#breadcrumb","itemListElement":[{"@type":"ListItem","position":1,"name":"Home","item":"https:\/\/rockofages.com\/fr\/"},{"@type":"ListItem","position":2,"name":"Processus de cr\u00e9ation des monuments historiques"}]},{"@type":"WebSite","@id":"https:\/\/rockofages.com\/fr\/#website","url":"https:\/\/rockofages.com\/fr\/","name":"Rock of Ages | Handcrafted monuments","description":"","publisher":{"@id":"https:\/\/rockofages.com\/fr\/#organization"},"potentialAction":[{"@type":"SearchAction","target":{"@type":"EntryPoint","urlTemplate":"https:\/\/rockofages.com\/fr\/?s={search_term_string}"},"query-input":{"@type":"PropertyValueSpecification","valueRequired":true,"valueName":"search_term_string"}}],"inLanguage":"fr-FR"},{"@type":"Organization","@id":"https:\/\/rockofages.com\/fr\/#organization","name":"Rock of Ages | Handcrafted monuments","url":"https:\/\/rockofages.com\/fr\/","logo":{"@type":"ImageObject","inLanguage":"fr-FR","@id":"https:\/\/rockofages.com\/fr\/#\/schema\/logo\/image\/","url":"https:\/\/rockofages.com\/wp-content\/uploads\/2021\/12\/roa-logo.svg","contentUrl":"https:\/\/rockofages.com\/wp-content\/uploads\/2021\/12\/roa-logo.svg","caption":"Rock of Ages | Handcrafted monuments"},"image":{"@id":"https:\/\/rockofages.com\/fr\/#\/schema\/logo\/image\/"}}]}},"uagb_featured_image_src":{"full":false,"thumbnail":false,"medium":false,"medium_large":false,"large":false,"1536x1536":false,"2048x2048":false,"thumbnail-gallery":false},"uagb_author_info":{"display_name":"Nathan Boole (Inbound Found)","author_link":"https:\/\/rockofages.com\/fr\/author\/nboole\/"},"uagb_comment_info":0,"uagb_excerpt":"Processus de cr\u00e9ation des monuments historiques Planification Entreprendre la cr\u00e9ation d\u2019un m\u00e9morial peut s\u2019av\u00e9rer intimidant. L\u2019\u00e9quipe de professionnels chevronn\u00e9s de Rock of Ages se met \u00e0 votre disposition pendant l\u2019ensemble du processus. Nous vous appuierons dans toutes les d\u00e9marches de conception, d\u2019ing\u00e9nierie, de fabrication et d\u2019installation. Conception Les types de m\u00e9moriaux individuels et institutionnels sont\u2026","_links":{"self":[{"href":"https:\/\/rockofages.com\/fr\/wp-json\/wp\/v2\/pages\/7447","targetHints":{"allow":["GET"]}}],"collection":[{"href":"https:\/\/rockofages.com\/fr\/wp-json\/wp\/v2\/pages"}],"about":[{"href":"https:\/\/rockofages.com\/fr\/wp-json\/wp\/v2\/types\/page"}],"author":[{"embeddable":true,"href":"https:\/\/rockofages.com\/fr\/wp-json\/wp\/v2\/users\/2"}],"replies":[{"embeddable":true,"href":"https:\/\/rockofages.com\/fr\/wp-json\/wp\/v2\/comments?post=7447"}],"version-history":[{"count":20,"href":"https:\/\/rockofages.com\/fr\/wp-json\/wp\/v2\/pages\/7447\/revisions"}],"predecessor-version":[{"id":10437,"href":"https:\/\/rockofages.com\/fr\/wp-json\/wp\/v2\/pages\/7447\/revisions\/10437"}],"wp:attachment":[{"href":"https:\/\/rockofages.com\/fr\/wp-json\/wp\/v2\/media?parent=7447"}],"curies":[{"name":"wp","href":"https:\/\/api.w.org\/{rel}","templated":true}]}}