{"id":7432,"date":"2021-12-29T23:55:18","date_gmt":"2021-12-29T23:55:18","guid":{"rendered":"https:\/\/dev2.rockofages.com\/precision-products\/"},"modified":"2022-02-19T02:13:36","modified_gmt":"2022-02-19T02:13:36","slug":"produits-precision","status":"publish","type":"page","link":"https:\/\/rockofages.com\/fr\/produits-precision\/","title":{"rendered":"Des produits de pr\u00e9cision"},"content":{"rendered":"\n<div class=\"wp-block-group alignfull group-no-padding has-white-background-color has-background is-layout-flow wp-block-group-is-layout-flow\"><div class=\"wp-block-group__inner-container\">\n<div style=\"height:60px\" aria-hidden=\"true\" class=\"wp-block-spacer sm-30-high\"><\/div>\n\n\n\n<h2 class=\"alignfull has-text-align-center is-style-if-roa-feat-heading-1 is-style-if-roa-feat-heading-2 has-navy-color has-text-color wp-block-heading\" id=\"produits-de-precision\">Produits de pr\u00e9cision<\/h2>\n\n\n\n<div style=\"height:60px\" aria-hidden=\"true\" class=\"wp-block-spacer md-60-high sm-30-high\"><\/div>\n<\/div><\/div>\n\n\n\n<div class=\"wp-block-group alignfull group-no-padding has-grey-vlt-background-color has-background is-layout-flow wp-block-group-is-layout-flow\"><div class=\"wp-block-group__inner-container\">\n<div style=\"height:160px\" aria-hidden=\"true\" class=\"wp-block-spacer md-spacer-5vh\"><\/div>\n\n\n\n<div class=\"wp-block-media-text alignwide has-media-on-the-right is-stacked-on-mobile is-style-if-roa-media-text\"><figure class=\"wp-block-media-text__media\"><img loading=\"lazy\" decoding=\"async\" width=\"470\" height=\"570\" src=\"https:\/\/rockofages.com\/wp-content\/uploads\/2022\/01\/Precision1@1x.jpg\" alt=\"\" class=\"wp-image-9367 size-full\" srcset=\"https:\/\/rockofages.com\/wp-content\/uploads\/2022\/01\/Precision1@1x.jpg 470w, https:\/\/rockofages.com\/wp-content\/uploads\/2022\/01\/Precision1@1x-247x300.jpg 247w\" sizes=\"auto, (max-width: 470px) 100vw, 470px\" \/><\/figure><div class=\"wp-block-media-text__content\">\n<h2 class=\"is-style-if-roa-prod-head-1 has-navy-color has-text-color wp-block-heading\" id=\"une-equipe-composee-d-experts\">Une \u00e9quipe compos\u00e9e d\u2019experts<\/h2>\n\n\n\n<p class=\"is-style-if-roa-prod-text-1 has-navy-color has-text-color\">Depuis&nbsp;1965, Rock&nbsp;of&nbsp;Ages fabrique des produits de granite de pr\u00e9cision de la plus grande qualit\u00e9. Nous sommes donc l\u2019un des plus anciens fabricants de notre secteur aux \u00c9tats-Unis, voire dans le monde entier.<\/p>\n\n\n\n<p class=\"is-style-if-roa-prod-text-1 has-navy-color has-text-color\">Lorsqu\u2019elle est combin\u00e9e, l\u2019exp\u00e9rience de notre personnel \u00e9quivaut \u00e0 plusieurs centaines d\u2019ann\u00e9es. Notre \u00e9quipe travaille \u00e9galement avec un objectif commun en t\u00eate&nbsp;: r\u00e9aliser les produits de granite avec la plus grande pr\u00e9cision offerte sur le march\u00e9.<\/p>\n<\/div><\/div>\n\n\n\n<div style=\"height:160px\" aria-hidden=\"true\" class=\"wp-block-spacer md-spacer-7vh\"><\/div>\n<\/div><\/div>\n\n\n\n<div class=\"wp-block-group alignfull group-no-padding has-grey-vlt-background-color has-background is-layout-flow wp-block-group-is-layout-flow\"><div class=\"wp-block-group__inner-container\">\n<div class=\"wp-block-media-text alignwide is-stacked-on-mobile is-style-if-roa-media-text big-image-left\"><figure class=\"wp-block-media-text__media\"><img loading=\"lazy\" decoding=\"async\" width=\"846\" height=\"570\" src=\"https:\/\/rockofages.com\/wp-content\/uploads\/2022\/01\/Precision2@1x.jpg\" alt=\"\" class=\"wp-image-9377 size-full\" srcset=\"https:\/\/rockofages.com\/wp-content\/uploads\/2022\/01\/Precision2@1x.jpg 846w, https:\/\/rockofages.com\/wp-content\/uploads\/2022\/01\/Precision2@1x-300x202.jpg 300w, https:\/\/rockofages.com\/wp-content\/uploads\/2022\/01\/Precision2@1x-768x517.jpg 768w\" sizes=\"auto, (max-width: 846px) 100vw, 846px\" \/><\/figure><div class=\"wp-block-media-text__content\">\n<h2 class=\"is-style-if-roa-prod-head-1 has-navy-color has-text-color wp-block-heading\" id=\"qualite-et-exactitude\">Qualit\u00e9 et exactitude<\/h2>\n\n\n\n<p class=\"is-style-if-roa-prod-text-1 has-navy-color has-text-color\">Vous pouvez avoir confiance en votre d\u00e9cision de travailler avec l\u2019\u00e9quipe de Rock of Ages. Votre achat comprend du mat\u00e9riel de m\u00e9trologie standard et un certificat d\u2019\u00e9talonnage identifiable du National Institute of Standards and Technology (NIST). De plus, nos plaques \u00e0 dresser respectent ou d\u00e9passent les normes de la sp\u00e9cification f\u00e9d\u00e9rale GGG-P-463c.<\/p>\n<\/div><\/div>\n\n\n\n<div style=\"height:160px\" aria-hidden=\"true\" class=\"wp-block-spacer md-spacer-7vh\"><\/div>\n\n\n\n<p><\/p>\n<\/div><\/div>\n\n\n\n<div class=\"wp-block-group group-no-padding is-layout-flow wp-block-group-is-layout-flow\"><div class=\"wp-block-group__inner-container\">\n<div style=\"height:60px\" aria-hidden=\"true\" class=\"wp-block-spacer sm-15-high\"><\/div>\n\n\n\n<p class=\"has-text-align-center is-style-ibf-roa-copper-heading has-navy-color has-text-color\"><strong><strong>La loyaut\u00e9 nous tient \u00e0 c\u0153ur. Nous savons que votre projet est de nature d\u00e9licate et nous vous promettons que vos renseignements demeureront toujours confidentiels.<\/strong><\/strong><\/p>\n\n\n\n<div style=\"height:60px\" aria-hidden=\"true\" class=\"wp-block-spacer sm-15-high\"><\/div>\n<\/div><\/div>\n\n\n\n<div class=\"wp-block-group alignfull group-no-padding has-grey-vlt-background-color has-background is-layout-flow wp-block-group-is-layout-flow\"><div class=\"wp-block-group__inner-container\">\n<div style=\"height:160px\" aria-hidden=\"true\" class=\"wp-block-spacer md-spacer-5vh\"><\/div>\n\n\n\n<div class=\"wp-block-media-text alignwide has-media-on-the-right is-stacked-on-mobile is-style-default margin-right-0 creative-process-media-right\"><figure class=\"wp-block-media-text__media\"><img loading=\"lazy\" decoding=\"async\" width=\"846\" height=\"570\" src=\"https:\/\/rockofages.com\/wp-content\/uploads\/2022\/01\/Precision3@1x.jpg\" alt=\"\" class=\"wp-image-9391 size-full\" srcset=\"https:\/\/rockofages.com\/wp-content\/uploads\/2022\/01\/Precision3@1x.jpg 846w, https:\/\/rockofages.com\/wp-content\/uploads\/2022\/01\/Precision3@1x-300x202.jpg 300w, https:\/\/rockofages.com\/wp-content\/uploads\/2022\/01\/Precision3@1x-768x517.jpg 768w\" sizes=\"auto, (max-width: 846px) 100vw, 846px\" \/><\/figure><div class=\"wp-block-media-text__content\">\n<h2 class=\"is-style-if-roa-prod-head-1 has-navy-color has-text-color wp-block-heading\" id=\"centre-des-artisanset-etablissement-de-production\">Centre des artisans<br>et \u00e9tablissement de production<\/h2>\n\n\n\n<p class=\"is-style-if-roa-prod-text-1 has-navy-color has-text-color\">Notre \u00e9tablissement de production de produits de granite de pr\u00e9cision s\u2019\u00e9tend sur plus de 60&nbsp;000&nbsp;pi2 et comprend deux zones \u00e0 r\u00e9gulation de la temp\u00e9rature ind\u00e9pendante. Cet espace nous permet de faire la d\u00e9monstration de nos capacit\u00e9s, comme celles de produire des formes d\u00e9licates avec une pr\u00e9cision submicronique et de r\u00e9aliser des formes structurales complexes gr\u00e2ce \u00e0 notre \u00e9quipement de pointe, contr\u00f4l\u00e9 par ordinateur. Sur place, nous pouvons fabriquer tant des produits de petite taille que des produits pouvant mesurer jusqu\u2019\u00e0 50&nbsp;pi et peser jusqu\u2019\u00e0 200&nbsp;tonnes.<\/p>\n<\/div><\/div>\n\n\n\n<div style=\"height:160px\" aria-hidden=\"true\" class=\"wp-block-spacer md-spacer-5vh\"><\/div>\n<\/div><\/div>\n","protected":false},"excerpt":{"rendered":"<p>Produits de pr\u00e9cision Une \u00e9quipe compos\u00e9e d\u2019experts Depuis&nbsp;1965, Rock&nbsp;of&nbsp;Ages fabrique des produits de granite de pr\u00e9cision de la plus grande qualit\u00e9. Nous sommes donc l\u2019un des plus anciens fabricants de notre secteur aux \u00c9tats-Unis, voire dans le monde entier. Lorsqu\u2019elle est combin\u00e9e, l\u2019exp\u00e9rience de notre personnel \u00e9quivaut \u00e0 plusieurs centaines d\u2019ann\u00e9es. Notre \u00e9quipe travaille \u00e9galement [&hellip;]<\/p>\n","protected":false},"author":2,"featured_media":0,"parent":0,"menu_order":0,"comment_status":"closed","ping_status":"closed","template":"","meta":{"_acf_changed":false,"_editorskit_title_hidden":false,"_editorskit_reading_time":0,"_editorskit_is_block_options_detached":false,"_editorskit_block_options_position":"{}","content-type":"","_uag_custom_page_level_css":"","site-sidebar-layout":"default","site-content-layout":"","ast-site-content-layout":"default","site-content-style":"default","site-sidebar-style":"default","ast-global-header-display":"","ast-banner-title-visibility":"","ast-main-header-display":"","ast-hfb-above-header-display":"","ast-hfb-below-header-display":"","ast-hfb-mobile-header-display":"","site-post-title":"","ast-breadcrumbs-content":"","ast-featured-img":"","footer-sml-layout":"","ast-disable-related-posts":"","theme-transparent-header-meta":"","adv-header-id-meta":"","stick-header-meta":"","header-above-stick-meta":"","header-main-stick-meta":"","header-below-stick-meta":"","astra-migrate-meta-layouts":"default","ast-page-background-enabled":"default","ast-page-background-meta":{"desktop":{"background-color":"var(--ast-global-color-4)","background-image":"","background-repeat":"repeat","background-position":"center center","background-size":"auto","background-attachment":"scroll","background-type":"","background-media":"","overlay-type":"","overlay-color":"","overlay-opacity":"","overlay-gradient":""},"tablet":{"background-color":"","background-image":"","background-repeat":"repeat","background-position":"center center","background-size":"auto","background-attachment":"scroll","background-type":"","background-media":"","overlay-type":"","overlay-color":"","overlay-opacity":"","overlay-gradient":""},"mobile":{"background-color":"","background-image":"","background-repeat":"repeat","background-position":"center center","background-size":"auto","background-attachment":"scroll","background-type":"","background-media":"","overlay-type":"","overlay-color":"","overlay-opacity":"","overlay-gradient":""}},"ast-content-background-meta":{"desktop":{"background-color":"var(--ast-global-color-5)","background-image":"","background-repeat":"repeat","background-position":"center center","background-size":"auto","background-attachment":"scroll","background-type":"","background-media":"","overlay-type":"","overlay-color":"","overlay-opacity":"","overlay-gradient":""},"tablet":{"background-color":"var(--ast-global-color-5)","background-image":"","background-repeat":"repeat","background-position":"center center","background-size":"auto","background-attachment":"scroll","background-type":"","background-media":"","overlay-type":"","overlay-color":"","overlay-opacity":"","overlay-gradient":""},"mobile":{"background-color":"var(--ast-global-color-5)","background-image":"","background-repeat":"repeat","background-position":"center center","background-size":"auto","background-attachment":"scroll","background-type":"","background-media":"","overlay-type":"","overlay-color":"","overlay-opacity":"","overlay-gradient":""}},"footnotes":""},"class_list":["post-7432","page","type-page","status-publish","hentry"],"acf":[],"yoast_head":"<!-- This site is optimized with the Yoast SEO plugin v27.2 - https:\/\/yoast.com\/product\/yoast-seo-wordpress\/ -->\n<title>Des produits de pr\u00e9cision - Rock of Ages | Handcrafted monuments<\/title>\n<meta name=\"robots\" content=\"index, follow, max-snippet:-1, max-image-preview:large, max-video-preview:-1\" \/>\n<link rel=\"canonical\" href=\"https:\/\/rockofages.com\/fr\/produits-precision\/\" \/>\n<meta property=\"og:locale\" content=\"fr_FR\" \/>\n<meta property=\"og:type\" content=\"article\" \/>\n<meta property=\"og:title\" content=\"Des produits de pr\u00e9cision - Rock of Ages | Handcrafted monuments\" \/>\n<meta property=\"og:description\" content=\"Produits de pr\u00e9cision Une \u00e9quipe compos\u00e9e d\u2019experts Depuis&nbsp;1965, Rock&nbsp;of&nbsp;Ages fabrique des produits de granite de pr\u00e9cision de la plus grande qualit\u00e9. Nous sommes donc l\u2019un des plus anciens fabricants de notre secteur aux \u00c9tats-Unis, voire dans le monde entier. Lorsqu\u2019elle est combin\u00e9e, l\u2019exp\u00e9rience de notre personnel \u00e9quivaut \u00e0 plusieurs centaines d\u2019ann\u00e9es. Notre \u00e9quipe travaille \u00e9galement [&hellip;]\" \/>\n<meta property=\"og:url\" content=\"https:\/\/rockofages.com\/fr\/produits-precision\/\" \/>\n<meta property=\"og:site_name\" content=\"Rock of Ages | Handcrafted monuments\" \/>\n<meta property=\"article:modified_time\" content=\"2022-02-19T02:13:36+00:00\" \/>\n<meta property=\"og:image\" content=\"https:\/\/rockofages.com\/wp-content\/uploads\/2022\/01\/Precision1@1x.jpg\" \/>\n<meta name=\"twitter:card\" content=\"summary_large_image\" \/>\n<meta name=\"twitter:label1\" content=\"Dur\u00e9e de lecture estim\u00e9e\" \/>\n\t<meta name=\"twitter:data1\" content=\"2 minutes\" \/>\n<script type=\"application\/ld+json\" class=\"yoast-schema-graph\">{\"@context\":\"https:\/\/schema.org\",\"@graph\":[{\"@type\":\"WebPage\",\"@id\":\"https:\/\/rockofages.com\/fr\/produits-precision\/\",\"url\":\"https:\/\/rockofages.com\/fr\/produits-precision\/\",\"name\":\"Des produits de pr\u00e9cision - Rock of Ages | Handcrafted monuments\",\"isPartOf\":{\"@id\":\"https:\/\/rockofages.com\/fr\/#website\"},\"primaryImageOfPage\":{\"@id\":\"https:\/\/rockofages.com\/fr\/produits-precision\/#primaryimage\"},\"image\":{\"@id\":\"https:\/\/rockofages.com\/fr\/produits-precision\/#primaryimage\"},\"thumbnailUrl\":\"https:\/\/rockofages.com\/wp-content\/uploads\/2022\/01\/Precision1@1x.jpg\",\"datePublished\":\"2021-12-29T23:55:18+00:00\",\"dateModified\":\"2022-02-19T02:13:36+00:00\",\"breadcrumb\":{\"@id\":\"https:\/\/rockofages.com\/fr\/produits-precision\/#breadcrumb\"},\"inLanguage\":\"fr-FR\",\"potentialAction\":[{\"@type\":\"ReadAction\",\"target\":[\"https:\/\/rockofages.com\/fr\/produits-precision\/\"]}]},{\"@type\":\"ImageObject\",\"inLanguage\":\"fr-FR\",\"@id\":\"https:\/\/rockofages.com\/fr\/produits-precision\/#primaryimage\",\"url\":\"https:\/\/rockofages.com\/wp-content\/uploads\/2022\/01\/Precision1@1x.jpg\",\"contentUrl\":\"https:\/\/rockofages.com\/wp-content\/uploads\/2022\/01\/Precision1@1x.jpg\"},{\"@type\":\"BreadcrumbList\",\"@id\":\"https:\/\/rockofages.com\/fr\/produits-precision\/#breadcrumb\",\"itemListElement\":[{\"@type\":\"ListItem\",\"position\":1,\"name\":\"Home\",\"item\":\"https:\/\/rockofages.com\/fr\/\"},{\"@type\":\"ListItem\",\"position\":2,\"name\":\"Des produits de pr\u00e9cision\"}]},{\"@type\":\"WebSite\",\"@id\":\"https:\/\/rockofages.com\/fr\/#website\",\"url\":\"https:\/\/rockofages.com\/fr\/\",\"name\":\"Rock of Ages | Handcrafted monuments\",\"description\":\"\",\"publisher\":{\"@id\":\"https:\/\/rockofages.com\/fr\/#organization\"},\"potentialAction\":[{\"@type\":\"SearchAction\",\"target\":{\"@type\":\"EntryPoint\",\"urlTemplate\":\"https:\/\/rockofages.com\/fr\/?s={search_term_string}\"},\"query-input\":{\"@type\":\"PropertyValueSpecification\",\"valueRequired\":true,\"valueName\":\"search_term_string\"}}],\"inLanguage\":\"fr-FR\"},{\"@type\":\"Organization\",\"@id\":\"https:\/\/rockofages.com\/fr\/#organization\",\"name\":\"Rock of Ages | Handcrafted monuments\",\"url\":\"https:\/\/rockofages.com\/fr\/\",\"logo\":{\"@type\":\"ImageObject\",\"inLanguage\":\"fr-FR\",\"@id\":\"https:\/\/rockofages.com\/fr\/#\/schema\/logo\/image\/\",\"url\":\"https:\/\/rockofages.com\/wp-content\/uploads\/2021\/12\/roa-logo.svg\",\"contentUrl\":\"https:\/\/rockofages.com\/wp-content\/uploads\/2021\/12\/roa-logo.svg\",\"caption\":\"Rock of Ages | Handcrafted monuments\"},\"image\":{\"@id\":\"https:\/\/rockofages.com\/fr\/#\/schema\/logo\/image\/\"}}]}<\/script>\n<!-- \/ Yoast SEO plugin. -->","yoast_head_json":{"title":"Des produits de pr\u00e9cision - Rock of Ages | Handcrafted monuments","robots":{"index":"index","follow":"follow","max-snippet":"max-snippet:-1","max-image-preview":"max-image-preview:large","max-video-preview":"max-video-preview:-1"},"canonical":"https:\/\/rockofages.com\/fr\/produits-precision\/","og_locale":"fr_FR","og_type":"article","og_title":"Des produits de pr\u00e9cision - Rock of Ages | Handcrafted monuments","og_description":"Produits de pr\u00e9cision Une \u00e9quipe compos\u00e9e d\u2019experts Depuis&nbsp;1965, Rock&nbsp;of&nbsp;Ages fabrique des produits de granite de pr\u00e9cision de la plus grande qualit\u00e9. Nous sommes donc l\u2019un des plus anciens fabricants de notre secteur aux \u00c9tats-Unis, voire dans le monde entier. Lorsqu\u2019elle est combin\u00e9e, l\u2019exp\u00e9rience de notre personnel \u00e9quivaut \u00e0 plusieurs centaines d\u2019ann\u00e9es. Notre \u00e9quipe travaille \u00e9galement [&hellip;]","og_url":"https:\/\/rockofages.com\/fr\/produits-precision\/","og_site_name":"Rock of Ages | Handcrafted monuments","article_modified_time":"2022-02-19T02:13:36+00:00","og_image":[{"url":"https:\/\/rockofages.com\/wp-content\/uploads\/2022\/01\/Precision1@1x.jpg","type":"","width":"","height":""}],"twitter_card":"summary_large_image","twitter_misc":{"Dur\u00e9e de lecture estim\u00e9e":"2 minutes"},"schema":{"@context":"https:\/\/schema.org","@graph":[{"@type":"WebPage","@id":"https:\/\/rockofages.com\/fr\/produits-precision\/","url":"https:\/\/rockofages.com\/fr\/produits-precision\/","name":"Des produits de pr\u00e9cision - Rock of Ages | Handcrafted monuments","isPartOf":{"@id":"https:\/\/rockofages.com\/fr\/#website"},"primaryImageOfPage":{"@id":"https:\/\/rockofages.com\/fr\/produits-precision\/#primaryimage"},"image":{"@id":"https:\/\/rockofages.com\/fr\/produits-precision\/#primaryimage"},"thumbnailUrl":"https:\/\/rockofages.com\/wp-content\/uploads\/2022\/01\/Precision1@1x.jpg","datePublished":"2021-12-29T23:55:18+00:00","dateModified":"2022-02-19T02:13:36+00:00","breadcrumb":{"@id":"https:\/\/rockofages.com\/fr\/produits-precision\/#breadcrumb"},"inLanguage":"fr-FR","potentialAction":[{"@type":"ReadAction","target":["https:\/\/rockofages.com\/fr\/produits-precision\/"]}]},{"@type":"ImageObject","inLanguage":"fr-FR","@id":"https:\/\/rockofages.com\/fr\/produits-precision\/#primaryimage","url":"https:\/\/rockofages.com\/wp-content\/uploads\/2022\/01\/Precision1@1x.jpg","contentUrl":"https:\/\/rockofages.com\/wp-content\/uploads\/2022\/01\/Precision1@1x.jpg"},{"@type":"BreadcrumbList","@id":"https:\/\/rockofages.com\/fr\/produits-precision\/#breadcrumb","itemListElement":[{"@type":"ListItem","position":1,"name":"Home","item":"https:\/\/rockofages.com\/fr\/"},{"@type":"ListItem","position":2,"name":"Des produits de pr\u00e9cision"}]},{"@type":"WebSite","@id":"https:\/\/rockofages.com\/fr\/#website","url":"https:\/\/rockofages.com\/fr\/","name":"Rock of Ages | Handcrafted monuments","description":"","publisher":{"@id":"https:\/\/rockofages.com\/fr\/#organization"},"potentialAction":[{"@type":"SearchAction","target":{"@type":"EntryPoint","urlTemplate":"https:\/\/rockofages.com\/fr\/?s={search_term_string}"},"query-input":{"@type":"PropertyValueSpecification","valueRequired":true,"valueName":"search_term_string"}}],"inLanguage":"fr-FR"},{"@type":"Organization","@id":"https:\/\/rockofages.com\/fr\/#organization","name":"Rock of Ages | Handcrafted monuments","url":"https:\/\/rockofages.com\/fr\/","logo":{"@type":"ImageObject","inLanguage":"fr-FR","@id":"https:\/\/rockofages.com\/fr\/#\/schema\/logo\/image\/","url":"https:\/\/rockofages.com\/wp-content\/uploads\/2021\/12\/roa-logo.svg","contentUrl":"https:\/\/rockofages.com\/wp-content\/uploads\/2021\/12\/roa-logo.svg","caption":"Rock of Ages | Handcrafted monuments"},"image":{"@id":"https:\/\/rockofages.com\/fr\/#\/schema\/logo\/image\/"}}]}},"uagb_featured_image_src":{"full":false,"thumbnail":false,"medium":false,"medium_large":false,"large":false,"1536x1536":false,"2048x2048":false,"thumbnail-gallery":false},"uagb_author_info":{"display_name":"Nathan Boole (Inbound Found)","author_link":"https:\/\/rockofages.com\/fr\/author\/nboole\/"},"uagb_comment_info":0,"uagb_excerpt":"Produits de pr\u00e9cision Une \u00e9quipe compos\u00e9e d\u2019experts Depuis&nbsp;1965, Rock&nbsp;of&nbsp;Ages fabrique des produits de granite de pr\u00e9cision de la plus grande qualit\u00e9. Nous sommes donc l\u2019un des plus anciens fabricants de notre secteur aux \u00c9tats-Unis, voire dans le monde entier. Lorsqu\u2019elle est combin\u00e9e, l\u2019exp\u00e9rience de notre personnel \u00e9quivaut \u00e0 plusieurs centaines d\u2019ann\u00e9es. Notre \u00e9quipe travaille \u00e9galement\u2026","_links":{"self":[{"href":"https:\/\/rockofages.com\/fr\/wp-json\/wp\/v2\/pages\/7432","targetHints":{"allow":["GET"]}}],"collection":[{"href":"https:\/\/rockofages.com\/fr\/wp-json\/wp\/v2\/pages"}],"about":[{"href":"https:\/\/rockofages.com\/fr\/wp-json\/wp\/v2\/types\/page"}],"author":[{"embeddable":true,"href":"https:\/\/rockofages.com\/fr\/wp-json\/wp\/v2\/users\/2"}],"replies":[{"embeddable":true,"href":"https:\/\/rockofages.com\/fr\/wp-json\/wp\/v2\/comments?post=7432"}],"version-history":[{"count":10,"href":"https:\/\/rockofages.com\/fr\/wp-json\/wp\/v2\/pages\/7432\/revisions"}],"predecessor-version":[{"id":10641,"href":"https:\/\/rockofages.com\/fr\/wp-json\/wp\/v2\/pages\/7432\/revisions\/10641"}],"wp:attachment":[{"href":"https:\/\/rockofages.com\/fr\/wp-json\/wp\/v2\/media?parent=7432"}],"curies":[{"name":"wp","href":"https:\/\/api.w.org\/{rel}","templated":true}]}}