{"id":10581,"date":"2022-02-16T23:12:59","date_gmt":"2022-02-16T23:12:59","guid":{"rendered":"https:\/\/dev2.rockofages.com\/?page_id=10581"},"modified":"2022-02-25T21:21:07","modified_gmt":"2022-02-25T21:21:07","slug":"contactez-nous","status":"publish","type":"page","link":"https:\/\/rockofages.com\/fr\/contactez-nous\/","title":{"rendered":"Contactez-nous"},"content":{"rendered":"\n<div class=\"wp-block-group alignfull has-white-background-color has-background is-layout-flow wp-block-group-is-layout-flow\"><div class=\"wp-block-group__inner-container\">\n<h2 class=\"has-text-align-center is-style-if-roa-feat-heading-2 has-large-font-size wp-block-heading\" id=\"nous-couvrons-le-canada-d-un-ocean-a-l-autre\">Nous couvrons le Canada <br>d\u2019un oc\u00e9an \u00e0 l\u2019autre.<\/h2>\n\n\n\n<p class=\"has-text-align-center is-style-if-roa-prod-text-1\">Veuillez nous contacter et nous serons <br>heureux de vous r\u00e9f\u00e9rer \u00e0 un d\u00e9taillant.<\/p>\n<\/div><\/div>\n\n\n\n\t\t\t\t\t\t<script>\n\t\t\t\t\t\t\twindow.hsFormsOnReady = window.hsFormsOnReady || [];\n\t\t\t\t\t\t\twindow.hsFormsOnReady.push(()=>{\n\t\t\t\t\t\t\t\thbspt.forms.create({\n\t\t\t\t\t\t\t\t\tportalId: 401758,\n\t\t\t\t\t\t\t\t\tformId: \"6b0766fe-fc91-4906-89aa-fc498fb7dcfe\",\n\t\t\t\t\t\t\t\t\ttarget: \"#hbspt-form-1775316136000-2421656249\",\n\t\t\t\t\t\t\t\t\tregion: \"na1\",\n\t\t\t\t\t\t\t\t\t\n\t\t\t\t\t\t\t})});\n\t\t\t\t\t\t<\/script>\n\t\t\t\t\t\t<div class=\"hbspt-form\" id=\"hbspt-form-1775316136000-2421656249\"><\/div>\n\n\n\n<div style=\"height:100px\" aria-hidden=\"true\" class=\"wp-block-spacer\"><\/div>\n\n\n\n<div class=\"wp-block-cover alignfull is-light has-custom-content-position is-position-center-right editorskit-no-mobile\" style=\"min-height:800px;aspect-ratio:unset;\"><span aria-hidden=\"true\" class=\"has-background-dim-0 wp-block-cover__gradient-background has-background-dim\"><\/span><img loading=\"lazy\" decoding=\"async\" width=\"2327\" height=\"886\" class=\"wp-block-cover__image-background wp-image-772\" alt=\"\" src=\"https:\/\/rockofages.com\/wp-content\/uploads\/2021\/12\/map@1x.jpg\" data-object-fit=\"cover\" srcset=\"https:\/\/rockofages.com\/wp-content\/uploads\/2021\/12\/map@1x.jpg 2327w, https:\/\/rockofages.com\/wp-content\/uploads\/2021\/12\/map@1x-300x114.jpg 300w, https:\/\/rockofages.com\/wp-content\/uploads\/2021\/12\/map@1x-1024x390.jpg 1024w, https:\/\/rockofages.com\/wp-content\/uploads\/2021\/12\/map@1x-768x292.jpg 768w, https:\/\/rockofages.com\/wp-content\/uploads\/2021\/12\/map@1x-1536x585.jpg 1536w, https:\/\/rockofages.com\/wp-content\/uploads\/2021\/12\/map@1x-2048x780.jpg 2048w\" sizes=\"auto, (max-width: 2327px) 100vw, 2327px\" \/><div class=\"wp-block-cover__inner-container is-layout-flow wp-block-cover-is-layout-flow\">\n<div id=\"map-address-d\" class=\"wp-block-group has-ek-typography has-white-background-color has-background editorskit-no-tablet editorskit-no-mobile is-layout-flow wp-block-group-is-layout-flow\"><div class=\"wp-block-group__inner-container\">\n<h2 class=\"has-text-align-center is-style-if-roa-feat-heading-2 has-navy-color has-text-color wp-block-heading\" id=\"rock-of-ages\">Rock of Ages<\/h2>\n\n\n\n<div style=\"height:24px\" aria-hidden=\"true\" class=\"wp-block-spacer\"><\/div>\n\n\n\n<p class=\"has-text-align-center is-style-default has-navy-color has-text-color\">4 Rue Rock Of Ages, Stanstead, QC J0B 3E2, Canada<\/p>\n\n\n\n<div style=\"height:18px\" aria-hidden=\"true\" class=\"wp-block-spacer\"><\/div>\n\n\n\n<p class=\"has-text-align-center is-style-default has-navy-color has-text-color\"><a href=\"tel:18198762745\">T. +1 819-876-2745<\/a><\/p>\n\n\n\n<div class=\"wp-block-buttons is-horizontal is-content-justification-center is-layout-flex wp-container-core-buttons-is-layout-03627597 wp-block-buttons-is-layout-flex\">\n<div class=\"wp-block-button\"><a class=\"wp-block-button__link\" href=\"https:\/\/www.google.co.jp\/maps\/place\/Rock+of+Ages+Visitors+Center\/@44.1559871,-72.4950654,17z\/data=!3m1!4b1!4m5!3m4!1s0x4cb503e8c8f9afeb:0x9133ab28476591b3!8m2!3d44.1559833!4d-72.4928714\" target=\"_blank\" rel=\"noreferrer noopener\">DIRECTIONS<\/a><\/div>\n<\/div>\n<\/div><\/div>\n<\/div><\/div>\n\n\n\n<div style=\"height:56px\" aria-hidden=\"true\" class=\"wp-block-spacer editorskit-no-desktop editorskit-no-tablet\"><\/div>\n\n\n\n<div class=\"wp-block-cover alignfull is-light editorskit-no-desktop editorskit-no-tablet\"><span aria-hidden=\"true\" class=\"has-background-dim-0 wp-block-cover__gradient-background has-background-dim\"><\/span><img loading=\"lazy\" decoding=\"async\" width=\"320\" height=\"420\" class=\"wp-block-cover__image-background wp-image-849\" alt=\"\" src=\"https:\/\/rockofages.com\/wp-content\/uploads\/2021\/12\/map-mobile@1x.png\" data-object-fit=\"cover\" srcset=\"https:\/\/rockofages.com\/wp-content\/uploads\/2021\/12\/map-mobile@1x.png 320w, https:\/\/rockofages.com\/wp-content\/uploads\/2021\/12\/map-mobile@1x-229x300.png 229w\" sizes=\"auto, (max-width: 320px) 100vw, 320px\" \/><div class=\"wp-block-cover__inner-container is-layout-flow wp-block-cover-is-layout-flow\">\n<p class=\"has-text-align-center has-large-font-size\"><\/p>\n<\/div><\/div>\n\n\n\n<div class=\"wp-block-cover is-light editorskit-no-desktop editorskit-no-tablet\" id=\"map-address-m\"><span aria-hidden=\"true\" class=\"has-white-background-color has-background-dim-100 wp-block-cover__gradient-background has-background-dim\"><\/span><div class=\"wp-block-cover__inner-container is-layout-flow wp-block-cover-is-layout-flow\">\n<h2 class=\"has-text-align-center is-style-if-roa-feat-heading-2 has-navy-color has-text-color wp-block-heading\" id=\"rock-of-ages\">Rock of Ages<\/h2>\n\n\n\n<div style=\"height:24px\" aria-hidden=\"true\" class=\"wp-block-spacer\"><\/div>\n\n\n\n<p class=\"has-text-align-center is-style-default has-navy-color has-text-color\">4 Rue Rock Of Ages, Stanstead, QC J0B 3E2, Canada<\/p>\n\n\n\n<div style=\"height:18px\" aria-hidden=\"true\" class=\"wp-block-spacer\"><\/div>\n\n\n\n<p class=\"has-text-align-center is-style-default has-navy-color has-text-color\"><a href=\"tel:18198762745\">T. +1 819-876-2745<\/a><\/p>\n\n\n\n<div class=\"wp-block-buttons is-horizontal is-content-justification-center is-layout-flex wp-container-core-buttons-is-layout-03627597 wp-block-buttons-is-layout-flex\">\n<div class=\"wp-block-button\"><a class=\"wp-block-button__link\" href=\"https:\/\/www.google.co.jp\/maps\/place\/Rock+of+Ages+Visitors+Center\/@44.1559871,-72.4950654,17z\/data=!3m1!4b1!4m5!3m4!1s0x4cb503e8c8f9afeb:0x9133ab28476591b3!8m2!3d44.1559833!4d-72.4928714\" target=\"_blank\" rel=\"noreferrer noopener\">DIRECTIONS<\/a><\/div>\n<\/div>\n<\/div><\/div>\n","protected":false},"excerpt":{"rendered":"<p>Nous couvrons le Canada d\u2019un oc\u00e9an \u00e0 l\u2019autre. Veuillez nous contacter et nous serons heureux de vous r\u00e9f\u00e9rer \u00e0 un d\u00e9taillant.<\/p>\n","protected":false},"author":2,"featured_media":0,"parent":0,"menu_order":0,"comment_status":"closed","ping_status":"closed","template":"","meta":{"_acf_changed":false,"_editorskit_title_hidden":false,"_editorskit_reading_time":1,"_editorskit_is_block_options_detached":false,"_editorskit_block_options_position":"{}","content-type":"","_uag_custom_page_level_css":"","site-sidebar-layout":"default","site-content-layout":"","ast-site-content-layout":"default","site-content-style":"default","site-sidebar-style":"default","ast-global-header-display":"","ast-banner-title-visibility":"","ast-main-header-display":"","ast-hfb-above-header-display":"","ast-hfb-below-header-display":"","ast-hfb-mobile-header-display":"","site-post-title":"","ast-breadcrumbs-content":"","ast-featured-img":"","footer-sml-layout":"","ast-disable-related-posts":"","theme-transparent-header-meta":"","adv-header-id-meta":"","stick-header-meta":"","header-above-stick-meta":"","header-main-stick-meta":"","header-below-stick-meta":"","astra-migrate-meta-layouts":"default","ast-page-background-enabled":"default","ast-page-background-meta":{"desktop":{"background-color":"var(--ast-global-color-4)","background-image":"","background-repeat":"repeat","background-position":"center center","background-size":"auto","background-attachment":"scroll","background-type":"","background-media":"","overlay-type":"","overlay-color":"","overlay-opacity":"","overlay-gradient":""},"tablet":{"background-color":"","background-image":"","background-repeat":"repeat","background-position":"center center","background-size":"auto","background-attachment":"scroll","background-type":"","background-media":"","overlay-type":"","overlay-color":"","overlay-opacity":"","overlay-gradient":""},"mobile":{"background-color":"","background-image":"","background-repeat":"repeat","background-position":"center center","background-size":"auto","background-attachment":"scroll","background-type":"","background-media":"","overlay-type":"","overlay-color":"","overlay-opacity":"","overlay-gradient":""}},"ast-content-background-meta":{"desktop":{"background-color":"var(--ast-global-color-5)","background-image":"","background-repeat":"repeat","background-position":"center center","background-size":"auto","background-attachment":"scroll","background-type":"","background-media":"","overlay-type":"","overlay-color":"","overlay-opacity":"","overlay-gradient":""},"tablet":{"background-color":"var(--ast-global-color-5)","background-image":"","background-repeat":"repeat","background-position":"center center","background-size":"auto","background-attachment":"scroll","background-type":"","background-media":"","overlay-type":"","overlay-color":"","overlay-opacity":"","overlay-gradient":""},"mobile":{"background-color":"var(--ast-global-color-5)","background-image":"","background-repeat":"repeat","background-position":"center center","background-size":"auto","background-attachment":"scroll","background-type":"","background-media":"","overlay-type":"","overlay-color":"","overlay-opacity":"","overlay-gradient":""}},"footnotes":""},"class_list":["post-10581","page","type-page","status-publish","hentry"],"acf":[],"yoast_head":"<!-- This site is optimized with the Yoast SEO plugin v27.2 - https:\/\/yoast.com\/product\/yoast-seo-wordpress\/ -->\n<title>Contactez-nous - Rock of Ages | Handcrafted monuments<\/title>\n<meta name=\"robots\" content=\"index, follow, max-snippet:-1, max-image-preview:large, max-video-preview:-1\" \/>\n<link rel=\"canonical\" href=\"https:\/\/rockofages.com\/fr\/contactez-nous\/\" \/>\n<meta property=\"og:locale\" content=\"fr_FR\" \/>\n<meta property=\"og:type\" content=\"article\" \/>\n<meta property=\"og:title\" content=\"Contactez-nous - Rock of Ages | Handcrafted monuments\" \/>\n<meta property=\"og:description\" content=\"Nous couvrons le Canada d\u2019un oc\u00e9an \u00e0 l\u2019autre. Veuillez nous contacter et nous serons heureux de vous r\u00e9f\u00e9rer \u00e0 un d\u00e9taillant.\" \/>\n<meta property=\"og:url\" content=\"https:\/\/rockofages.com\/fr\/contactez-nous\/\" \/>\n<meta property=\"og:site_name\" content=\"Rock of Ages | Handcrafted monuments\" \/>\n<meta property=\"article:modified_time\" content=\"2022-02-25T21:21:07+00:00\" \/>\n<meta property=\"og:image\" content=\"https:\/\/rockofages.com\/wp-content\/uploads\/2021\/12\/map@1x.jpg\" \/>\n<meta name=\"twitter:card\" content=\"summary_large_image\" \/>\n<meta name=\"twitter:label1\" content=\"Dur\u00e9e de lecture estim\u00e9e\" \/>\n\t<meta name=\"twitter:data1\" content=\"1 minute\" \/>\n<script type=\"application\/ld+json\" class=\"yoast-schema-graph\">{\"@context\":\"https:\/\/schema.org\",\"@graph\":[{\"@type\":\"WebPage\",\"@id\":\"https:\/\/rockofages.com\/fr\/contactez-nous\/\",\"url\":\"https:\/\/rockofages.com\/fr\/contactez-nous\/\",\"name\":\"Contactez-nous - Rock of Ages | Handcrafted monuments\",\"isPartOf\":{\"@id\":\"https:\/\/rockofages.com\/fr\/#website\"},\"primaryImageOfPage\":{\"@id\":\"https:\/\/rockofages.com\/fr\/contactez-nous\/#primaryimage\"},\"image\":{\"@id\":\"https:\/\/rockofages.com\/fr\/contactez-nous\/#primaryimage\"},\"thumbnailUrl\":\"https:\/\/rockofages.com\/wp-content\/uploads\/2021\/12\/map@1x.jpg\",\"datePublished\":\"2022-02-16T23:12:59+00:00\",\"dateModified\":\"2022-02-25T21:21:07+00:00\",\"breadcrumb\":{\"@id\":\"https:\/\/rockofages.com\/fr\/contactez-nous\/#breadcrumb\"},\"inLanguage\":\"fr-FR\",\"potentialAction\":[{\"@type\":\"ReadAction\",\"target\":[\"https:\/\/rockofages.com\/fr\/contactez-nous\/\"]}]},{\"@type\":\"ImageObject\",\"inLanguage\":\"fr-FR\",\"@id\":\"https:\/\/rockofages.com\/fr\/contactez-nous\/#primaryimage\",\"url\":\"https:\/\/rockofages.com\/wp-content\/uploads\/2021\/12\/map@1x.jpg\",\"contentUrl\":\"https:\/\/rockofages.com\/wp-content\/uploads\/2021\/12\/map@1x.jpg\"},{\"@type\":\"BreadcrumbList\",\"@id\":\"https:\/\/rockofages.com\/fr\/contactez-nous\/#breadcrumb\",\"itemListElement\":[{\"@type\":\"ListItem\",\"position\":1,\"name\":\"Home\",\"item\":\"https:\/\/rockofages.com\/fr\/\"},{\"@type\":\"ListItem\",\"position\":2,\"name\":\"Contactez-nous\"}]},{\"@type\":\"WebSite\",\"@id\":\"https:\/\/rockofages.com\/fr\/#website\",\"url\":\"https:\/\/rockofages.com\/fr\/\",\"name\":\"Rock of Ages | Handcrafted monuments\",\"description\":\"\",\"publisher\":{\"@id\":\"https:\/\/rockofages.com\/fr\/#organization\"},\"potentialAction\":[{\"@type\":\"SearchAction\",\"target\":{\"@type\":\"EntryPoint\",\"urlTemplate\":\"https:\/\/rockofages.com\/fr\/?s={search_term_string}\"},\"query-input\":{\"@type\":\"PropertyValueSpecification\",\"valueRequired\":true,\"valueName\":\"search_term_string\"}}],\"inLanguage\":\"fr-FR\"},{\"@type\":\"Organization\",\"@id\":\"https:\/\/rockofages.com\/fr\/#organization\",\"name\":\"Rock of Ages | Handcrafted monuments\",\"url\":\"https:\/\/rockofages.com\/fr\/\",\"logo\":{\"@type\":\"ImageObject\",\"inLanguage\":\"fr-FR\",\"@id\":\"https:\/\/rockofages.com\/fr\/#\/schema\/logo\/image\/\",\"url\":\"https:\/\/rockofages.com\/wp-content\/uploads\/2021\/12\/roa-logo.svg\",\"contentUrl\":\"https:\/\/rockofages.com\/wp-content\/uploads\/2021\/12\/roa-logo.svg\",\"caption\":\"Rock of Ages | Handcrafted monuments\"},\"image\":{\"@id\":\"https:\/\/rockofages.com\/fr\/#\/schema\/logo\/image\/\"}}]}<\/script>\n<!-- \/ Yoast SEO plugin. -->","yoast_head_json":{"title":"Contactez-nous - Rock of Ages | Handcrafted monuments","robots":{"index":"index","follow":"follow","max-snippet":"max-snippet:-1","max-image-preview":"max-image-preview:large","max-video-preview":"max-video-preview:-1"},"canonical":"https:\/\/rockofages.com\/fr\/contactez-nous\/","og_locale":"fr_FR","og_type":"article","og_title":"Contactez-nous - Rock of Ages | Handcrafted monuments","og_description":"Nous couvrons le Canada d\u2019un oc\u00e9an \u00e0 l\u2019autre. Veuillez nous contacter et nous serons heureux de vous r\u00e9f\u00e9rer \u00e0 un d\u00e9taillant.","og_url":"https:\/\/rockofages.com\/fr\/contactez-nous\/","og_site_name":"Rock of Ages | Handcrafted monuments","article_modified_time":"2022-02-25T21:21:07+00:00","og_image":[{"url":"https:\/\/rockofages.com\/wp-content\/uploads\/2021\/12\/map@1x.jpg","type":"","width":"","height":""}],"twitter_card":"summary_large_image","twitter_misc":{"Dur\u00e9e de lecture estim\u00e9e":"1 minute"},"schema":{"@context":"https:\/\/schema.org","@graph":[{"@type":"WebPage","@id":"https:\/\/rockofages.com\/fr\/contactez-nous\/","url":"https:\/\/rockofages.com\/fr\/contactez-nous\/","name":"Contactez-nous - Rock of Ages | Handcrafted monuments","isPartOf":{"@id":"https:\/\/rockofages.com\/fr\/#website"},"primaryImageOfPage":{"@id":"https:\/\/rockofages.com\/fr\/contactez-nous\/#primaryimage"},"image":{"@id":"https:\/\/rockofages.com\/fr\/contactez-nous\/#primaryimage"},"thumbnailUrl":"https:\/\/rockofages.com\/wp-content\/uploads\/2021\/12\/map@1x.jpg","datePublished":"2022-02-16T23:12:59+00:00","dateModified":"2022-02-25T21:21:07+00:00","breadcrumb":{"@id":"https:\/\/rockofages.com\/fr\/contactez-nous\/#breadcrumb"},"inLanguage":"fr-FR","potentialAction":[{"@type":"ReadAction","target":["https:\/\/rockofages.com\/fr\/contactez-nous\/"]}]},{"@type":"ImageObject","inLanguage":"fr-FR","@id":"https:\/\/rockofages.com\/fr\/contactez-nous\/#primaryimage","url":"https:\/\/rockofages.com\/wp-content\/uploads\/2021\/12\/map@1x.jpg","contentUrl":"https:\/\/rockofages.com\/wp-content\/uploads\/2021\/12\/map@1x.jpg"},{"@type":"BreadcrumbList","@id":"https:\/\/rockofages.com\/fr\/contactez-nous\/#breadcrumb","itemListElement":[{"@type":"ListItem","position":1,"name":"Home","item":"https:\/\/rockofages.com\/fr\/"},{"@type":"ListItem","position":2,"name":"Contactez-nous"}]},{"@type":"WebSite","@id":"https:\/\/rockofages.com\/fr\/#website","url":"https:\/\/rockofages.com\/fr\/","name":"Rock of Ages | Handcrafted monuments","description":"","publisher":{"@id":"https:\/\/rockofages.com\/fr\/#organization"},"potentialAction":[{"@type":"SearchAction","target":{"@type":"EntryPoint","urlTemplate":"https:\/\/rockofages.com\/fr\/?s={search_term_string}"},"query-input":{"@type":"PropertyValueSpecification","valueRequired":true,"valueName":"search_term_string"}}],"inLanguage":"fr-FR"},{"@type":"Organization","@id":"https:\/\/rockofages.com\/fr\/#organization","name":"Rock of Ages | Handcrafted monuments","url":"https:\/\/rockofages.com\/fr\/","logo":{"@type":"ImageObject","inLanguage":"fr-FR","@id":"https:\/\/rockofages.com\/fr\/#\/schema\/logo\/image\/","url":"https:\/\/rockofages.com\/wp-content\/uploads\/2021\/12\/roa-logo.svg","contentUrl":"https:\/\/rockofages.com\/wp-content\/uploads\/2021\/12\/roa-logo.svg","caption":"Rock of Ages | Handcrafted monuments"},"image":{"@id":"https:\/\/rockofages.com\/fr\/#\/schema\/logo\/image\/"}}]}},"uagb_featured_image_src":{"full":false,"thumbnail":false,"medium":false,"medium_large":false,"large":false,"1536x1536":false,"2048x2048":false,"thumbnail-gallery":false},"uagb_author_info":{"display_name":"Nathan Boole (Inbound Found)","author_link":"https:\/\/rockofages.com\/fr\/author\/nboole\/"},"uagb_comment_info":0,"uagb_excerpt":"Nous couvrons le Canada d\u2019un oc\u00e9an \u00e0 l\u2019autre. Veuillez nous contacter et nous serons heureux de vous r\u00e9f\u00e9rer \u00e0 un d\u00e9taillant.","_links":{"self":[{"href":"https:\/\/rockofages.com\/fr\/wp-json\/wp\/v2\/pages\/10581","targetHints":{"allow":["GET"]}}],"collection":[{"href":"https:\/\/rockofages.com\/fr\/wp-json\/wp\/v2\/pages"}],"about":[{"href":"https:\/\/rockofages.com\/fr\/wp-json\/wp\/v2\/types\/page"}],"author":[{"embeddable":true,"href":"https:\/\/rockofages.com\/fr\/wp-json\/wp\/v2\/users\/2"}],"replies":[{"embeddable":true,"href":"https:\/\/rockofages.com\/fr\/wp-json\/wp\/v2\/comments?post=10581"}],"version-history":[{"count":1,"href":"https:\/\/rockofages.com\/fr\/wp-json\/wp\/v2\/pages\/10581\/revisions"}],"predecessor-version":[{"id":10582,"href":"https:\/\/rockofages.com\/fr\/wp-json\/wp\/v2\/pages\/10581\/revisions\/10582"}],"wp:attachment":[{"href":"https:\/\/rockofages.com\/fr\/wp-json\/wp\/v2\/media?parent=10581"}],"curies":[{"name":"wp","href":"https:\/\/api.w.org\/{rel}","templated":true}]}}